{"id":44459,"date":"2023-04-19T13:03:21","date_gmt":"2023-04-19T06:03:21","guid":{"rendered":"https:\/\/mouldking.store\/shop\/decool-jisi-52034-flowerart-studio-with-cup-with-200-pieces\/"},"modified":"2023-04-19T13:03:21","modified_gmt":"2023-04-19T06:03:21","slug":"decool-jisi-52034-flowerart-studio-with-cup-with-200-pieces","status":"publish","type":"product","link":"https:\/\/mouldking.store\/hu\/shop\/decool-jisi-52034-flowerart-studio-with-cup-with-200-pieces\/","title":{"rendered":"DECOOL \/ JiSi 52034 FlowerArt Studio with Cup with 200 Pieces"},"content":{"rendered":"<div>\u2705 DECOOL 52034 FlowerArt Studio with Cup<br \/>&nbsp;<br \/>\u2705Flower Art Studio rose transparent pearl version (FlowerArt Studio) belongs to the building block set of the plant series. First release in 2022.<br \/>&nbsp;<br \/>\ud83d\udeab FONTOS!&nbsp;<br \/>&nbsp;<br \/>Product Name: FlowerArt Studio with Cup<br \/>&nbsp;<br \/>Kateg\u00f3ria: Alkot\u00f3&nbsp;<br \/>&nbsp;<br \/>This Kit Contains: DECOOL 52034<br \/>&nbsp;<br \/>200 db j\u00f3 min\u0151s\u00e9g\u0171 t\u00e9gla&nbsp;<br \/>&nbsp;<br \/>Size: 7.6 \u00d7 6.2 \u00d7 28.7 cm<br \/>&nbsp;<br \/>K\u00e9zi utas\u00edt\u00e1sok&nbsp;<br \/>&nbsp;<br \/>\ud83d\udcccA f\u0151szerepl\u0151 term\u00e9szete&nbsp;<br \/>&nbsp;<br \/>Introducing our proud collection named \u201cFlowerArt Studio with Cup\u201d you should not miss.&nbsp;<br \/>&nbsp;<br \/>The set includes a &#8220;rose transparent pearl&#8221; version of the Flower Art Studio, which is likely a special edition or variant of the set.&nbsp; The set includes elements related to plants, flowers, and possibly art or creative expression. Building block sets like this often include a variety of pieces that can be used to construct models of different sizes and designs, allowing builders to exercise their creativity and imagination.<\/div>","protected":false},"excerpt":{"rendered":"<p>M\u00e1rka: DECOOL \/ JiSi<br \/>\nNem: Uniszex<br \/>\nKoroszt\u00e1ly: 8 \u00e9v felett<br \/>\nModel Number: 52034<br \/>\nBesorol\u00e1s: \u00d6sszeszerel\u00e9s<br \/>\nM\u0171anyag blokk forma: \u00f6nz\u00e1r\u00f3 t\u00e9gla<br \/>\nAnyaga: M\u0171anyag<br \/>\nM\u0171anyag t\u00edpus: ABS<br \/>\nT\u00e9gla T\u00e9gla: 200+<br \/>\nEredeti doboza nincs<\/p>","protected":false},"featured_media":44454,"comment_status":"open","ping_status":"closed","template":"","meta":{"_acf_changed":false},"product_cat":[1365,371],"product_tag":[11072,8452,11751,10868,11752],"class_list":["product","first","instock","shipping-taxable","purchasable","product-type-simple"],"acf":[],"_links":{"self":[{"href":"https:\/\/mouldking.store\/hu\/wp-json\/wp\/v2\/product\/44459","targetHints":{"allow":["GET"]}}],"collection":[{"href":"https:\/\/mouldking.store\/hu\/wp-json\/wp\/v2\/product"}],"about":[{"href":"https:\/\/mouldking.store\/hu\/wp-json\/wp\/v2\/types\/product"}],"replies":[{"embeddable":true,"href":"https:\/\/mouldking.store\/hu\/wp-json\/wp\/v2\/comments?post=44459"}],"wp:featuredmedia":[{"embeddable":true,"href":"https:\/\/mouldking.store\/hu\/wp-json\/wp\/v2\/media\/44454"}],"wp:attachment":[{"href":"https:\/\/mouldking.store\/hu\/wp-json\/wp\/v2\/media?parent=44459"}],"wp:term":[{"taxonomy":"product_cat","embeddable":true,"href":"https:\/\/mouldking.store\/hu\/wp-json\/wp\/v2\/product_cat?post=44459"},{"taxonomy":"product_tag","embeddable":true,"href":"https:\/\/mouldking.store\/hu\/wp-json\/wp\/v2\/product_tag?post=44459"}],"curies":[{"name":"wp","href":"https:\/\/api.w.org\/{rel}","templated":true}]}}