{"id":44470,"date":"2023-04-19T13:27:08","date_gmt":"2023-04-19T06:27:08","guid":{"rendered":"https:\/\/mouldking.store\/shop\/xingbao-06046-german-slt-mammut-with-1912-pieces\/"},"modified":"2023-04-19T13:27:08","modified_gmt":"2023-04-19T06:27:08","slug":"xingbao-06046-german-slt-mammut-with-1912-pieces","status":"publish","type":"product","link":"https:\/\/mouldking.store\/hu\/shop\/xingbao-06046-german-slt-mammut-with-1912-pieces\/","title":{"rendered":"XINGBAO 06046 N\u00e9met SLT Mammut 1912 darabbal"},"content":{"rendered":"<div>\u2705XINGBAO 06046 German SLT Mammut<br \/>&nbsp;<br \/>\u2705The German SLT Mammut, also known as the SLT 50-3 &#8220;Elefant,&#8221; is a heavy-duty military transport vehicle designed and manufactured by the German company, Faun. The SLT stands for &#8220;Schwerlasttransporter,&#8221; which translates to &#8220;heavy-duty transporter&#8221; in English.<br \/>&nbsp;<br \/>\ud83d\udeab FONTOS!&nbsp;<br \/>&nbsp;<br \/>Product Name: German SLT Mammut<br \/>&nbsp;<br \/>Kateg\u00f3ria: Katonai<br \/>&nbsp;<br \/>This Kit Contains: XINGBAO 06046<br \/>&nbsp;<br \/>1912 pcs Good Quality Bricks&nbsp;<br \/>&nbsp;<br \/>K\u00e9zi utas\u00edt\u00e1sok&nbsp;<br \/>&nbsp;<br \/>\ud83d\udcccA f\u0151szerepl\u0151 term\u00e9szete&nbsp;<br \/>&nbsp;<br \/>Introducing our proud collection named \u201cGerman SLT Mammut\u201d you should not miss.&nbsp;<br \/>&nbsp;<br \/>The SLT Mammut is designed to transport heavy military equipment, such as tanks and artillery, over long distances and difficult terrain. It features a powerful engine and a unique hydraulic suspension system that allows it to handle heavy loads and navigate rough terrain. The vehicle can be configured with a variety of trailers and equipment for different transport needs. The SLT Mammut has been in service with the German military since the 1970s and has also been exported to other countries. It has seen use in a variety of military operations, including peacekeeping missions, and is considered to be a reliable and versatile transport vehicle.<\/div>","protected":false},"excerpt":{"rendered":"<p>Brand: XINGBAO<br \/>\nNem: Uniszex<br \/>\nKoroszt\u00e1ly: &gt; 6 \u00e9v<br \/>\nModel Number: 06046<br \/>\nBesorol\u00e1s: \u00d6sszeszerel\u00e9s<br \/>\nM\u0171anyag blokk forma: \u00f6nz\u00e1r\u00f3 t\u00e9gla<br \/>\nAnyaga: M\u0171anyag<br \/>\nM\u0171anyag t\u00edpus: ABS<br \/>\nBricks Blocks: 1912 +<br \/>\nEredeti doboza nincs<\/p>","protected":false},"featured_media":44468,"comment_status":"open","ping_status":"closed","template":"","meta":{"_acf_changed":false},"product_cat":[1350,1357,372,364],"product_tag":[10294,11754,374,389],"class_list":["product","first","instock","shipping-taxable","purchasable","product-type-simple"],"acf":[],"_links":{"self":[{"href":"https:\/\/mouldking.store\/hu\/wp-json\/wp\/v2\/product\/44470","targetHints":{"allow":["GET"]}}],"collection":[{"href":"https:\/\/mouldking.store\/hu\/wp-json\/wp\/v2\/product"}],"about":[{"href":"https:\/\/mouldking.store\/hu\/wp-json\/wp\/v2\/types\/product"}],"replies":[{"embeddable":true,"href":"https:\/\/mouldking.store\/hu\/wp-json\/wp\/v2\/comments?post=44470"}],"wp:featuredmedia":[{"embeddable":true,"href":"https:\/\/mouldking.store\/hu\/wp-json\/wp\/v2\/media\/44468"}],"wp:attachment":[{"href":"https:\/\/mouldking.store\/hu\/wp-json\/wp\/v2\/media?parent=44470"}],"wp:term":[{"taxonomy":"product_cat","embeddable":true,"href":"https:\/\/mouldking.store\/hu\/wp-json\/wp\/v2\/product_cat?post=44470"},{"taxonomy":"product_tag","embeddable":true,"href":"https:\/\/mouldking.store\/hu\/wp-json\/wp\/v2\/product_tag?post=44470"}],"curies":[{"name":"wp","href":"https:\/\/api.w.org\/{rel}","templated":true}]}}