{"id":44517,"date":"2023-04-24T10:33:26","date_gmt":"2023-04-24T03:33:26","guid":{"rendered":"https:\/\/mouldking.store\/shop\/reobrix-66028-european-century-the-lighthouse-with-3228-pieces\/"},"modified":"2023-04-24T10:33:26","modified_gmt":"2023-04-24T03:33:26","slug":"reobrix-66028-european-century-the-lighthouse-with-3228-pieces","status":"publish","type":"product","link":"https:\/\/mouldking.store\/hu\/shop\/reobrix-66028-european-century-the-lighthouse-with-3228-pieces\/","title":{"rendered":"REOBRIX 66028 European Century The Lighthouse with 3228 Pieces"},"content":{"rendered":"<div>\u2705 Reobrix 66028 European Century The Lighthouse<br \/>&nbsp;<br \/>\u2705Reobrix 66028 Modular Buildings European Century Lighthouse Building Blocks is a construction toy set that comes with approximately 3228 pieces of bricks. The set is designed to allow you to build a replica of a European Century Lighthouse, complete with intricate details and modular components.<br \/>&nbsp;<br \/>\ud83d\udeab FONTOS!&nbsp;<br \/>&nbsp;<br \/>Product Name: European Century The Lighthouse<br \/>&nbsp;<br \/>Kateg\u00f3ria: Modul\u00e1ris \u00e9p\u00fclet<br \/>&nbsp;<br \/>This Kit Contains: Reobrix 66028<br \/>&nbsp;<br \/>3228 pcs Good Quality Bricks&nbsp;<br \/>&nbsp;<br \/>Size: 34.5 \u00d7 42.5 \u00d7 74.5 cm<br \/>&nbsp;<br \/>K\u00e9zi utas\u00edt\u00e1sok&nbsp;<br \/>&nbsp;<br \/>\ud83d\udcccA f\u0151szerepl\u0151 term\u00e9szete&nbsp;<br \/>&nbsp;<br \/>Introducing our proud collection named \u201cEuropean Century The Lighthouse\u201d you should not miss.&nbsp;<br \/>&nbsp;<br \/>The bricks in this set are made of high-quality plastic and come in a range of sizes and shapes to enable you to create a realistic and detailed lighthouse. The set includes windows, doors, and various other pieces that allow you to customize the design of the lighthouse to your liking. The modular design of the set means that you can easily disassemble and reassemble the lighthouse, allowing you to modify or add new components as you wish. This feature also makes it easy to transport the set, as you can break it down into smaller components for storage or travel.<\/div>","protected":false},"excerpt":{"rendered":"<p>M\u00e1rka: REOBRIX<br \/>\nNem: Uniszex<br \/>\nKorhat\u00e1r: 14 \u00e9v felett<br \/>\nModellsz\u00e1m: 66028<br \/>\nBesorol\u00e1s: \u00d6sszeszerel\u00e9s<br \/>\nM\u0171anyag blokk forma: \u00f6nz\u00e1r\u00f3 t\u00e9gla<br \/>\nAnyaga: M\u0171anyag<br \/>\nM\u0171anyag t\u00edpus: ABS<br \/>\nBricks Blocks: 3228 +<br \/>\nEredeti doboza nincs<\/p>","protected":false},"featured_media":44512,"comment_status":"open","ping_status":"closed","template":"","meta":{"_acf_changed":false},"product_cat":[1365,1395,390],"product_tag":[4883,11601,10110,392],"class_list":["product","first","instock","shipping-taxable","purchasable","product-type-simple"],"acf":[],"_links":{"self":[{"href":"https:\/\/mouldking.store\/hu\/wp-json\/wp\/v2\/product\/44517","targetHints":{"allow":["GET"]}}],"collection":[{"href":"https:\/\/mouldking.store\/hu\/wp-json\/wp\/v2\/product"}],"about":[{"href":"https:\/\/mouldking.store\/hu\/wp-json\/wp\/v2\/types\/product"}],"replies":[{"embeddable":true,"href":"https:\/\/mouldking.store\/hu\/wp-json\/wp\/v2\/comments?post=44517"}],"wp:featuredmedia":[{"embeddable":true,"href":"https:\/\/mouldking.store\/hu\/wp-json\/wp\/v2\/media\/44512"}],"wp:attachment":[{"href":"https:\/\/mouldking.store\/hu\/wp-json\/wp\/v2\/media?parent=44517"}],"wp:term":[{"taxonomy":"product_cat","embeddable":true,"href":"https:\/\/mouldking.store\/hu\/wp-json\/wp\/v2\/product_cat?post=44517"},{"taxonomy":"product_tag","embeddable":true,"href":"https:\/\/mouldking.store\/hu\/wp-json\/wp\/v2\/product_tag?post=44517"}],"curies":[{"name":"wp","href":"https:\/\/api.w.org\/{rel}","templated":true}]}}