{"id":44534,"date":"2023-04-24T10:58:55","date_gmt":"2023-04-24T03:58:55","guid":{"rendered":"https:\/\/mouldking.store\/shop\/dk-3005-avatar-the-bright-world-of-pandora-with-2878-pieces\/"},"modified":"2023-04-24T10:58:55","modified_gmt":"2023-04-24T03:58:55","slug":"dk-3005-avatar-the-bright-world-of-pandora-with-2878-pieces","status":"publish","type":"product","link":"https:\/\/mouldking.store\/hu\/shop\/dk-3005-avatar-the-bright-world-of-pandora-with-2878-pieces\/","title":{"rendered":"DK 3005 Avatar The Bright World of Pandora with 2878 Pieces"},"content":{"rendered":"<div>\u2705 DK 3005 Avatar The Bright World of Pandora<br \/>&nbsp;<br \/>\u2705DK3005 Movie &amp; Game The AVATAR WORLD Building Blocks Toys is a construction toy set that includes approximately 2878 pieces of bricks. The set is designed to allow you to build a replica of the Avatar world, complete with intricate details and modular components.<br \/>&nbsp;<br \/>\ud83d\udeab FONTOS!&nbsp;<br \/>&nbsp;<br \/>Product Name: Avatar The Bright World of Pandora<br \/>&nbsp;<br \/>Kateg\u00f3ria: Film<br \/>&nbsp;<br \/>This Kit Contains: DK 3005&nbsp;<br \/>&nbsp;<br \/>2878 pcs Good Quality Bricks&nbsp;<br \/>&nbsp;<br \/>Size: 40 \u00d7 40 \u00d7 26.8 cm<br \/>&nbsp;<br \/>K\u00e9zi utas\u00edt\u00e1sok&nbsp;<br \/>&nbsp;<br \/>\ud83d\udcccA f\u0151szerepl\u0151 term\u00e9szete&nbsp;<br \/>&nbsp;<br \/>Introducing our proud collection named \u201cAvatar The Bright World of Pandora\u201d you should not miss.&nbsp;<br \/>&nbsp;The bricks in this set are made of high-quality plastic and come in various sizes and shapes to enable you to create a detailed and realistic Avatar world. The set includes pieces that allow you to customize the design of the world to your liking, including vegetation, animals, and various structures. The DK3005 Movie &amp; Game The AVATAR WORLD Building Blocks Toys set is an excellent choice for anyone who enjoys construction toys and is a fan of the Avatar franchise. With its high-quality pieces and attention to detail, this set provides a challenging and entertaining building experience, and once completed, it serves as a great display piece for any fan of the franchise.<\/div>","protected":false},"excerpt":{"rendered":"<p>M\u00e1rka: DK<br \/>\nNem: Uniszex<br \/>\nKorhat\u00e1r: &gt; 16 \u00e9v<br \/>\nModel Number: 3005<br \/>\nBesorol\u00e1s: \u00d6sszeszerel\u00e9s<br \/>\nM\u0171anyag blokk forma: \u00f6nz\u00e1r\u00f3 t\u00e9gla<br \/>\nAnyaga: M\u0171anyag<br \/>\nM\u0171anyag t\u00edpus: ABS<br \/>\nBricks Blocks: 2878 +<br \/>\nEredeti doboza nincs<\/p>","protected":false},"featured_media":44529,"comment_status":"open","ping_status":"closed","template":"","meta":{"_acf_changed":false},"product_cat":[1365,581,1408],"product_tag":[2913,8452,9139,434,8802],"class_list":["product","first","instock","shipping-taxable","purchasable","product-type-simple"],"acf":[],"_links":{"self":[{"href":"https:\/\/mouldking.store\/hu\/wp-json\/wp\/v2\/product\/44534","targetHints":{"allow":["GET"]}}],"collection":[{"href":"https:\/\/mouldking.store\/hu\/wp-json\/wp\/v2\/product"}],"about":[{"href":"https:\/\/mouldking.store\/hu\/wp-json\/wp\/v2\/types\/product"}],"replies":[{"embeddable":true,"href":"https:\/\/mouldking.store\/hu\/wp-json\/wp\/v2\/comments?post=44534"}],"wp:featuredmedia":[{"embeddable":true,"href":"https:\/\/mouldking.store\/hu\/wp-json\/wp\/v2\/media\/44529"}],"wp:attachment":[{"href":"https:\/\/mouldking.store\/hu\/wp-json\/wp\/v2\/media?parent=44534"}],"wp:term":[{"taxonomy":"product_cat","embeddable":true,"href":"https:\/\/mouldking.store\/hu\/wp-json\/wp\/v2\/product_cat?post=44534"},{"taxonomy":"product_tag","embeddable":true,"href":"https:\/\/mouldking.store\/hu\/wp-json\/wp\/v2\/product_tag?post=44534"}],"curies":[{"name":"wp","href":"https:\/\/api.w.org\/{rel}","templated":true}]}}