{"id":44546,"date":"2023-04-24T11:15:26","date_gmt":"2023-04-24T04:15:26","guid":{"rendered":"https:\/\/mouldking.store\/shop\/mould-king-93002-five-tiger-generals-guanyu-with-1000-pieces\/"},"modified":"2023-04-24T11:15:26","modified_gmt":"2023-04-24T04:15:26","slug":"mould-king-93002-five-tiger-generals-guanyu-with-1000-pieces","status":"publish","type":"product","link":"https:\/\/mouldking.store\/hu\/shop\/mould-king-93002-five-tiger-generals-guanyu-with-1000-pieces\/","title":{"rendered":"MOULD KING 93002 Five Tiger Generals GuanYu with 1000 Pieces"},"content":{"rendered":"<div>\u2705 Mould King 93002 Five Tiger Generals GuanYu<br \/>&nbsp;<br \/>\u2705Mould King 93002 Chinese Historical Five Tiger Generals \u00b7 GuanYu Toys Building Blocks is a construction toy set that allows you to build a replica of GuanYu, one of the five famous generals of the Chinese historical period.<br \/>&nbsp;<br \/>\ud83d\udeab FONTOS!&nbsp;<br \/>&nbsp;<br \/>Product Name: Five Tiger Generals GuanYu<br \/>&nbsp;<br \/>Kateg\u00f3ria: Alkot\u00f3&nbsp;<br \/>&nbsp;<br \/>This Kit Contains: Mould King 93002<br \/>&nbsp;<br \/>1000 pcs Good Quality Bricks&nbsp;<br \/>&nbsp;<br \/>K\u00e9zi utas\u00edt\u00e1sok&nbsp;<br \/>&nbsp;<br \/>\ud83d\udcccA f\u0151szerepl\u0151 term\u00e9szete&nbsp;<br \/>&nbsp;<br \/>Introducing our proud collection named \u201cFive Tiger Generals GuanYu\u201d you should not miss.&nbsp;<br \/>&nbsp;<br \/>The Mould King 93002 Chinese Historical Five Tiger Generals \u00b7 GuanYu Toys Building Blocks set is an excellent choice for anyone interested in Chinese history or traditional Chinese culture. With its high-quality pieces and attention to detail, this set provides a challenging and entertaining building experience that results in a beautiful and accurate replica of an important historical figure.<\/div>","protected":false},"excerpt":{"rendered":"<p>M\u00e1rka: MOLD KING<br \/>\nNem: Uniszex<br \/>\nKoroszt\u00e1ly: 8 \u00e9v felett<br \/>\nModel Number: 93002<br \/>\nBesorol\u00e1s: \u00d6sszeszerel\u00e9s<br \/>\nM\u0171anyag blokk forma: \u00f6nz\u00e1r\u00f3 t\u00e9gla<br \/>\nAnyaga: M\u0171anyag<br \/>\nM\u0171anyag t\u00edpus: ABS<br \/>\nBricks Blocks: 1000 +<br \/>\nA darabok v\u00e1ltozhatnak<\/p>","protected":false},"featured_media":44541,"comment_status":"open","ping_status":"closed","template":"","meta":{"_acf_changed":false},"product_cat":[1365,371,581,1408],"product_tag":[11072,8452,11758,11760,434,6482],"class_list":["product","first","instock","shipping-taxable","purchasable","product-type-simple"],"acf":[],"_links":{"self":[{"href":"https:\/\/mouldking.store\/hu\/wp-json\/wp\/v2\/product\/44546","targetHints":{"allow":["GET"]}}],"collection":[{"href":"https:\/\/mouldking.store\/hu\/wp-json\/wp\/v2\/product"}],"about":[{"href":"https:\/\/mouldking.store\/hu\/wp-json\/wp\/v2\/types\/product"}],"replies":[{"embeddable":true,"href":"https:\/\/mouldking.store\/hu\/wp-json\/wp\/v2\/comments?post=44546"}],"wp:featuredmedia":[{"embeddable":true,"href":"https:\/\/mouldking.store\/hu\/wp-json\/wp\/v2\/media\/44541"}],"wp:attachment":[{"href":"https:\/\/mouldking.store\/hu\/wp-json\/wp\/v2\/media?parent=44546"}],"wp:term":[{"taxonomy":"product_cat","embeddable":true,"href":"https:\/\/mouldking.store\/hu\/wp-json\/wp\/v2\/product_cat?post=44546"},{"taxonomy":"product_tag","embeddable":true,"href":"https:\/\/mouldking.store\/hu\/wp-json\/wp\/v2\/product_tag?post=44546"}],"curies":[{"name":"wp","href":"https:\/\/api.w.org\/{rel}","templated":true}]}}