{"id":44552,"date":"2023-04-24T11:25:04","date_gmt":"2023-04-24T04:25:04","guid":{"rendered":"https:\/\/mouldking.store\/shop\/mould-king-12010-motor-harry-potter-magic-world-magic-train-with-2086-pieces\/"},"modified":"2025-02-20T15:29:32","modified_gmt":"2025-02-20T08:29:32","slug":"mould-king-12010-motor-harry-potter-magic-world-magic-train-with-2086-pieces","status":"publish","type":"product","link":"https:\/\/mouldking.store\/hu\/shop\/mould-king-12010-motor-harry-potter-magic-world-magic-train-with-2086-pieces\/","title":{"rendered":"MOULD KING 12010 Motor Harry Potter Magic World Magic Train with 2086 Pieces"},"content":{"rendered":"<div>\u2705 Mould King 12010 Harry Potter Magic World Magic Train<br \/>&nbsp;<br \/>\u2705Mould King 12010 Movie &amp; Game Series Harry Potter Magic World Magic Train Building Blocks is a construction toy set that allows you to build a replica of the magical train from the Harry Potter series, the Hogwarts Express.<br \/>&nbsp;<br \/>\ud83d\udeab FONTOS!&nbsp;<br \/>&nbsp;<br \/>Product Name: Harry Potter Magic World Magic Train<br \/>&nbsp;<br \/>Kateg\u00f3ria: M\u0171szaki<br \/>&nbsp;<br \/>This Kit Contains: Mould King 12010<br \/>&nbsp;<br \/>2086 pcs Good Quality Bricks&nbsp;<br \/>&nbsp;<br \/>Size: 78.8 \u00d7 8.2 \u00d7 10.1 cm<br \/>&nbsp;<br \/>K\u00e9zi utas\u00edt\u00e1sok&nbsp;<br \/>&nbsp;<br \/>\ud83d\udcccA f\u0151szerepl\u0151 term\u00e9szete&nbsp;<br \/>&nbsp;<br \/>Introducing our proud collection named \u201cHarry Potter Magic World Magic Train\u201d you should not miss.&nbsp;<br \/>&nbsp;<br \/>The set comes with approximately 2086 pieces of bricks made of high-quality plastic, which are designed to accurately depict the details of the train, such as the steam engine, passenger carriages, and platform. Additionally, this set includes a motor, which can be used to make the train move forward and backward along the included track pieces. The Mould King 12010 Movie &amp; Game Series Harry Potter Magic World Magic Train Building Blocks set is an excellent choice for fans of the Harry Potter series who enjoy construction toys. With its high-quality pieces and attention to detail, this set provides a challenging and entertaining building experience that results in a beautiful and accurate replica of an iconic element from the series. And the motorized functionality adds an extra layer of excitement and playability.<\/div>","protected":false},"excerpt":{"rendered":"<p>M\u00e1rka: MOLD KING<br \/>\nNem: Uniszex<br \/>\nKoroszt\u00e1ly: 8 \u00e9v felett<br \/>\nModel Number: 12010<br \/>\nBesorol\u00e1s: \u00d6sszeszerel\u00e9s<br \/>\nM\u0171anyag blokk forma: \u00f6nz\u00e1r\u00f3 t\u00e9gla<br \/>\nAnyaga: M\u0171anyag<br \/>\nM\u0171anyag t\u00edpus: ABS<br \/>\nBricks Blocks: 2086 +<br \/>\nEredeti doboza nincs<\/p>","protected":false},"featured_media":44547,"comment_status":"open","ping_status":"closed","template":"","meta":{"_acf_changed":false},"product_cat":[1357,581,364,1408],"product_tag":[5724,8858,434,389,11080,300,8802],"class_list":["product","first","outofstock","shipping-taxable","purchasable","product-type-simple"],"acf":[],"_links":{"self":[{"href":"https:\/\/mouldking.store\/hu\/wp-json\/wp\/v2\/product\/44552","targetHints":{"allow":["GET"]}}],"collection":[{"href":"https:\/\/mouldking.store\/hu\/wp-json\/wp\/v2\/product"}],"about":[{"href":"https:\/\/mouldking.store\/hu\/wp-json\/wp\/v2\/types\/product"}],"replies":[{"embeddable":true,"href":"https:\/\/mouldking.store\/hu\/wp-json\/wp\/v2\/comments?post=44552"}],"wp:featuredmedia":[{"embeddable":true,"href":"https:\/\/mouldking.store\/hu\/wp-json\/wp\/v2\/media\/44547"}],"wp:attachment":[{"href":"https:\/\/mouldking.store\/hu\/wp-json\/wp\/v2\/media?parent=44552"}],"wp:term":[{"taxonomy":"product_cat","embeddable":true,"href":"https:\/\/mouldking.store\/hu\/wp-json\/wp\/v2\/product_cat?post=44552"},{"taxonomy":"product_tag","embeddable":true,"href":"https:\/\/mouldking.store\/hu\/wp-json\/wp\/v2\/product_tag?post=44552"}],"curies":[{"name":"wp","href":"https:\/\/api.w.org\/{rel}","templated":true}]}}