{"id":44685,"date":"2023-04-25T18:29:10","date_gmt":"2023-04-25T11:29:10","guid":{"rendered":"https:\/\/mouldking.store\/shop\/kalos-blocks-61001-modern-house-with-1095-pieces\/"},"modified":"2023-04-25T18:29:10","modified_gmt":"2023-04-25T11:29:10","slug":"kalos-blocks-61001-modern-house-with-1095-pieces","status":"publish","type":"product","link":"https:\/\/mouldking.store\/hu\/shop\/kalos-blocks-61001-modern-house-with-1095-pieces\/","title":{"rendered":"KALOS BLOCKS 61001 Modern House with 1095 Pieces"},"content":{"rendered":"<div>\u2705 KALOS BLOCKS 61001 Modern House<br \/>&nbsp;<br \/>\u2705KALOS BLOCKS 61001 Modern House is a building set that allows you to construct a miniature brick-built version of a modern house. The set includes approximately 1095&nbsp; pieces and comes with detailed instructions to help you assemble the model.<br \/>&nbsp;<br \/>\ud83d\udeab FONTOS!&nbsp;<br \/>&nbsp;<br \/>Product Name: Modern House<br \/>&nbsp;<br \/>Kateg\u00f3ria: Modul\u00e1ris \u00e9p\u00fclet<br \/>&nbsp;<br \/>This Kit Contains: KALOS BLOCKS 61001<br \/>&nbsp;<br \/>1095&nbsp; pcs Good Quality Bricks&nbsp;<br \/>&nbsp;<br \/>Size: 24 \u00d7 17.6 \u00d7 19.5 cm<br \/>&nbsp;<br \/>K\u00e9zi utas\u00edt\u00e1sok&nbsp;<br \/>&nbsp;<br \/>\ud83d\udcccA f\u0151szerepl\u0151 term\u00e9szete&nbsp;<br \/>&nbsp;<br \/>Introducing our proud collection named \u201cModern House\u201d you should not miss.&nbsp;<br \/>&nbsp;<br \/>The set is designed for ages 6 and up and is compatible with other leading brick building brands, allowing you to mix and match with other sets in your collection. Building with KALOS BLOCKS can help develop fine motor skills, creativity, and problem-solving abilities, making it a fun and educational activity for builders of all ages.<\/div>","protected":false},"excerpt":{"rendered":"<p>Brand: KALOS BLOCKS<br \/>\nNem: Uniszex<br \/>\nKoroszt\u00e1ly: &gt; 6 \u00e9v<br \/>\nModel Number: 61001<br \/>\nBesorol\u00e1s: \u00d6sszeszerel\u00e9s<br \/>\nM\u0171anyag blokk forma: \u00f6nz\u00e1r\u00f3 t\u00e9gla<br \/>\nAnyaga: M\u0171anyag<br \/>\nM\u0171anyag t\u00edpus: ABS<br \/>\nBricks Blocks: 1095 +<br \/>\nEredeti doboza nincs<\/p>","protected":false},"featured_media":44682,"comment_status":"open","ping_status":"closed","template":"","meta":{"_acf_changed":false},"product_cat":[1395,390],"product_tag":[4883,2318,11145,392],"class_list":["product","first","instock","shipping-taxable","purchasable","product-type-simple"],"acf":[],"_links":{"self":[{"href":"https:\/\/mouldking.store\/hu\/wp-json\/wp\/v2\/product\/44685","targetHints":{"allow":["GET"]}}],"collection":[{"href":"https:\/\/mouldking.store\/hu\/wp-json\/wp\/v2\/product"}],"about":[{"href":"https:\/\/mouldking.store\/hu\/wp-json\/wp\/v2\/types\/product"}],"replies":[{"embeddable":true,"href":"https:\/\/mouldking.store\/hu\/wp-json\/wp\/v2\/comments?post=44685"}],"wp:featuredmedia":[{"embeddable":true,"href":"https:\/\/mouldking.store\/hu\/wp-json\/wp\/v2\/media\/44682"}],"wp:attachment":[{"href":"https:\/\/mouldking.store\/hu\/wp-json\/wp\/v2\/media?parent=44685"}],"wp:term":[{"taxonomy":"product_cat","embeddable":true,"href":"https:\/\/mouldking.store\/hu\/wp-json\/wp\/v2\/product_cat?post=44685"},{"taxonomy":"product_tag","embeddable":true,"href":"https:\/\/mouldking.store\/hu\/wp-json\/wp\/v2\/product_tag?post=44685"}],"curies":[{"name":"wp","href":"https:\/\/api.w.org\/{rel}","templated":true}]}}