{"id":44734,"date":"2023-04-27T14:17:14","date_gmt":"2023-04-27T07:17:14","guid":{"rendered":"https:\/\/mouldking.store\/shop\/moc-factory-142666-keep-and-low-courtyard-with-3517-pieces\/"},"modified":"2025-12-16T22:25:01","modified_gmt":"2025-12-16T15:25:01","slug":"moc-factory-142666-keep-and-low-courtyard-with-3517-pieces","status":"publish","type":"product","link":"https:\/\/mouldking.store\/hu\/shop\/moc-factory-142666-keep-and-low-courtyard-with-3517-pieces\/","title":{"rendered":"MOC Factory 142666 Keep And Low Courtyard with 3517 Pieces"},"content":{"rendered":"<div>\u2705 MOC-142666 Keep And Low Courtyard<\/p>\n<p>\u2705A &#8220;Keep&#8221; is the central tower or stronghold of a medieval castle, which was typically the last line of defense in case of an attack. The &#8220;Low Courtyard&#8221; is an area in the castle that is located at a lower elevation than the keep and usually contained the living quarters of the castle&#8217;s inhabitants.<\/p>\n<p>\ud83d\udeab FONTOS!<\/p>\n<p>Product Name: Keep And Low Courtyard<\/p>\n<p>Kateg\u00f3ria: Modul\u00e1ris \u00e9p\u00fclet<\/p>\n<p>This Kit Contains: MOC-142666<\/p>\n<p>3517 pcs Good Quality Bricks<\/p>\n<p>Weight: 3000g<\/p>\n<p>PDF \u00datmutat\u00f3<\/p>\n<p>\ud83d\udcccA f\u0151szerepl\u0151 term\u00e9szete<\/p>\n<p>Introducing our proud collection named \u201cKeep And Low Courtyard\u201d you should not miss.<\/p>\n<p>&#8220;Keep and Low Courtyard&#8221; is the combination of the central stronghold (the keep) and the surrounding living quarters (the low courtyard) of a medieval castle. This type of castle layout was commonly used in Europe during the Middle Ages as a means of defense and living space for the castle&#8217;s occupants.<\/p><\/div>","protected":false},"excerpt":{"rendered":"<p>M\u00e1rka: MOC Factory<br \/>\nNem: Uniszex<br \/>\nKoroszt\u00e1ly: &gt; 6 \u00e9v<br \/>\nModel Number: 142666<br \/>\nBesorol\u00e1s: \u00d6sszeszerel\u00e9s<br \/>\nM\u0171anyag blokk forma: \u00f6nz\u00e1r\u00f3 t\u00e9gla<br \/>\nAnyaga: M\u0171anyag<br \/>\nM\u0171anyag t\u00edpus: ABS<br \/>\nBricks Blocks: 3517 +<br \/>\nArrange Time:: 4-8 weeks<\/p>","protected":false},"author":83,"featured_media":44729,"comment_status":"open","ping_status":"closed","template":"","meta":{"_acf_changed":false},"product_cat":[1395,390],"product_tag":[787,4883,11790,11789,4996,392],"class_list":["product","first","instock","shipping-taxable","purchasable","product-type-simple"],"acf":[],"_links":{"self":[{"href":"https:\/\/mouldking.store\/hu\/wp-json\/wp\/v2\/product\/44734","targetHints":{"allow":["GET"]}}],"collection":[{"href":"https:\/\/mouldking.store\/hu\/wp-json\/wp\/v2\/product"}],"about":[{"href":"https:\/\/mouldking.store\/hu\/wp-json\/wp\/v2\/types\/product"}],"author":[{"embeddable":true,"href":"https:\/\/mouldking.store\/hu\/wp-json\/wp\/v2\/users\/83"}],"replies":[{"embeddable":true,"href":"https:\/\/mouldking.store\/hu\/wp-json\/wp\/v2\/comments?post=44734"}],"wp:featuredmedia":[{"embeddable":true,"href":"https:\/\/mouldking.store\/hu\/wp-json\/wp\/v2\/media\/44729"}],"wp:attachment":[{"href":"https:\/\/mouldking.store\/hu\/wp-json\/wp\/v2\/media?parent=44734"}],"wp:term":[{"taxonomy":"product_cat","embeddable":true,"href":"https:\/\/mouldking.store\/hu\/wp-json\/wp\/v2\/product_cat?post=44734"},{"taxonomy":"product_tag","embeddable":true,"href":"https:\/\/mouldking.store\/hu\/wp-json\/wp\/v2\/product_tag?post=44734"}],"curies":[{"name":"wp","href":"https:\/\/api.w.org\/{rel}","templated":true}]}}