{"id":44740,"date":"2023-04-27T14:25:33","date_gmt":"2023-04-27T07:25:33","guid":{"rendered":"https:\/\/mouldking.store\/shop\/moc-factory-57691-kamov-ka-52-military-helicopter-with-1099-pieces\/"},"modified":"2025-12-16T22:25:01","modified_gmt":"2025-12-16T15:25:01","slug":"moc-factory-57691-kamov-ka-52-military-helicopter-with-1099-pieces","status":"publish","type":"product","link":"https:\/\/mouldking.store\/hu\/shop\/moc-factory-57691-kamov-ka-52-military-helicopter-with-1099-pieces\/","title":{"rendered":"MOC Factory 57691 Kamov KA-52 Military Helicopter with 1099 Pieces"},"content":{"rendered":"<div>\u2705 MOC-57691 Kamov KA-52 Military Helicopter<\/p>\n<p>\u2705The Kamov KA-52 is a Russian-made twin-seat attack helicopter designed for reconnaissance, targeting, and combat operations. It is a variant of the Kamov KA-50 &#8220;Black Shark&#8221; helicopter, which was designed for single-seat operations. The KA-52 has a coaxial rotor system, which means that it has two rotors that rotate in opposite directions, providing increased stability and maneuverability. It is armed with a 30mm cannon, rockets, and anti-tank missiles, and can carry up to 12 rockets or four missiles.<\/p>\n<p>\ud83d\udeab FONTOS!<\/p>\n<p>Product Name: Kamov KA-52 Military Helicopter<\/p>\n<p>Kateg\u00f3ria: Katonai<\/p>\n<p>This Kit Contains:&nbsp; MOC-57691<\/p>\n<p>1099 db J\u00f3 min\u0151s\u00e9g\u0171 t\u00e9gla<\/p>\n<p>S\u00faly: 1100g<\/p>\n<p>PDF \u00datmutat\u00f3<\/p>\n<p>\ud83d\udcccA f\u0151szerepl\u0151 term\u00e9szete<\/p>\n<p>Introducing our proud collection named \u201cKamov KA-52 Military Helicopter\u201d you should not miss.<\/p>\n<p>&nbsp;The helicopter has advanced avionics and weapons systems, including a helmet-mounted display system that allows the pilot to target weapons simply by looking at the target, without needing to maneuver the helicopter. It is also equipped with radar and infrared sensors for enhanced reconnaissance and targeting capabilities. The KA-52 is used by the Russian military and has also been exported to other countries, including Egypt and Algeria.<\/p><\/div>","protected":false},"excerpt":{"rendered":"<p>M\u00e1rka: MOC Factory<br \/>\nNem: Uniszex<br \/>\nKoroszt\u00e1ly: &gt; 6 \u00e9v<br \/>\nModel Number: 57691<br \/>\nBesorol\u00e1s: \u00d6sszeszerel\u00e9s<br \/>\nM\u0171anyag blokk forma: \u00f6nz\u00e1r\u00f3 t\u00e9gla<br \/>\nAnyaga: M\u0171anyag<br \/>\nM\u0171anyag t\u00edpus: ABS<br \/>\nT\u00e9gla blokkok: 1099 +<br \/>\nRendel\u00e9si id\u0151: 4-8 h\u00e9t<\/p>","protected":false},"featured_media":44735,"comment_status":"open","ping_status":"closed","template":"","meta":{"_acf_changed":false},"product_cat":[1350,1357,372,364],"product_tag":[5298,11791,374,11792,389],"class_list":["product","first","instock","shipping-taxable","purchasable","product-type-simple"],"acf":[],"_links":{"self":[{"href":"https:\/\/mouldking.store\/hu\/wp-json\/wp\/v2\/product\/44740","targetHints":{"allow":["GET"]}}],"collection":[{"href":"https:\/\/mouldking.store\/hu\/wp-json\/wp\/v2\/product"}],"about":[{"href":"https:\/\/mouldking.store\/hu\/wp-json\/wp\/v2\/types\/product"}],"replies":[{"embeddable":true,"href":"https:\/\/mouldking.store\/hu\/wp-json\/wp\/v2\/comments?post=44740"}],"wp:featuredmedia":[{"embeddable":true,"href":"https:\/\/mouldking.store\/hu\/wp-json\/wp\/v2\/media\/44735"}],"wp:attachment":[{"href":"https:\/\/mouldking.store\/hu\/wp-json\/wp\/v2\/media?parent=44740"}],"wp:term":[{"taxonomy":"product_cat","embeddable":true,"href":"https:\/\/mouldking.store\/hu\/wp-json\/wp\/v2\/product_cat?post=44740"},{"taxonomy":"product_tag","embeddable":true,"href":"https:\/\/mouldking.store\/hu\/wp-json\/wp\/v2\/product_tag?post=44740"}],"curies":[{"name":"wp","href":"https:\/\/api.w.org\/{rel}","templated":true}]}}