{"id":44784,"date":"2023-04-27T15:12:25","date_gmt":"2023-04-27T08:12:25","guid":{"rendered":"https:\/\/mouldking.store\/shop\/moc-factory-89405-mini-mecha-mechanised-with-162-pieces\/"},"modified":"2025-12-16T22:25:01","modified_gmt":"2025-12-16T15:25:01","slug":"moc-factory-89405-mini-mecha-mechanised-with-162-pieces","status":"publish","type":"product","link":"https:\/\/mouldking.store\/hu\/shop\/moc-factory-89405-mini-mecha-mechanised-with-162-pieces\/","title":{"rendered":"MOC Factory 89405 Mini-Mecha Mechanised with 162 Pieces"},"content":{"rendered":"<div>\u2705 MOC-89405 Mini-Mecha Mechanised<\/p>\n<p>\u2705&#8221;Mini-Mecha Mechanized&#8221; is a term used in science fiction to describe a small-sized mechanized suit or vehicle that is often used for various purposes such as combat, exploration, or construction.<\/p>\n<p>\ud83d\udeab FONTOS!<\/p>\n<p>Product Name: Mini-Mecha Mechanised<\/p>\n<p>Kateg\u00f3ria: Alkot\u00f3<\/p>\n<p>This Kit Contains: C9371<\/p>\n<p>162&nbsp; pcs Good Quality Bricks<\/p>\n<p>Size: 8.3 x 8.1 x 14.2 cm<\/p>\n<p>Weight: 0.0576 kg<\/p>\n<p>PDF \u00datmutat\u00f3<\/p>\n<p>\ud83d\udcccA f\u0151szerepl\u0151 term\u00e9szete<\/p>\n<p>Introducing our proud collection named \u201cMini-Mecha Mechanised\u201d you should not miss.<\/p>\n<p>In some science fiction works, Mini-Mecha Mechanized are depicted as being highly maneuverable and able to navigate difficult terrain or dangerous environments. They may be able to fly, climb walls, or swim, depending on their design and capabilities.<\/p><\/div>","protected":false},"excerpt":{"rendered":"<p>M\u00e1rka: MOC Factory<br \/>\nNem: Uniszex<br \/>\nKoroszt\u00e1ly: &gt; 6 \u00e9v<br \/>\nModel Number: 89405<br \/>\nBesorol\u00e1s: \u00d6sszeszerel\u00e9s<br \/>\nM\u0171anyag blokk forma: \u00f6nz\u00e1r\u00f3 t\u00e9gla<br \/>\nAnyaga: M\u0171anyag<br \/>\nM\u0171anyag t\u00edpus: ABS<br \/>\nBricks Blocks: 162 +<br \/>\nEredeti doboza nincs<\/p>","protected":false},"featured_media":44778,"comment_status":"open","ping_status":"closed","template":"","meta":{"_acf_changed":false},"product_cat":[1365,371],"product_tag":[11072,8452,9302,11801,479,590],"class_list":["product","first","instock","shipping-taxable","purchasable","product-type-simple"],"acf":[],"_links":{"self":[{"href":"https:\/\/mouldking.store\/hu\/wp-json\/wp\/v2\/product\/44784","targetHints":{"allow":["GET"]}}],"collection":[{"href":"https:\/\/mouldking.store\/hu\/wp-json\/wp\/v2\/product"}],"about":[{"href":"https:\/\/mouldking.store\/hu\/wp-json\/wp\/v2\/types\/product"}],"replies":[{"embeddable":true,"href":"https:\/\/mouldking.store\/hu\/wp-json\/wp\/v2\/comments?post=44784"}],"wp:featuredmedia":[{"embeddable":true,"href":"https:\/\/mouldking.store\/hu\/wp-json\/wp\/v2\/media\/44778"}],"wp:attachment":[{"href":"https:\/\/mouldking.store\/hu\/wp-json\/wp\/v2\/media?parent=44784"}],"wp:term":[{"taxonomy":"product_cat","embeddable":true,"href":"https:\/\/mouldking.store\/hu\/wp-json\/wp\/v2\/product_cat?post=44784"},{"taxonomy":"product_tag","embeddable":true,"href":"https:\/\/mouldking.store\/hu\/wp-json\/wp\/v2\/product_tag?post=44784"}],"curies":[{"name":"wp","href":"https:\/\/api.w.org\/{rel}","templated":true}]}}