{"id":44793,"date":"2023-04-27T15:18:40","date_gmt":"2023-04-27T08:18:40","guid":{"rendered":"https:\/\/mouldking.store\/shop\/moc-factory-89404-mobile-suit-girl-female-robot-robot-girl-with-229-pieces\/"},"modified":"2025-12-16T22:25:01","modified_gmt":"2025-12-16T15:25:01","slug":"moc-factory-89404-mobile-suit-girl-female-robot-robot-girl-with-229-pieces","status":"publish","type":"product","link":"https:\/\/mouldking.store\/hu\/shop\/moc-factory-89404-mobile-suit-girl-female-robot-robot-girl-with-229-pieces\/","title":{"rendered":"MOC Factory 89404 mobil \u00f6lt\u00f6ny l\u00e1ny n\u0151i robot robot l\u00e1ny 229 darabbal"},"content":{"rendered":"<div>\u2705 MOC-89404 Mobile Suit Girl Female Robot Robot Girl<\/p>\n<p>\u2705&#8221;Mobile Suit Girl&#8221; or &#8220;Robot Girl&#8221; refers to a subgenre of science fiction anime and manga in which female characters are portrayed as pilots or operators of mecha or robotic suits. In these stories, the female characters often have a special connection to their mecha or robotic suits, either through a psychic link or advanced neural interface technology.<\/p>\n<p>\ud83d\udeab FONTOS!<\/p>\n<p>Product Name: Mobile Suit Girl Female Robot Robot Girl<\/p>\n<p>Kateg\u00f3ria: Alkot\u00f3<\/p>\n<p>This Kit Contains: C9394<\/p>\n<p>229 pcs Good Quality Bricks<\/p>\n<p>Size: 11.8 x 5.3 x 25.3 cm<\/p>\n<p>Weight: 0.071 kg<\/p>\n<p>PDF \u00datmutat\u00f3<\/p>\n<p>\ud83d\udcccA f\u0151szerepl\u0151 term\u00e9szete<\/p>\n<p>Introducing our proud collection named \u201cMobile Suit Girl Female Robot Robot Girl\u201d you should not miss.<\/p>\n<p>The Mobile Suit Girl genre has become popular in Japan and has spawned numerous anime and manga series, such as &#8220;Mobile Suit Gundam 00,&#8221; &#8220;Neon Genesis Evangelion,&#8221; and &#8220;Magical Girl Lyrical Nanoha.&#8221; These stories often feature young female protagonists who must battle against powerful enemies using their mecha or robotic suits. The portrayal of female characters in Mobile Suit Girl anime and manga has been the subject of some criticism, as some have argued that these characters are often sexualized and objectified. However, the genre also has a large following of fans who enjoy the action-packed battles and sci-fi themes.<\/p><\/div>","protected":false},"excerpt":{"rendered":"<p>M\u00e1rka: MOC Factory<br \/>\nNem: Uniszex<br \/>\nKoroszt\u00e1ly: &gt; 6 \u00e9v<br \/>\nModel Number: 89404<br \/>\nBesorol\u00e1s: \u00d6sszeszerel\u00e9s<br \/>\nM\u0171anyag blokk forma: \u00f6nz\u00e1r\u00f3 t\u00e9gla<br \/>\nAnyaga: M\u0171anyag<br \/>\nM\u0171anyag t\u00edpus: ABS<br \/>\nBricks Blocks: 229 +<br \/>\nEredeti doboza nincs<\/p>","protected":false},"featured_media":44785,"comment_status":"open","ping_status":"closed","template":"","meta":{"_acf_changed":false},"product_cat":[1365,371],"product_tag":[11072,8452,11035,11802,590,8564],"class_list":["product","first","instock","shipping-taxable","purchasable","product-type-simple"],"acf":[],"_links":{"self":[{"href":"https:\/\/mouldking.store\/hu\/wp-json\/wp\/v2\/product\/44793","targetHints":{"allow":["GET"]}}],"collection":[{"href":"https:\/\/mouldking.store\/hu\/wp-json\/wp\/v2\/product"}],"about":[{"href":"https:\/\/mouldking.store\/hu\/wp-json\/wp\/v2\/types\/product"}],"replies":[{"embeddable":true,"href":"https:\/\/mouldking.store\/hu\/wp-json\/wp\/v2\/comments?post=44793"}],"wp:featuredmedia":[{"embeddable":true,"href":"https:\/\/mouldking.store\/hu\/wp-json\/wp\/v2\/media\/44785"}],"wp:attachment":[{"href":"https:\/\/mouldking.store\/hu\/wp-json\/wp\/v2\/media?parent=44793"}],"wp:term":[{"taxonomy":"product_cat","embeddable":true,"href":"https:\/\/mouldking.store\/hu\/wp-json\/wp\/v2\/product_cat?post=44793"},{"taxonomy":"product_tag","embeddable":true,"href":"https:\/\/mouldking.store\/hu\/wp-json\/wp\/v2\/product_tag?post=44793"}],"curies":[{"name":"wp","href":"https:\/\/api.w.org\/{rel}","templated":true}]}}