{"id":44812,"date":"2023-04-27T15:34:57","date_gmt":"2023-04-27T08:34:57","guid":{"rendered":"https:\/\/mouldking.store\/shop\/moc-factory-89402-suzume-daijin-cat-with-303-pieces\/"},"modified":"2025-12-16T22:25:01","modified_gmt":"2025-12-16T15:25:01","slug":"moc-factory-89402-suzume-daijin-cat-with-303-pieces","status":"publish","type":"product","link":"https:\/\/mouldking.store\/hu\/shop\/moc-factory-89402-suzume-daijin-cat-with-303-pieces\/","title":{"rendered":"MOC Factory 89402 Suzume Daijin Cat with 303 Pieces"},"content":{"rendered":"<div>\u2705 MOC-89402 Suzume Daijin Cat<\/p>\n<p>\u2705Suzume Daijin Cat is a building blocks set that is based on the character Suzume Daijin Cat from an animation series. This building blocks set includes pieces to construct a model of the character.<\/p>\n<p>\ud83d\udeab FONTOS!<\/p>\n<p>Product Name: Suzume Daijin Cat<\/p>\n<p>Kateg\u00f3ria: Alkot\u00f3<\/p>\n<p>This Kit Contains: C9440<\/p>\n<p>303 pcs Good Quality Bricks<\/p>\n<p>Size: 15.9 x 10.9 x 11.6 cm<\/p>\n<p>Weight: 0.136 kg<\/p>\n<p>PDF \u00datmutat\u00f3<\/p>\n<p>\ud83d\udcccA f\u0151szerepl\u0151 term\u00e9szete<\/p>\n<p>Introducing our proud collection named \u201cSuzume Daijin Cat\u201d you should not miss.<\/p>\n<p>Daijin is a cat that can speak human language. It is also nicknamed so by locals for its appearance similar to an ancient minister. Daijin is one of the two Keystones in the movie. It has unknowingly been released from its seal by Suzume on its post at the door located at Kyushu.<\/p><\/div>","protected":false},"excerpt":{"rendered":"<p>M\u00e1rka: MOC Factory<br \/>\nNem: Uniszex<br \/>\nKoroszt\u00e1ly: &gt; 6 \u00e9v<br \/>\nModel Number: 89402<br \/>\nBesorol\u00e1s: \u00d6sszeszerel\u00e9s<br \/>\nM\u0171anyag blokk forma: \u00f6nz\u00e1r\u00f3 t\u00e9gla<br \/>\nAnyaga: M\u0171anyag<br \/>\nM\u0171anyag t\u00edpus: ABS<br \/>\nBricks Blocks: 303 +<br \/>\nEredeti doboza nincs<\/p>","protected":false},"featured_media":44805,"comment_status":"open","ping_status":"closed","template":"","meta":{"_acf_changed":false},"product_cat":[1365,371,581,1408,15],"product_tag":[11110,11807,8263,11072,8452,11806,434,11805],"class_list":["product","first","instock","shipping-taxable","purchasable","product-type-simple"],"acf":[],"_links":{"self":[{"href":"https:\/\/mouldking.store\/hu\/wp-json\/wp\/v2\/product\/44812","targetHints":{"allow":["GET"]}}],"collection":[{"href":"https:\/\/mouldking.store\/hu\/wp-json\/wp\/v2\/product"}],"about":[{"href":"https:\/\/mouldking.store\/hu\/wp-json\/wp\/v2\/types\/product"}],"replies":[{"embeddable":true,"href":"https:\/\/mouldking.store\/hu\/wp-json\/wp\/v2\/comments?post=44812"}],"wp:featuredmedia":[{"embeddable":true,"href":"https:\/\/mouldking.store\/hu\/wp-json\/wp\/v2\/media\/44805"}],"wp:attachment":[{"href":"https:\/\/mouldking.store\/hu\/wp-json\/wp\/v2\/media?parent=44812"}],"wp:term":[{"taxonomy":"product_cat","embeddable":true,"href":"https:\/\/mouldking.store\/hu\/wp-json\/wp\/v2\/product_cat?post=44812"},{"taxonomy":"product_tag","embeddable":true,"href":"https:\/\/mouldking.store\/hu\/wp-json\/wp\/v2\/product_tag?post=44812"}],"curies":[{"name":"wp","href":"https:\/\/api.w.org\/{rel}","templated":true}]}}