{"id":44816,"date":"2023-04-27T15:40:22","date_gmt":"2023-04-27T08:40:22","guid":{"rendered":"https:\/\/mouldking.store\/shop\/moc-factory-138422-monster-hunter-goss-harag-with-1143-pieces\/"},"modified":"2025-12-16T22:25:01","modified_gmt":"2025-12-16T15:25:01","slug":"moc-factory-138422-monster-hunter-goss-harag-with-1143-pieces","status":"publish","type":"product","link":"https:\/\/mouldking.store\/hu\/shop\/moc-factory-138422-monster-hunter-goss-harag-with-1143-pieces\/","title":{"rendered":"MOC Factory 138422 Monster Hunter Goss Harag with 1143 Pieces"},"content":{"rendered":"<div>\u2705 MOC-138422 Monster Hunter Goss Harag<\/p>\n<p>\u2705Goss Harag is a fictional monster in the video game series &#8220;Monster Hunter.&#8221; It first appeared in the game &#8220;Monster Hunter Rise,&#8221; which was released in 2021.<\/p>\n<p>\ud83d\udeab FONTOS!<\/p>\n<p>Product Name: Monster Hunter Goss Harag<\/p>\n<p>Kateg\u00f3ria: Film<\/p>\n<p>This kit contains: C9381<\/p>\n<p>1143 pcs Good Quality Bricks<\/p>\n<p>Size: 20 x 20 x 24 cm<\/p>\n<p>Weight: 0.625 kg<\/p>\n<p>PDF \u00datmutat\u00f3<\/p>\n<p>\ud83d\udcccA f\u0151szerepl\u0151 term\u00e9szete<\/p>\n<p>Introducing our proud collection named \u201cMonster Hunter Goss Harag\u201d you should not miss.<\/p>\n<p>Goss Harag is a powerful monster that is capable of manipulating ice and snow. It has a wolf-like appearance with sharp claws and powerful jaws. It is known for its agility and ability to move quickly across icy terrain. In the game, players must hunt down Goss Harag in order to gather materials and improve their equipment. The monster is considered a challenging opponent due to its speed and strength.&nbsp; Goss Harag has become a popular monster in the &#8220;Monster Hunter&#8221; community, and its unique design and abilities have been widely praised.<\/p><\/div>","protected":false},"excerpt":{"rendered":"<p>M\u00e1rka: MOC Factory<br \/>\nNem: Uniszex<br \/>\nKoroszt\u00e1ly: &gt; 6 \u00e9v<br \/>\nModel Number: 138422<br \/>\nBesorol\u00e1s: \u00d6sszeszerel\u00e9s<br \/>\nM\u0171anyag blokk forma: \u00f6nz\u00e1r\u00f3 t\u00e9gla<br \/>\nAnyaga: M\u0171anyag<br \/>\nM\u0171anyag t\u00edpus: ABS<br \/>\nBricks Blocks: 1143 +<br \/>\nEredeti doboza nincs<\/p>","protected":false},"featured_media":44813,"comment_status":"open","ping_status":"closed","template":"","meta":{"_acf_changed":false},"product_cat":[1365,371,581,1408],"product_tag":[11072,8452,11809,11808,468,434],"class_list":["product","first","instock","shipping-taxable","purchasable","product-type-simple"],"acf":[],"_links":{"self":[{"href":"https:\/\/mouldking.store\/hu\/wp-json\/wp\/v2\/product\/44816","targetHints":{"allow":["GET"]}}],"collection":[{"href":"https:\/\/mouldking.store\/hu\/wp-json\/wp\/v2\/product"}],"about":[{"href":"https:\/\/mouldking.store\/hu\/wp-json\/wp\/v2\/types\/product"}],"replies":[{"embeddable":true,"href":"https:\/\/mouldking.store\/hu\/wp-json\/wp\/v2\/comments?post=44816"}],"wp:featuredmedia":[{"embeddable":true,"href":"https:\/\/mouldking.store\/hu\/wp-json\/wp\/v2\/media\/44813"}],"wp:attachment":[{"href":"https:\/\/mouldking.store\/hu\/wp-json\/wp\/v2\/media?parent=44816"}],"wp:term":[{"taxonomy":"product_cat","embeddable":true,"href":"https:\/\/mouldking.store\/hu\/wp-json\/wp\/v2\/product_cat?post=44816"},{"taxonomy":"product_tag","embeddable":true,"href":"https:\/\/mouldking.store\/hu\/wp-json\/wp\/v2\/product_tag?post=44816"}],"curies":[{"name":"wp","href":"https:\/\/api.w.org\/{rel}","templated":true}]}}