{"id":44852,"date":"2023-04-27T16:31:39","date_gmt":"2023-04-27T09:31:39","guid":{"rendered":"https:\/\/mouldking.store\/shop\/mould-king-19003-rc-truck-with-concrete-pump-with-4368-pieces\/"},"modified":"2023-04-27T16:31:39","modified_gmt":"2023-04-27T09:31:39","slug":"mould-king-19003-rc-truck-with-concrete-pump-with-4368-pieces","status":"publish","type":"product","link":"https:\/\/mouldking.store\/hu\/shop\/mould-king-19003-rc-truck-with-concrete-pump-with-4368-pieces\/","title":{"rendered":"MOULD KING 19003 RC Truck with Concrete Pump with 4368 Pieces"},"content":{"rendered":"<div>\u2705 Mould King 19003 RC Truck with Concrete Pump<br \/>&nbsp;<br \/>\u2705An RC (remote-controlled) truck with a concrete pump is a miniature version of a real-life concrete pump truck that is controlled remotely by an operator using a handheld controller. It is designed to simulate the functions of a full-size concrete pump truck and is often used in construction and building sites.<br \/>&nbsp;<br \/>\ud83d\udeab FONTOS!&nbsp;<br \/>&nbsp;<br \/>Product Name: RC Truck with Concrete Pump<br \/>&nbsp;<br \/>Kateg\u00f3ria: M\u0171szaki<br \/>&nbsp;<br \/>This Kit Contains: Mould King 19003<br \/>&nbsp;<br \/>4368 pcs Good Quality Bricks&nbsp;<br \/>&nbsp;<br \/>Size: 43 \u00d7 60 \u00d7 98 cm<br \/>&nbsp;<br \/>K\u00e9zi utas\u00edt\u00e1sok&nbsp;<br \/>&nbsp;<br \/>\ud83d\udcccA f\u0151szerepl\u0151 term\u00e9szete&nbsp;<br \/>&nbsp;<br \/>Introducing our proud collection named \u201cRC Truck with Concrete Pump\u201d you should not miss.&nbsp;<br \/>&nbsp;<br \/>The truck is equipped with a concrete pump that can pump concrete to a height of several meters. The pump is operated by a hydraulic system that is powered by an electric motor. The concrete is transported to the pump using a conveyor belt or a rotating drum, and then pumped through a hose to the desired location. The RC truck with a concrete pump is typically made of high-quality materials such as metal and plastic to ensure durability and longevity. The controller is used to operate various functions of the truck, such as driving, steering, and operating the pump. The operator can control the speed and direction of the truck as well as the flow rate and direction of the concrete.<\/div>","protected":false},"excerpt":{"rendered":"<p>M\u00e1rka: MOLD KING<br \/>\nNem: Uniszex<br \/>\nKorhat\u00e1r: 14 \u00e9v felett<br \/>\nModel Number: 19003<br \/>\nBesorol\u00e1s: \u00d6sszeszerel\u00e9s<br \/>\nM\u0171anyag blokk forma: \u00f6nz\u00e1r\u00f3 t\u00e9gla<br \/>\nAnyaga: M\u0171anyag<br \/>\nM\u0171anyag t\u00edpus: ABS<br \/>\nBricks Blocks: 4368 +<br \/>\nEredeti doboza nincs<\/p>","protected":false},"featured_media":44845,"comment_status":"open","ping_status":"closed","template":"","meta":{"_acf_changed":false},"product_cat":[1357,364],"product_tag":[11815,11816,389,11080,466],"class_list":["product","first","instock","shipping-taxable","purchasable","product-type-simple"],"acf":[],"_links":{"self":[{"href":"https:\/\/mouldking.store\/hu\/wp-json\/wp\/v2\/product\/44852","targetHints":{"allow":["GET"]}}],"collection":[{"href":"https:\/\/mouldking.store\/hu\/wp-json\/wp\/v2\/product"}],"about":[{"href":"https:\/\/mouldking.store\/hu\/wp-json\/wp\/v2\/types\/product"}],"replies":[{"embeddable":true,"href":"https:\/\/mouldking.store\/hu\/wp-json\/wp\/v2\/comments?post=44852"}],"wp:featuredmedia":[{"embeddable":true,"href":"https:\/\/mouldking.store\/hu\/wp-json\/wp\/v2\/media\/44845"}],"wp:attachment":[{"href":"https:\/\/mouldking.store\/hu\/wp-json\/wp\/v2\/media?parent=44852"}],"wp:term":[{"taxonomy":"product_cat","embeddable":true,"href":"https:\/\/mouldking.store\/hu\/wp-json\/wp\/v2\/product_cat?post=44852"},{"taxonomy":"product_tag","embeddable":true,"href":"https:\/\/mouldking.store\/hu\/wp-json\/wp\/v2\/product_tag?post=44852"}],"curies":[{"name":"wp","href":"https:\/\/api.w.org\/{rel}","templated":true}]}}