{"id":44904,"date":"2023-05-04T10:11:39","date_gmt":"2023-05-04T03:11:39","guid":{"rendered":"https:\/\/mouldking.store\/shop\/jiestar-58029-barbatos-iron-blooded-with-1142-pieces\/"},"modified":"2023-05-04T10:11:39","modified_gmt":"2023-05-04T03:11:39","slug":"jiestar-58029-barbatos-iron-blooded-with-1142-pieces","status":"publish","type":"product","link":"https:\/\/mouldking.store\/hu\/shop\/jiestar-58029-barbatos-iron-blooded-with-1142-pieces\/","title":{"rendered":"JIESTAR 58029 Barbatos Iron-Blooded with 1142 Pieces"},"content":{"rendered":"<div>\u2705 JIE STAR 58029 Barbatos Iron-Blooded<br \/>&nbsp;<br \/>\u2705Barbatos Iron-Blooded is likely a reference to the Gundam Barbatos, a fictional mobile suit in the anime series &#8220;Mobile Suit Gundam: Iron-Blooded Orphans&#8221;. The Gundam Barbatos is the main mobile suit used by the protagonist Mikazuki Augus in the series.<br \/>&nbsp;<br \/>\ud83d\udeab FONTOS!&nbsp;<br \/>&nbsp;<br \/>Product Name: Barbatos Iron-Blooded<br \/>&nbsp;<br \/>Kateg\u00f3ria: Alkot\u00f3&nbsp;<br \/>&nbsp;<br \/>This Kit Contains:&nbsp; JIE STAR 58029<br \/>&nbsp;<br \/>1142 pcs Good Quality Bricks&nbsp;<br \/>&nbsp;<br \/>Size: 16 x 11 x 31cm<br \/>&nbsp;<br \/>K\u00e9zi utas\u00edt\u00e1sok&nbsp;<br \/>&nbsp;<br \/>\ud83d\udcccA f\u0151szerepl\u0151 term\u00e9szete&nbsp;<br \/>&nbsp;<br \/>Introducing our proud collection named \u201cBarbatos Iron-Blooded\u201d you should not miss.&nbsp;<br \/>&nbsp;<br \/>In the series, the Gundam Barbatos is a powerful and versatile mobile suit designed for close combat, equipped with a variety of weapons and armor configurations that can be customized depending on the mission. It has a distinctive design with large, curved horns on its head and a rugged, industrial appearance.<\/div>","protected":false},"excerpt":{"rendered":"<p>M\u00e1rka: JIESTAR<br \/>\nNem: Uniszex<br \/>\nKoroszt\u00e1ly: 8 \u00e9v felett<br \/>\nModel Number: 58029<br \/>\nBesorol\u00e1s: \u00d6sszeszerel\u00e9s<br \/>\nM\u0171anyag blokk forma: \u00f6nz\u00e1r\u00f3 t\u00e9gla<br \/>\nAnyaga: M\u0171anyag<br \/>\nM\u0171anyag t\u00edpus: ABS<br \/>\nBricks Blocks: 1142 +<br \/>\nEredeti doboza nincs<\/p>","protected":false},"featured_media":44899,"comment_status":"open","ping_status":"closed","template":"","meta":{"_acf_changed":false},"product_cat":[1365,371],"product_tag":[11819,11820,11072,8452,8789,590],"class_list":["product","first","instock","shipping-taxable","purchasable","product-type-simple"],"acf":[],"_links":{"self":[{"href":"https:\/\/mouldking.store\/hu\/wp-json\/wp\/v2\/product\/44904","targetHints":{"allow":["GET"]}}],"collection":[{"href":"https:\/\/mouldking.store\/hu\/wp-json\/wp\/v2\/product"}],"about":[{"href":"https:\/\/mouldking.store\/hu\/wp-json\/wp\/v2\/types\/product"}],"replies":[{"embeddable":true,"href":"https:\/\/mouldking.store\/hu\/wp-json\/wp\/v2\/comments?post=44904"}],"wp:featuredmedia":[{"embeddable":true,"href":"https:\/\/mouldking.store\/hu\/wp-json\/wp\/v2\/media\/44899"}],"wp:attachment":[{"href":"https:\/\/mouldking.store\/hu\/wp-json\/wp\/v2\/media?parent=44904"}],"wp:term":[{"taxonomy":"product_cat","embeddable":true,"href":"https:\/\/mouldking.store\/hu\/wp-json\/wp\/v2\/product_cat?post=44904"},{"taxonomy":"product_tag","embeddable":true,"href":"https:\/\/mouldking.store\/hu\/wp-json\/wp\/v2\/product_tag?post=44904"}],"curies":[{"name":"wp","href":"https:\/\/api.w.org\/{rel}","templated":true}]}}