{"id":44930,"date":"2023-05-04T10:54:41","date_gmt":"2023-05-04T03:54:41","guid":{"rendered":"https:\/\/mouldking.store\/shop\/mork-10209-upside-down-cafe-house-with-3118-pieces\/"},"modified":"2023-05-04T10:54:41","modified_gmt":"2023-05-04T03:54:41","slug":"mork-10209-upside-down-cafe-house-with-3118-pieces","status":"publish","type":"product","link":"https:\/\/mouldking.store\/hu\/shop\/mork-10209-upside-down-cafe-house-with-3118-pieces\/","title":{"rendered":"MORK 10209 Upside Down Cafe House with 3118 Pieces"},"content":{"rendered":"<div>\u2705 MORK 10209 Upside Down Cafe House<br \/>&nbsp;<br \/>\u2705MORK 10209 Modular Buildings Upside Down Cafe House Building Blocks set is a type of construction toy consisting of building blocks that can be used to construct a model of an upside-down cafe house. The set includes approximately 3,118 building bricks and is designed to be compatible with other building block sets of a similar scale.<br \/>&nbsp;<br \/>\ud83d\udeab FONTOS!&nbsp;<br \/>&nbsp;<br \/>Product Name: Upside Down Cafe House<br \/>&nbsp;<br \/>Kateg\u00f3ria: Modul\u00e1ris \u00e9p\u00fclet&nbsp;<br \/>&nbsp;<br \/>This Kit Contains: MORK 10209<br \/>&nbsp;<br \/>3118 pcs Good Quality Bricks&nbsp;<br \/>&nbsp;<br \/>Size: 17.5 \u00d7 30 \u00d7 24.5 cm<br \/>&nbsp;<br \/>K\u00e9zi utas\u00edt\u00e1sok&nbsp;<br \/>&nbsp;<br \/>\ud83d\udcccA f\u0151szerepl\u0151 term\u00e9szete&nbsp;<br \/>&nbsp;<br \/>Introducing our proud collection named \u201cUpside Down Cafe House\u201d you should not miss.&nbsp;<br \/>&nbsp;<br \/>This set is likely inspired by the concept of upside-down buildings, which are a popular attraction in some parts of the world. As a modular building set, it allows builders to customize the design and layout of the cafe house, using their creativity to make it unique. Modular building sets are often popular among both children and adults, as they provide a fun and engaging way to develop creativity, problem-solving skills, and spatial awareness. The MORK 10209 set, in particular, may appeal to those who are interested in architecture, design, or construction, and who enjoy building complex models out of building blocks.<\/div>","protected":false},"excerpt":{"rendered":"<p>Brand: MORK<br \/>\nNem: Uniszex<br \/>\nKoroszt\u00e1ly: &gt; 6 \u00e9v<br \/>\nModel Number: 10209<br \/>\nBesorol\u00e1s: \u00d6sszeszerel\u00e9s<br \/>\nM\u0171anyag blokk forma: \u00f6nz\u00e1r\u00f3 t\u00e9gla<br \/>\nAnyaga: M\u0171anyag<br \/>\nM\u0171anyag t\u00edpus: ABS<br \/>\nBricks Blocks: 3118 +<br \/>\nEredeti doboza nincs<br \/>\nF\u00e9nnyel<\/p>","protected":false},"featured_media":44925,"comment_status":"open","ping_status":"closed","template":"","meta":{"_acf_changed":false},"product_cat":[1365,1395,371,390],"product_tag":[1704,4883,11072,8452,2318,392],"class_list":["product","first","instock","shipping-taxable","purchasable","product-type-simple"],"acf":[],"_links":{"self":[{"href":"https:\/\/mouldking.store\/hu\/wp-json\/wp\/v2\/product\/44930","targetHints":{"allow":["GET"]}}],"collection":[{"href":"https:\/\/mouldking.store\/hu\/wp-json\/wp\/v2\/product"}],"about":[{"href":"https:\/\/mouldking.store\/hu\/wp-json\/wp\/v2\/types\/product"}],"replies":[{"embeddable":true,"href":"https:\/\/mouldking.store\/hu\/wp-json\/wp\/v2\/comments?post=44930"}],"wp:featuredmedia":[{"embeddable":true,"href":"https:\/\/mouldking.store\/hu\/wp-json\/wp\/v2\/media\/44925"}],"wp:attachment":[{"href":"https:\/\/mouldking.store\/hu\/wp-json\/wp\/v2\/media?parent=44930"}],"wp:term":[{"taxonomy":"product_cat","embeddable":true,"href":"https:\/\/mouldking.store\/hu\/wp-json\/wp\/v2\/product_cat?post=44930"},{"taxonomy":"product_tag","embeddable":true,"href":"https:\/\/mouldking.store\/hu\/wp-json\/wp\/v2\/product_tag?post=44930"}],"curies":[{"name":"wp","href":"https:\/\/api.w.org\/{rel}","templated":true}]}}