{"id":44935,"date":"2023-05-04T11:13:20","date_gmt":"2023-05-04T04:13:20","guid":{"rendered":"https:\/\/mouldking.store\/shop\/joytoy-jt5062-celestine-the-living-saint-with-1-pieces\/"},"modified":"2024-10-11T10:14:46","modified_gmt":"2024-10-11T03:14:46","slug":"joytoy-jt5062-celestine-the-living-saint-with-1-pieces","status":"publish","type":"product","link":"https:\/\/mouldking.store\/hu\/shop\/joytoy-jt5062-celestine-the-living-saint-with-1-pieces\/","title":{"rendered":"Joytoy JT5062 CELESTINE THE LIVING SAINT with 1 Pieces"},"content":{"rendered":"<div>\u2705 JOYTOY JT5062 CELESTINE THE LIVING SAINT<br \/>&nbsp;<br \/>\u2705Celestine the Living Saint is a character in the fictional universe of Warhammer 40,000, a tabletop miniature wargame created by Games Workshop. Celestine is a powerful warrior and religious leader in the Imperium of Man, a vast interstellar empire beset by constant warfare and existential threats from alien races and chaos.<br \/>&nbsp;<br \/>\ud83d\udeab FONTOS!&nbsp;<br \/>&nbsp;<br \/>Product Name: CELESTINE THE LIVING SAINT<br \/>&nbsp;<br \/>Kateg\u00f3ria: Alkot\u00f3&nbsp;<br \/>&nbsp;<br \/>This Kit Contains: JOYTOY JT5062<br \/>&nbsp;<br \/>1 pcs Good Quality Bricks&nbsp;<br \/>&nbsp;<br \/>Size: 13.6cm<br \/>&nbsp;<br \/>K\u00e9zi utas\u00edt\u00e1sok&nbsp;<br \/>&nbsp;<br \/>\ud83d\udcccA f\u0151szerepl\u0151 term\u00e9szete&nbsp;<br \/>&nbsp;<br \/>Introducing our proud collection named \u201cCELESTINE THE LIVING SAINT&#8221; you should not miss.&nbsp;<br \/>&nbsp;<br \/>In the lore of Warhammer 40,000, Celestine is believed to be a manifestation of the Emperor of Mankind&#8217;s divine will, and she possesses incredible strength, speed, and resilience, as well as the ability to fly and regenerate from injuries. She is also accompanied by a retinue of warriors known as the Geminae Superia, who are similarly blessed by the Emperor and serve as her bodyguards and advisors. Celestine is a popular character among Warhammer 40,000 fans and has appeared in numerous novels, comic books, and video games, as well as being available as a miniature for use in the tabletop game. Her character represents the theme of faith and divinity within the game&#8217;s lore, adding depth and complexity to the setting&#8217;s mythology.<\/div>","protected":false},"excerpt":{"rendered":"<p>M\u00e1rka: Joytoy<br \/>\nNem: Uniszex<br \/>\nKoroszt\u00e1ly: &gt; 6 \u00e9v<br \/>\nModel Number: JT5062<br \/>\nBesorol\u00e1s: \u00d6sszeszerel\u00e9s<br \/>\nM\u0171anyag blokk forma: \u00f6nz\u00e1r\u00f3 t\u00e9gla<br \/>\nAnyaga: M\u0171anyag<br \/>\nM\u0171anyag t\u00edpus: ABS<br \/>\nBricks Blocks: 1 +<br \/>\nEredeti doboza nincs<\/p>","protected":false},"author":83,"featured_media":44931,"comment_status":"open","ping_status":"closed","template":"","meta":{"_acf_changed":false},"product_cat":[1365,371],"product_tag":[11823,11072,8452,8000,11824],"class_list":["product","first","outofstock","shipping-taxable","purchasable","product-type-simple"],"acf":[],"_links":{"self":[{"href":"https:\/\/mouldking.store\/hu\/wp-json\/wp\/v2\/product\/44935","targetHints":{"allow":["GET"]}}],"collection":[{"href":"https:\/\/mouldking.store\/hu\/wp-json\/wp\/v2\/product"}],"about":[{"href":"https:\/\/mouldking.store\/hu\/wp-json\/wp\/v2\/types\/product"}],"author":[{"embeddable":true,"href":"https:\/\/mouldking.store\/hu\/wp-json\/wp\/v2\/users\/83"}],"replies":[{"embeddable":true,"href":"https:\/\/mouldking.store\/hu\/wp-json\/wp\/v2\/comments?post=44935"}],"wp:featuredmedia":[{"embeddable":true,"href":"https:\/\/mouldking.store\/hu\/wp-json\/wp\/v2\/media\/44931"}],"wp:attachment":[{"href":"https:\/\/mouldking.store\/hu\/wp-json\/wp\/v2\/media?parent=44935"}],"wp:term":[{"taxonomy":"product_cat","embeddable":true,"href":"https:\/\/mouldking.store\/hu\/wp-json\/wp\/v2\/product_cat?post=44935"},{"taxonomy":"product_tag","embeddable":true,"href":"https:\/\/mouldking.store\/hu\/wp-json\/wp\/v2\/product_tag?post=44935"}],"curies":[{"name":"wp","href":"https:\/\/api.w.org\/{rel}","templated":true}]}}