{"id":45034,"date":"2023-05-09T18:45:45","date_gmt":"2023-05-09T11:45:45","guid":{"rendered":"https:\/\/mouldking.store\/shop\/moc-factory-89397-garden-playset-with-interactive-characters-with-492-pieces\/"},"modified":"2025-12-16T22:25:00","modified_gmt":"2025-12-16T15:25:00","slug":"moc-factory-89397-garden-playset-with-interactive-characters-with-492-pieces","status":"publish","type":"product","link":"https:\/\/mouldking.store\/hu\/shop\/moc-factory-89397-garden-playset-with-interactive-characters-with-492-pieces\/","title":{"rendered":"MOC Factory 89397 Garden Playset with Interactive Characters with 492 Pieces"},"content":{"rendered":"<div>\u2705 MOC-89397 Garden Playset with Interactive Characters<\/p>\n<p>\u2705Garten of Banban is a game by the Euphoric Bothers in the mascot horror genre and their 8th game overall, the game was met with a mixed reception from gamers and critics alike, It received a lot of popularity on the internet.<\/p>\n<p>\ud83d\udeab FONTOS!<\/p>\n<p>Product Name: Garden Playset with Interactive Characters<\/p>\n<p>Kateg\u00f3ria: Film<\/p>\n<p>This Kit Contains: C9316Y16<\/p>\n<p>492 pcs Good Quality Bricks<\/p>\n<p>Size: 7.2 x 5.6 x 8 cm<\/p>\n<p>Weight: 0.21 kg<\/p>\n<p>PDF \u00datmutat\u00f3<\/p>\n<p>\ud83d\udcccA f\u0151szerepl\u0151 term\u00e9szete<\/p>\n<p>Introducing our proud collection named \u201cGarden Playset with Interactive Characters\u201d you should not miss.<\/p>\n<p>Garden Playset with Interactive Characters includes Sharky Clee, Giraffe Melman, Crabzilla, Nibbler, Lazcat, Coach Pickles. The monsters were originally gentle and docile but they mysteriously grew hostile and most of them preyed on the protagonist when the latter enters the kindergarten to find their missing child.<\/p><\/div>","protected":false},"excerpt":{"rendered":"<p>M\u00e1rka: MOC Factory<br \/>\nNem: Uniszex<br \/>\nKoroszt\u00e1ly: &gt; 6 \u00e9v<br \/>\nModel Number: 89397<br \/>\nBesorol\u00e1s: \u00d6sszeszerel\u00e9s<br \/>\nM\u0171anyag blokk forma: \u00f6nz\u00e1r\u00f3 t\u00e9gla<br \/>\nAnyaga: M\u0171anyag<br \/>\nM\u0171anyag t\u00edpus: ABS<br \/>\nBricks Blocks: 492 +<br \/>\nEredeti doboza nincs<\/p>","protected":false},"featured_media":45027,"comment_status":"open","ping_status":"closed","template":"","meta":{"_acf_changed":false},"product_cat":[1365,371,581,1408],"product_tag":[2384,11858,11855,11072,8452,9139,7572,11854,11850,11857,434,11856,6555,11853],"class_list":["product","first","instock","shipping-taxable","purchasable","product-type-simple"],"acf":[],"_links":{"self":[{"href":"https:\/\/mouldking.store\/hu\/wp-json\/wp\/v2\/product\/45034","targetHints":{"allow":["GET"]}}],"collection":[{"href":"https:\/\/mouldking.store\/hu\/wp-json\/wp\/v2\/product"}],"about":[{"href":"https:\/\/mouldking.store\/hu\/wp-json\/wp\/v2\/types\/product"}],"replies":[{"embeddable":true,"href":"https:\/\/mouldking.store\/hu\/wp-json\/wp\/v2\/comments?post=45034"}],"wp:featuredmedia":[{"embeddable":true,"href":"https:\/\/mouldking.store\/hu\/wp-json\/wp\/v2\/media\/45027"}],"wp:attachment":[{"href":"https:\/\/mouldking.store\/hu\/wp-json\/wp\/v2\/media?parent=45034"}],"wp:term":[{"taxonomy":"product_cat","embeddable":true,"href":"https:\/\/mouldking.store\/hu\/wp-json\/wp\/v2\/product_cat?post=45034"},{"taxonomy":"product_tag","embeddable":true,"href":"https:\/\/mouldking.store\/hu\/wp-json\/wp\/v2\/product_tag?post=45034"}],"curies":[{"name":"wp","href":"https:\/\/api.w.org\/{rel}","templated":true}]}}