{"id":45120,"date":"2023-05-10T11:32:41","date_gmt":"2023-05-10T04:32:41","guid":{"rendered":"https:\/\/mouldking.store\/shop\/mj-13042-pirates-battle-ship-book-with-925-pieces\/"},"modified":"2023-05-10T11:32:41","modified_gmt":"2023-05-10T04:32:41","slug":"mj-13042-pirates-battle-ship-book-with-925-pieces","status":"publish","type":"product","link":"https:\/\/mouldking.store\/hu\/shop\/mj-13042-pirates-battle-ship-book-with-925-pieces\/","title":{"rendered":"MJ 13042 Pirates BATTLE Ship Book with 925 Pieces"},"content":{"rendered":"<div>\u2705 MJI 13042 Pirates BATTLE Ship Book<br \/>&nbsp;<br \/>\u2705The building blocks in this set are compatible with other major brands of building blocks, allowing you to combine them with other sets to create larger and more complex structures. The model is designed to be a display piece rather than a functional toy, and the book design allows for easy storage and display.<br \/>&nbsp;<br \/>\ud83d\udeab FONTOS!&nbsp;<br \/>&nbsp;<br \/>Product Name: Pirates BATTLE Ship Book<br \/>&nbsp;<br \/>Kateg\u00f3ria: Alkot\u00f3&nbsp;<br \/>&nbsp;<br \/>This Kit Contains: MJI 13042<br \/>&nbsp;<br \/>925 pcs Good Quality Bricks&nbsp;<br \/>&nbsp;<br \/>Size: 36 \u00d7 34 \u00d7 6.5 cm<br \/>&nbsp;<br \/>K\u00e9zi utas\u00edt\u00e1sok&nbsp;<br \/>&nbsp;<br \/>\ud83d\udcccA f\u0151szerepl\u0151 term\u00e9szete&nbsp;<br \/>&nbsp;<br \/>Introducing our proud collection named \u201cPirates BATTLE Ship Booke\u201d you should not miss.&nbsp;<br \/>&nbsp;<br \/>MJI 13042 Pirates BATTLE Ship Book Design Building Blocks is a set of building blocks that allows you to construct a model of a pirate battleship. The set contains approximately 925 pieces and comes with detailed instructions that guide you through the construction process. This set is part of the Pirates series of building blocks from MJI, which is known for producing high-quality building blocks that are designed for both kids and adults. The Pirate Battleship set is intended for ages 12 and up and is a fun and challenging project for those who enjoy building and collecting pirate-themed models.<\/div>","protected":false},"excerpt":{"rendered":"<p>M\u00e1rka: MJ<br \/>\nNem: Uniszex<br \/>\nKoroszt\u00e1ly: &gt; 12 \u00e9ves<br \/>\nModel Number: 13042<br \/>\nBesorol\u00e1s: \u00d6sszeszerel\u00e9s<br \/>\nM\u0171anyag blokk forma: \u00f6nz\u00e1r\u00f3 t\u00e9gla<br \/>\nAnyaga: M\u0171anyag<br \/>\nM\u0171anyag t\u00edpus: ABS<br \/>\nBricks Blocks: 925 +<br \/>\nEredeti doboza nincs<\/p>","protected":false},"featured_media":45116,"comment_status":"open","ping_status":"closed","template":"","meta":{"_acf_changed":false},"product_cat":[1365,371],"product_tag":[9077,1411,11072,8452,2429,304],"class_list":["product","first","instock","shipping-taxable","purchasable","product-type-simple"],"acf":[],"_links":{"self":[{"href":"https:\/\/mouldking.store\/hu\/wp-json\/wp\/v2\/product\/45120","targetHints":{"allow":["GET"]}}],"collection":[{"href":"https:\/\/mouldking.store\/hu\/wp-json\/wp\/v2\/product"}],"about":[{"href":"https:\/\/mouldking.store\/hu\/wp-json\/wp\/v2\/types\/product"}],"replies":[{"embeddable":true,"href":"https:\/\/mouldking.store\/hu\/wp-json\/wp\/v2\/comments?post=45120"}],"wp:featuredmedia":[{"embeddable":true,"href":"https:\/\/mouldking.store\/hu\/wp-json\/wp\/v2\/media\/45116"}],"wp:attachment":[{"href":"https:\/\/mouldking.store\/hu\/wp-json\/wp\/v2\/media?parent=45120"}],"wp:term":[{"taxonomy":"product_cat","embeddable":true,"href":"https:\/\/mouldking.store\/hu\/wp-json\/wp\/v2\/product_cat?post=45120"},{"taxonomy":"product_tag","embeddable":true,"href":"https:\/\/mouldking.store\/hu\/wp-json\/wp\/v2\/product_tag?post=45120"}],"curies":[{"name":"wp","href":"https:\/\/api.w.org\/{rel}","templated":true}]}}