{"id":45146,"date":"2023-05-10T12:10:56","date_gmt":"2023-05-10T05:10:56","guid":{"rendered":"https:\/\/mouldking.store\/shop\/pantasy-86310-le-petit-prince-airplane-book-stand-with-300-pieces\/"},"modified":"2023-05-10T12:10:56","modified_gmt":"2023-05-10T05:10:56","slug":"pantasy-86310-le-petit-prince-airplane-book-stand-with-300-pieces","status":"publish","type":"product","link":"https:\/\/mouldking.store\/hu\/shop\/pantasy-86310-le-petit-prince-airplane-book-stand-with-300-pieces\/","title":{"rendered":"Pantasy 86310 Le Petit Prince rep\u00fcl\u0151s k\u00f6nyv\u00e1llv\u00e1ny 300 darabbal"},"content":{"rendered":"<div>\u2705 PANTASY 86310 Le Petit Prince Airplane Book Stand<br \/>&nbsp;<br \/>\u2705The PANTASY 86310 Le Petit Prince Airplane Book Stand is a unique and charming book stand that is designed to look like the airplane from the classic children&#8217;s book &#8220;The Little Prince&#8221; by Antoine de Saint-Exup\u00e9ry. The book stand is made of high-quality metal and features intricate detailing to capture the look and feel of the iconic airplane.<br \/>&nbsp;<br \/>\ud83d\udeab FONTOS!&nbsp;<br \/>&nbsp;<br \/>Product Name:&nbsp; Le Petit Prince Airplane Book Stand<br \/>&nbsp;<br \/>Kateg\u00f3ria: Alkot\u00f3&nbsp;<br \/>&nbsp;<br \/>This Kit Contains:&nbsp; PANTASY 86310<br \/>&nbsp;<br \/>300 pcs Good Quality Bricks&nbsp;<br \/>&nbsp;<br \/>Size: 10 \u00d7 12 \u00d7 14.9 cm<br \/>&nbsp;<br \/>K\u00e9zi utas\u00edt\u00e1sok&nbsp;<br \/>&nbsp;<br \/>\ud83d\udcccA f\u0151szerepl\u0151 term\u00e9szete&nbsp;<br \/>&nbsp;<br \/>Introducing our proud collection named \u201cLe Petit Prince Airplane Book Stand\u201d you should not miss.&nbsp;<br \/>&nbsp;<br \/>The book stand is designed to hold your favorite books, magazines, or tablets in a way that is both stylish and practical. It is perfect for anyone who loves &#8220;The Little Prince&#8221; or is looking for a unique and functional book stand to display their reading materials. The PANTASY 86310 Le Petit Prince Airplane Book Stand makes a great addition to any home or office and is sure to be a conversation starter. It is a fun and creative way to display your books and is perfect for anyone who loves aviation, literature, or just appreciates a unique and stylish design.<\/div>","protected":false},"excerpt":{"rendered":"<p>M\u00e1rka: Pantasy<br \/>\nNem: Uniszex<br \/>\nKoroszt\u00e1ly: &gt; 6 \u00e9v<br \/>\nModel Number: 86310<br \/>\nBesorol\u00e1s: \u00d6sszeszerel\u00e9s<br \/>\nM\u0171anyag blokk forma: \u00f6nz\u00e1r\u00f3 t\u00e9gla<br \/>\nAnyaga: M\u0171anyag<br \/>\nM\u0171anyag t\u00edpus: ABS<br \/>\nBricks Blocks: 300 +<br \/>\nEredeti doboza nincs<\/p>","protected":false},"featured_media":45143,"comment_status":"open","ping_status":"closed","template":"","meta":{"_acf_changed":false},"product_cat":[1365,371],"product_tag":[11092,1411,11072,8452,7479,9946],"class_list":["product","first","instock","shipping-taxable","purchasable","product-type-simple"],"acf":[],"_links":{"self":[{"href":"https:\/\/mouldking.store\/hu\/wp-json\/wp\/v2\/product\/45146","targetHints":{"allow":["GET"]}}],"collection":[{"href":"https:\/\/mouldking.store\/hu\/wp-json\/wp\/v2\/product"}],"about":[{"href":"https:\/\/mouldking.store\/hu\/wp-json\/wp\/v2\/types\/product"}],"replies":[{"embeddable":true,"href":"https:\/\/mouldking.store\/hu\/wp-json\/wp\/v2\/comments?post=45146"}],"wp:featuredmedia":[{"embeddable":true,"href":"https:\/\/mouldking.store\/hu\/wp-json\/wp\/v2\/media\/45143"}],"wp:attachment":[{"href":"https:\/\/mouldking.store\/hu\/wp-json\/wp\/v2\/media?parent=45146"}],"wp:term":[{"taxonomy":"product_cat","embeddable":true,"href":"https:\/\/mouldking.store\/hu\/wp-json\/wp\/v2\/product_cat?post=45146"},{"taxonomy":"product_tag","embeddable":true,"href":"https:\/\/mouldking.store\/hu\/wp-json\/wp\/v2\/product_tag?post=45146"}],"curies":[{"name":"wp","href":"https:\/\/api.w.org\/{rel}","templated":true}]}}