{"id":45164,"date":"2023-05-10T14:32:59","date_gmt":"2023-05-10T07:32:59","guid":{"rendered":"https:\/\/mouldking.store\/shop\/decool-jisi-28007-retro-beetle-pull-back-car-with-312-pieces\/"},"modified":"2023-05-10T14:32:59","modified_gmt":"2023-05-10T07:32:59","slug":"decool-jisi-28007-retro-beetle-pull-back-car-with-312-pieces","status":"publish","type":"product","link":"https:\/\/mouldking.store\/hu\/shop\/decool-jisi-28007-retro-beetle-pull-back-car-with-312-pieces\/","title":{"rendered":"DECOOL \/ JiSi 28007 Retro Beetle Pull Back Car with 312 Pieces"},"content":{"rendered":"<div>\u2705 DECOOL 28007 Retro Beetle Pull Back Car<br \/>&nbsp;<br \/>\u2705The DECOOL 28007 Retro Beetle Pull Back Car is a toy car designed for kids and collectors alike. It features a classic design inspired by the Volkswagen Beetle, complete with the signature rounded body and headlights.<br \/>&nbsp;<br \/>\ud83d\udeab FONTOS!&nbsp;<br \/>&nbsp;<br \/>Product Name: Retro Beetle Pull Back Car<br \/>&nbsp;<br \/>Kateg\u00f3ria: M\u0171szaki<br \/>&nbsp;<br \/>This Kit Contains:&nbsp; DECOOL 28007<br \/>&nbsp;<br \/>312 pcs Good Quality Bricks&nbsp;<br \/>&nbsp;<br \/>Size: 16.8 \u00d7 7.6 \u00d7 8.1 cm<br \/>&nbsp;<br \/>K\u00e9zi utas\u00edt\u00e1sok&nbsp;<br \/>&nbsp;<br \/>\ud83d\udcccA f\u0151szerepl\u0151 term\u00e9szete&nbsp;<br \/>&nbsp;<br \/>Introducing our proud collection named \u201cRetro Beetle Pull Back Car\u201d you should not miss.&nbsp;<br \/>&nbsp;<br \/>The Retro Beetle Pull Back Car is made from high-quality, non-toxic ABS plastic and is designed to be durable and long-lasting. It also features a pull-back mechanism that allows the car to race forward on its own after being pulled back and released. This toy car is a great gift for kids who love cars or for collectors who appreciate classic designs. It is also a fun addition to any toy car collection or racing game, and can provide hours of entertainment for children and adults alike.<\/div>","protected":false},"excerpt":{"rendered":"<p>M\u00e1rka: DECOOL \/ JiSi<br \/>\nNem: Uniszex<br \/>\nKoroszt\u00e1ly: &gt; 6 \u00e9v<br \/>\nModel Number: 28007<br \/>\nBesorol\u00e1s: \u00d6sszeszerel\u00e9s<br \/>\nM\u0171anyag blokk forma: \u00f6nz\u00e1r\u00f3 t\u00e9gla<br \/>\nAnyaga: M\u0171anyag<br \/>\nM\u0171anyag t\u00edpus: ABS<br \/>\nBricks Blocks: 312 +<br \/>\nEredeti doboza nincs<\/p>","protected":false},"featured_media":45162,"comment_status":"open","ping_status":"closed","template":"","meta":{"_acf_changed":false},"product_cat":[1360,1357,364],"product_tag":[11158,457,11139,7457,389,11080],"class_list":["product","first","instock","shipping-taxable","purchasable","product-type-simple"],"acf":[],"_links":{"self":[{"href":"https:\/\/mouldking.store\/hu\/wp-json\/wp\/v2\/product\/45164","targetHints":{"allow":["GET"]}}],"collection":[{"href":"https:\/\/mouldking.store\/hu\/wp-json\/wp\/v2\/product"}],"about":[{"href":"https:\/\/mouldking.store\/hu\/wp-json\/wp\/v2\/types\/product"}],"replies":[{"embeddable":true,"href":"https:\/\/mouldking.store\/hu\/wp-json\/wp\/v2\/comments?post=45164"}],"wp:featuredmedia":[{"embeddable":true,"href":"https:\/\/mouldking.store\/hu\/wp-json\/wp\/v2\/media\/45162"}],"wp:attachment":[{"href":"https:\/\/mouldking.store\/hu\/wp-json\/wp\/v2\/media?parent=45164"}],"wp:term":[{"taxonomy":"product_cat","embeddable":true,"href":"https:\/\/mouldking.store\/hu\/wp-json\/wp\/v2\/product_cat?post=45164"},{"taxonomy":"product_tag","embeddable":true,"href":"https:\/\/mouldking.store\/hu\/wp-json\/wp\/v2\/product_tag?post=45164"}],"curies":[{"name":"wp","href":"https:\/\/api.w.org\/{rel}","templated":true}]}}