{"id":45189,"date":"2023-05-10T19:11:02","date_gmt":"2023-05-10T12:11:02","guid":{"rendered":"https:\/\/mouldking.store\/shop\/joytoy-jt4201-wasteland-scavengers-nikos-with-1-pieces\/"},"modified":"2023-05-10T19:11:02","modified_gmt":"2023-05-10T12:11:02","slug":"joytoy-jt4201-wasteland-scavengers-nikos-with-1-pieces","status":"publish","type":"product","link":"https:\/\/mouldking.store\/hu\/shop\/joytoy-jt4201-wasteland-scavengers-nikos-with-1-pieces\/","title":{"rendered":"Joytoy JT4201 Wasteland Scavengers- Nikos with 1 Pieces"},"content":{"rendered":"<div>\u2705JOYTOY JT4201 Wasteland Scavengers- Nikos<\/p>\n<p>\u2705Nikos is a wasteland scavenger in the post-apocalyptic world of Warhammer 40,000. He is known for his exceptional mechanical skills and his ability to salvage and repair almost anything he comes across.<br \/>&nbsp;<br \/>\ud83d\udeab FONTOS!&nbsp;<br \/>&nbsp;<br \/>Product Name: Wasteland Scavengers- Nikos<br \/>&nbsp;<br \/>Kateg\u00f3ria: Alkot\u00f3&nbsp;<br \/>&nbsp;<br \/>This Kit Contains: JOYTOY JT4201&nbsp;<br \/>&nbsp;<br \/>1 pcs Good Quality Bricks&nbsp;<br \/>&nbsp;<br \/>Size: 10.5cm<br \/>&nbsp;<br \/>K\u00e9zi utas\u00edt\u00e1sok&nbsp;<br \/>&nbsp;<br \/>\ud83d\udcccA f\u0151szerepl\u0151 term\u00e9szete&nbsp;<br \/>&nbsp;<br \/>Introducing our proud collection named \u201cWasteland Scavengers- Nikos\u201d you should not miss.&nbsp;<br \/>&nbsp;<br \/>Nikos was born and raised in the wasteland, and he learned to scavenge and repair from a young age. He has a natural talent for understanding how machines work and how to fix them, which has made him a valuable asset to many wasteland groups. Despite his talent for mechanics, Nikos is not a fighter by nature. He prefers to avoid violence whenever possible, relying instead on his wits and his knowledge to survive. However, when pushed to the limit, Nikos is not afraid to defend himself or his companions, and he is a surprisingly effective fighter when the need arises. Nikos is also known for his sense of humor and his easy-going personality, which make him popular among his fellow scavengers. He is always willing to lend a hand or offer advice, and he has become something of a mentor to younger scavengers who are just starting out.<\/div>","protected":false},"excerpt":{"rendered":"<p>M\u00e1rka: Joytoy<br \/>\nNem: Uniszex<br \/>\nKoroszt\u00e1ly: &gt; 6 \u00e9v<br \/>\nModel Number: JT4201<br \/>\nBesorol\u00e1s: \u00d6sszeszerel\u00e9s<br \/>\nM\u0171anyag blokk forma: \u00f6nz\u00e1r\u00f3 t\u00e9gla<br \/>\nAnyaga: M\u0171anyag<br \/>\nM\u0171anyag t\u00edpus: ABS<br \/>\nBricks Blocks: 1 +<br \/>\nEredeti doboza nincs<\/p>","protected":false},"featured_media":45187,"comment_status":"open","ping_status":"closed","template":"","meta":{"_acf_changed":false},"product_cat":[1365,371],"product_tag":[11072,8452,11890,11886,11824,11885],"class_list":["product","first","instock","shipping-taxable","purchasable","product-type-simple"],"acf":[],"_links":{"self":[{"href":"https:\/\/mouldking.store\/hu\/wp-json\/wp\/v2\/product\/45189","targetHints":{"allow":["GET"]}}],"collection":[{"href":"https:\/\/mouldking.store\/hu\/wp-json\/wp\/v2\/product"}],"about":[{"href":"https:\/\/mouldking.store\/hu\/wp-json\/wp\/v2\/types\/product"}],"replies":[{"embeddable":true,"href":"https:\/\/mouldking.store\/hu\/wp-json\/wp\/v2\/comments?post=45189"}],"wp:featuredmedia":[{"embeddable":true,"href":"https:\/\/mouldking.store\/hu\/wp-json\/wp\/v2\/media\/45187"}],"wp:attachment":[{"href":"https:\/\/mouldking.store\/hu\/wp-json\/wp\/v2\/media?parent=45189"}],"wp:term":[{"taxonomy":"product_cat","embeddable":true,"href":"https:\/\/mouldking.store\/hu\/wp-json\/wp\/v2\/product_cat?post=45189"},{"taxonomy":"product_tag","embeddable":true,"href":"https:\/\/mouldking.store\/hu\/wp-json\/wp\/v2\/product_tag?post=45189"}],"curies":[{"name":"wp","href":"https:\/\/api.w.org\/{rel}","templated":true}]}}