{"id":45214,"date":"2023-05-15T09:02:49","date_gmt":"2023-05-15T02:02:49","guid":{"rendered":"https:\/\/mouldking.store\/shop\/moc-factory-moc-89393-my-singing-monsters-wubbox-orange-with-98-pieces\/"},"modified":"2025-12-16T22:25:00","modified_gmt":"2025-12-16T15:25:00","slug":"moc-factory-moc-89393-my-singing-monsters-wubbox-orange-with-98-pieces","status":"publish","type":"product","link":"https:\/\/mouldking.store\/hu\/shop\/moc-factory-moc-89393-my-singing-monsters-wubbox-orange-with-98-pieces\/","title":{"rendered":"MOC Factory MOC-89393 My Singing Monsters Wubbox Orange with 98 Pieces"},"content":{"rendered":"<div>\u2705 MOC-89393 My Singing Monsters Wubbox Orange<\/p>\n<p>\u2705My Singing Monsters is a popular mobile game that allows players to breed, raise, and collect a variety of musical monsters. One of the most coveted monsters in the game is the Wubbox.<\/p>\n<p>\ud83d\udeab FONTOS!<\/p>\n<p>Product Name: My Singing Monsters Wubbox Orange<\/p>\n<p>Kateg\u00f3ria: Film<\/p>\n<p>This Kit Contains: C9317Y04<\/p>\n<p>98&nbsp; pcs Good Quality Bricks<\/p>\n<p>Size: 8.5 x 3.8 x 10 cm<\/p>\n<p>Weight: 0.02 kg<\/p>\n<p>PDF \u00datmutat\u00f3<\/p>\n<p>\ud83d\udcccA f\u0151szerepl\u0151 term\u00e9szete<\/p>\n<p>Introducing our proud collection named \u201cMy Singing Monsters Wubbox Orange\u201d you should not miss.<\/p>\n<p>The Wubbox is a large, box-like monster with a big grin and glowing eyes. It is unique in that it requires all eight of the game&#8217;s basic monsters to be present in the player&#8217;s island before it can be activated. Once activated, the Wubbox produces a constant stream of music and coins, making it a valuable addition to any player&#8217;s collection. To obtain a Wubbox, players must first collect all eight basic monsters and place them on their island. Then, they must save up a significant amount of in-game currency to purchase the Wubbox. Once purchased, the Wubbox will need to be powered up with additional resources before it can start producing music and coins.<\/p><\/div>","protected":false},"excerpt":{"rendered":"<p>M\u00e1rka: MOC Factory<br \/>\nNem: Uniszex<br \/>\nKoroszt\u00e1ly: &gt; 6 \u00e9v<br \/>\nModel Number: MOC-89393<br \/>\nBesorol\u00e1s: \u00d6sszeszerel\u00e9s<br \/>\nM\u0171anyag blokk forma: \u00f6nz\u00e1r\u00f3 t\u00e9gla<br \/>\nAnyaga: M\u0171anyag<br \/>\nM\u0171anyag t\u00edpus: ABS<br \/>\nBricks Blocks: 98 +<br \/>\nEredeti doboza nincs<\/p>","protected":false},"featured_media":45207,"comment_status":"open","ping_status":"closed","template":"","meta":{"_acf_changed":false},"product_cat":[1365,371],"product_tag":[11072,8452,9139,11859,601,11860],"class_list":["product","first","instock","shipping-taxable","purchasable","product-type-simple"],"acf":[],"_links":{"self":[{"href":"https:\/\/mouldking.store\/hu\/wp-json\/wp\/v2\/product\/45214","targetHints":{"allow":["GET"]}}],"collection":[{"href":"https:\/\/mouldking.store\/hu\/wp-json\/wp\/v2\/product"}],"about":[{"href":"https:\/\/mouldking.store\/hu\/wp-json\/wp\/v2\/types\/product"}],"replies":[{"embeddable":true,"href":"https:\/\/mouldking.store\/hu\/wp-json\/wp\/v2\/comments?post=45214"}],"wp:featuredmedia":[{"embeddable":true,"href":"https:\/\/mouldking.store\/hu\/wp-json\/wp\/v2\/media\/45207"}],"wp:attachment":[{"href":"https:\/\/mouldking.store\/hu\/wp-json\/wp\/v2\/media?parent=45214"}],"wp:term":[{"taxonomy":"product_cat","embeddable":true,"href":"https:\/\/mouldking.store\/hu\/wp-json\/wp\/v2\/product_cat?post=45214"},{"taxonomy":"product_tag","embeddable":true,"href":"https:\/\/mouldking.store\/hu\/wp-json\/wp\/v2\/product_tag?post=45214"}],"curies":[{"name":"wp","href":"https:\/\/api.w.org\/{rel}","templated":true}]}}