{"id":45348,"date":"2023-05-17T12:37:29","date_gmt":"2023-05-17T05:37:29","guid":{"rendered":"https:\/\/mouldking.store\/shop\/lr-j907-mercedes-benz-unimog-motorhome-with-6689-pieces\/"},"modified":"2023-05-17T12:37:29","modified_gmt":"2023-05-17T05:37:29","slug":"lr-j907-mercedes-benz-unimog-motorhome-with-6689-pieces","status":"publish","type":"product","link":"https:\/\/mouldking.store\/hu\/shop\/lr-j907-mercedes-benz-unimog-motorhome-with-6689-pieces\/","title":{"rendered":"LR J907 Mercedes-Benz Unimog Motorhome with 6689 Pieces"},"content":{"rendered":"<div>\u2705 LR-J907 Mercedes-Benz Unimog Motorhome<br \/>&nbsp;<br \/>\u2705The Mercedes-Benz Unimog is a versatile and rugged off-road vehicle known for its exceptional off-road capabilities. It is commonly used in various industries, including agriculture, forestry, and emergency services. The Unimog is known for its unique design, high ground clearance, and exceptional mobility on challenging terrains.<br \/>&nbsp;<br \/>\ud83d\udeab FONTOS!&nbsp;<br \/>&nbsp;<br \/>Product Name: Mercedes-Benz Unimog Motorhome<br \/>&nbsp;<br \/>Kateg\u00f3ria: M\u0171szaki<br \/>&nbsp;<br \/>This Kit Contains: LR-J907&nbsp;<br \/>&nbsp;<br \/>6689 pcs Good Quality Bricks&nbsp;<br \/>&nbsp;<br \/>Size: 78 \u00d7 32 \u00d7 35 cm<br \/>&nbsp;<br \/>K\u00e9zi utas\u00edt\u00e1sok&nbsp;<br \/>&nbsp;<br \/>\ud83d\udcccA f\u0151szerepl\u0151 term\u00e9szete&nbsp;<br \/>&nbsp;<br \/>Introducing our proud collection named \u201cMercedes-Benz Unimog Motorhome\u201d you should not miss.&nbsp;<br \/>&nbsp;<br \/>The Unimog chassis provides a solid foundation for creating a motorhome or camper conversion. The large payload capacity, robust construction, and off-road capabilities of the Unimog make it suitable for accommodating living spaces, amenities, and equipment needed for extended travel and off-grid adventures. As a Mercedes-Benz product, the Unimog Motorhome benefits from the brand&#8217;s commitment to quality and craftsmanship. Mercedes-Benz is known for its attention to detail, advanced technology, and luxurious features, which can be incorporated into the motorhome conversion.<\/div>","protected":false},"excerpt":{"rendered":"<p>Brand: LR<br \/>\nNem: Uniszex<br \/>\nKoroszt\u00e1ly: 8 \u00e9v felett<br \/>\nModel Number: J907<br \/>\nBesorol\u00e1s: \u00d6sszeszerel\u00e9s<br \/>\nM\u0171anyag blokk forma: \u00f6nz\u00e1r\u00f3 t\u00e9gla<br \/>\nAnyaga: M\u0171anyag<br \/>\nM\u0171anyag t\u00edpus: ABS<br \/>\nBricks Blocks: 6689 +<br \/>\nEredeti doboza nincs<\/p>","protected":false},"featured_media":45341,"comment_status":"open","ping_status":"closed","template":"","meta":{"_acf_changed":false},"product_cat":[1357,364],"product_tag":[11275,11897,389,11080,8492],"class_list":["product","first","instock","shipping-taxable","purchasable","product-type-simple"],"acf":[],"_links":{"self":[{"href":"https:\/\/mouldking.store\/hu\/wp-json\/wp\/v2\/product\/45348","targetHints":{"allow":["GET"]}}],"collection":[{"href":"https:\/\/mouldking.store\/hu\/wp-json\/wp\/v2\/product"}],"about":[{"href":"https:\/\/mouldking.store\/hu\/wp-json\/wp\/v2\/types\/product"}],"replies":[{"embeddable":true,"href":"https:\/\/mouldking.store\/hu\/wp-json\/wp\/v2\/comments?post=45348"}],"wp:featuredmedia":[{"embeddable":true,"href":"https:\/\/mouldking.store\/hu\/wp-json\/wp\/v2\/media\/45341"}],"wp:attachment":[{"href":"https:\/\/mouldking.store\/hu\/wp-json\/wp\/v2\/media?parent=45348"}],"wp:term":[{"taxonomy":"product_cat","embeddable":true,"href":"https:\/\/mouldking.store\/hu\/wp-json\/wp\/v2\/product_cat?post=45348"},{"taxonomy":"product_tag","embeddable":true,"href":"https:\/\/mouldking.store\/hu\/wp-json\/wp\/v2\/product_tag?post=45348"}],"curies":[{"name":"wp","href":"https:\/\/api.w.org\/{rel}","templated":true}]}}