{"id":45370,"date":"2023-05-17T18:07:51","date_gmt":"2023-05-17T11:07:51","guid":{"rendered":"https:\/\/mouldking.store\/shop\/cada-c64004-formula-e-drift-racing-car-with-1667-pieces\/"},"modified":"2023-05-17T18:07:51","modified_gmt":"2023-05-17T11:07:51","slug":"cada-c64004-formula-e-drift-racing-car-with-1667-pieces","status":"publish","type":"product","link":"https:\/\/mouldking.store\/hu\/shop\/cada-c64004-formula-e-drift-racing-car-with-1667-pieces\/","title":{"rendered":"CaDa C64004 Formula E Drift Racing Car with 1667 Pieces"},"content":{"rendered":"<div>\u2705 Cada C64004 Formula E Drift Racing Car<br \/>&nbsp;<br \/>\u2705Formula E is a global electric car racing championship that focuses on promoting sustainable and environmentally friendly motorsport. Drifting, on the other hand, is a driving technique where the driver intentionally oversteers the car, causing the rear wheels to lose traction and slide sideways.<br \/>&nbsp;<br \/>\ud83d\udeab FONTOS!&nbsp;<br \/>&nbsp;<br \/>Product Name: Formula E Drift Racing Car<br \/>&nbsp;<br \/>Kateg\u00f3ria: M\u0171szaki<br \/>&nbsp;<br \/>This Kit Contains: Cada C64004<br \/>&nbsp;<br \/>1667 pcs Good Quality Bricks&nbsp;<br \/>&nbsp;<br \/>Size: 59.6 \u00d7 23.6 \u00d7 13.8 cm<br \/>&nbsp;<br \/>K\u00e9zi utas\u00edt\u00e1sok&nbsp;<br \/>&nbsp;<br \/>\ud83d\udcccA f\u0151szerepl\u0151 term\u00e9szete&nbsp;<br \/>&nbsp;<br \/>Introducing our proud collection named \u201cFormula E Drift Racing Car\u201d you should not miss.&nbsp;<br \/>&nbsp;<br \/>While Formula E showcases the capabilities of electric racing cars in terms of speed, efficiency, and handling, drifting is not typically a part of the competition. Formula E races are conducted on street circuits, often in urban settings, and the emphasis is on efficient racing and energy management rather than drifting maneuvers.&nbsp;<\/div>","protected":false},"excerpt":{"rendered":"<p>M\u00e1rka: CaDa<br \/>\nNem: Uniszex<br \/>\nKoroszt\u00e1ly: 8 \u00e9v felett<br \/>\nModel Number: C64004<br \/>\nBesorol\u00e1s: \u00d6sszeszerel\u00e9s<br \/>\nM\u0171anyag blokk forma: \u00f6nz\u00e1r\u00f3 t\u00e9gla<br \/>\nAnyaga: M\u0171anyag<br \/>\nM\u0171anyag t\u00edpus: ABS<br \/>\nBricks Blocks: 1667 +<br \/>\nCsak be\u00e1ll\u00edtva<br \/>\nEredeti doboza nincs<\/p>","protected":false},"featured_media":45364,"comment_status":"open","ping_status":"closed","template":"","meta":{"_acf_changed":false},"product_cat":[1360,1357,364],"product_tag":[457,11899,710,480,389,11080],"class_list":["product","first","instock","shipping-taxable","purchasable","product-type-simple"],"acf":[],"_links":{"self":[{"href":"https:\/\/mouldking.store\/hu\/wp-json\/wp\/v2\/product\/45370","targetHints":{"allow":["GET"]}}],"collection":[{"href":"https:\/\/mouldking.store\/hu\/wp-json\/wp\/v2\/product"}],"about":[{"href":"https:\/\/mouldking.store\/hu\/wp-json\/wp\/v2\/types\/product"}],"replies":[{"embeddable":true,"href":"https:\/\/mouldking.store\/hu\/wp-json\/wp\/v2\/comments?post=45370"}],"wp:featuredmedia":[{"embeddable":true,"href":"https:\/\/mouldking.store\/hu\/wp-json\/wp\/v2\/media\/45364"}],"wp:attachment":[{"href":"https:\/\/mouldking.store\/hu\/wp-json\/wp\/v2\/media?parent=45370"}],"wp:term":[{"taxonomy":"product_cat","embeddable":true,"href":"https:\/\/mouldking.store\/hu\/wp-json\/wp\/v2\/product_cat?post=45370"},{"taxonomy":"product_tag","embeddable":true,"href":"https:\/\/mouldking.store\/hu\/wp-json\/wp\/v2\/product_tag?post=45370"}],"curies":[{"name":"wp","href":"https:\/\/api.w.org\/{rel}","templated":true}]}}