{"id":45389,"date":"2023-05-17T18:41:03","date_gmt":"2023-05-17T11:41:03","guid":{"rendered":"https:\/\/mouldking.store\/shop\/jiestar-91102-ferrari-f12-berlinetta-black-racing-car-with-3097-pieces\/"},"modified":"2023-05-17T18:41:03","modified_gmt":"2023-05-17T11:41:03","slug":"jiestar-91102-ferrari-f12-berlinetta-black-racing-car-with-3097-pieces","status":"publish","type":"product","link":"https:\/\/mouldking.store\/hu\/shop\/jiestar-91102-ferrari-f12-berlinetta-black-racing-car-with-3097-pieces\/","title":{"rendered":"JIESTAR 91102 Ferrari F12 Berlinetta Black Racing Car with 3097 Pieces"},"content":{"rendered":"<div>\u2705 JieStar 91102 Ferrari F12 Berlinetta Black Racing Car<br \/>&nbsp;<br \/>\u2705The Ferrari F12 Berlinetta is a high-performance grand tourer produced by the Italian automaker Ferrari. The F12 Berlinetta is powered by a naturally aspirated 6.3-liter V12 engine, which produces 730 horsepower and 509 lb-ft of torque. It is one of the most powerful naturally aspirated engines Ferrari has ever produced.&nbsp;<br \/>&nbsp;<br \/>\ud83d\udeab FONTOS!&nbsp;<br \/>&nbsp;<br \/>Product Name: Ferrari F12 Berlinetta Black Racing Car<br \/>&nbsp;<br \/>Kateg\u00f3ria: M\u0171szaki<br \/>&nbsp;<br \/>This Kit Contains: JieStar 91102&nbsp;<br \/>&nbsp;<br \/>3097 pcs Good Quality Bricks&nbsp;<br \/>&nbsp;<br \/>Size: 62 \u00d7 37 \u00d7 15 cm<br \/>&nbsp;<br \/>K\u00e9zi utas\u00edt\u00e1sok&nbsp;<br \/>&nbsp;<br \/>\ud83d\udcccA f\u0151szerepl\u0151 term\u00e9szete&nbsp;<br \/>&nbsp;<br \/>Introducing our proud collection named \u201cFerrari F12 Berlinetta Black Racing Car\u201d you should not miss.&nbsp;<br \/>&nbsp;<br \/>The F12 Berlinetta features a sleek and aerodynamic design, with aggressive lines and curves that enhance its visual appeal and improve its performance. It incorporates various aerodynamic elements to optimize downforce and stability at high speeds. While the F12 Berlinetta is primarily designed as a grand tourer, Ferrari has also developed racing versions based on it, such as the F12tdf (Tour de France). The F12tdf is a limited-edition track-focused variant that features aerodynamic enhancements, weight reduction, increased power output, and improved handling characteristics.<\/div>","protected":false},"excerpt":{"rendered":"<p>M\u00e1rka: JIESTAR<br \/>\nNem: Uniszex<br \/>\nKoroszt\u00e1ly: 8 \u00e9v felett<br \/>\nModel Number: 91102<br \/>\nBesorol\u00e1s: \u00d6sszeszerel\u00e9s<br \/>\nM\u0171anyag blokk forma: \u00f6nz\u00e1r\u00f3 t\u00e9gla<br \/>\nAnyaga: M\u0171anyag<br \/>\nM\u0171anyag t\u00edpus: ABS<br \/>\nBricks Blocks: 3097 +<br \/>\nCsak be\u00e1ll\u00edtva<br \/>\nEredeti doboza nincs<\/p>","protected":false},"featured_media":45384,"comment_status":"open","ping_status":"closed","template":"","meta":{"_acf_changed":false},"product_cat":[1360,1357,364],"product_tag":[457,1585,480,389,11080],"class_list":["product","first","instock","shipping-taxable","purchasable","product-type-simple"],"acf":[],"_links":{"self":[{"href":"https:\/\/mouldking.store\/hu\/wp-json\/wp\/v2\/product\/45389","targetHints":{"allow":["GET"]}}],"collection":[{"href":"https:\/\/mouldking.store\/hu\/wp-json\/wp\/v2\/product"}],"about":[{"href":"https:\/\/mouldking.store\/hu\/wp-json\/wp\/v2\/types\/product"}],"replies":[{"embeddable":true,"href":"https:\/\/mouldking.store\/hu\/wp-json\/wp\/v2\/comments?post=45389"}],"wp:featuredmedia":[{"embeddable":true,"href":"https:\/\/mouldking.store\/hu\/wp-json\/wp\/v2\/media\/45384"}],"wp:attachment":[{"href":"https:\/\/mouldking.store\/hu\/wp-json\/wp\/v2\/media?parent=45389"}],"wp:term":[{"taxonomy":"product_cat","embeddable":true,"href":"https:\/\/mouldking.store\/hu\/wp-json\/wp\/v2\/product_cat?post=45389"},{"taxonomy":"product_tag","embeddable":true,"href":"https:\/\/mouldking.store\/hu\/wp-json\/wp\/v2\/product_tag?post=45389"}],"curies":[{"name":"wp","href":"https:\/\/api.w.org\/{rel}","templated":true}]}}