{"id":45477,"date":"2023-05-19T10:09:38","date_gmt":"2023-05-19T03:09:38","guid":{"rendered":"https:\/\/mouldking.store\/shop\/moc-factory-140348-sea-serpent-automaton-with-488-pieces\/"},"modified":"2025-12-16T22:24:58","modified_gmt":"2025-12-16T15:24:58","slug":"moc-factory-140348-sea-serpent-automaton-with-488-pieces","status":"publish","type":"product","link":"https:\/\/mouldking.store\/hu\/shop\/moc-factory-140348-sea-serpent-automaton-with-488-pieces\/","title":{"rendered":"MOC Factory 140348 Sea Serpent Automaton with 488 Pieces"},"content":{"rendered":"<div>\u2705 MOC-140348 Sea Serpent Automaton<\/p>\n<p>\u2705A Sea Serpent Automaton is a fictional mechanical creature designed to resemble a serpent or dragon-like creature that inhabits the sea. It combines the elements of an automaton, a self-operating machine, with the characteristics of a mythical sea serpent.&nbsp;<\/p>\n<p>\ud83d\udeab FONTOS!<\/p>\n<p>Product Name: Sea Serpent Automaton<\/p>\n<p>Kateg\u00f3ria: Alkot\u00f3<\/p>\n<p>This Kit Contains: C9398<\/p>\n<p>488 pcs Good Quality Bricks<\/p>\n<p>Size: 18 x 8 x 9 cm<\/p>\n<p>Weight: 0.29 kg<\/p>\n<p>PDF \u00datmutat\u00f3<\/p>\n<p>\ud83d\udcccA f\u0151szerepl\u0151 term\u00e9szete<\/p>\n<p>Introducing our proud collection named \u201cSea Serpent Automaton\u201d you should not miss.<\/p>\n<p>The Sea Serpent Automaton is crafted with intricate details, mimicking the sinuous and scaled body of a sea serpent. It is typically made from a combination of metals, gears, and other mechanical components. The serpent&#8217;s body is flexible, allowing it to move in a lifelike manner as it glides through the water. The Sea Serpent Automaton&#8217;s movements are driven by a complex system of gears, hydraulics, or other mechanisms concealed within its body. These mechanisms allow it to slither through the water, replicating the undulating motions of a real serpent. The automaton&#8217;s body may have articulated segments that provide flexibility and enhance the fluidity of its movements.<\/p><\/div>","protected":false},"excerpt":{"rendered":"<p>M\u00e1rka: MOC Factory<br \/>\nNem: Uniszex<br \/>\nKoroszt\u00e1ly: &gt; 6 \u00e9v<br \/>\nModel Number: 140348<br \/>\nBesorol\u00e1s: \u00d6sszeszerel\u00e9s<br \/>\nM\u0171anyag blokk forma: \u00f6nz\u00e1r\u00f3 t\u00e9gla<br \/>\nAnyaga: M\u0171anyag<br \/>\nM\u0171anyag t\u00edpus: ABS<br \/>\nBricks Blocks: 488 +<br \/>\nEredeti doboza nincs<\/p>","protected":false},"featured_media":45474,"comment_status":"open","ping_status":"closed","template":"","meta":{"_acf_changed":false},"product_cat":[1365,371],"product_tag":[11910,11072,8452,11909],"class_list":["product","first","instock","shipping-taxable","purchasable","product-type-simple"],"acf":[],"_links":{"self":[{"href":"https:\/\/mouldking.store\/hu\/wp-json\/wp\/v2\/product\/45477","targetHints":{"allow":["GET"]}}],"collection":[{"href":"https:\/\/mouldking.store\/hu\/wp-json\/wp\/v2\/product"}],"about":[{"href":"https:\/\/mouldking.store\/hu\/wp-json\/wp\/v2\/types\/product"}],"replies":[{"embeddable":true,"href":"https:\/\/mouldking.store\/hu\/wp-json\/wp\/v2\/comments?post=45477"}],"wp:featuredmedia":[{"embeddable":true,"href":"https:\/\/mouldking.store\/hu\/wp-json\/wp\/v2\/media\/45474"}],"wp:attachment":[{"href":"https:\/\/mouldking.store\/hu\/wp-json\/wp\/v2\/media?parent=45477"}],"wp:term":[{"taxonomy":"product_cat","embeddable":true,"href":"https:\/\/mouldking.store\/hu\/wp-json\/wp\/v2\/product_cat?post=45477"},{"taxonomy":"product_tag","embeddable":true,"href":"https:\/\/mouldking.store\/hu\/wp-json\/wp\/v2\/product_tag?post=45477"}],"curies":[{"name":"wp","href":"https:\/\/api.w.org\/{rel}","templated":true}]}}