{"id":45514,"date":"2023-05-19T10:34:14","date_gmt":"2023-05-19T03:34:14","guid":{"rendered":"https:\/\/mouldking.store\/shop\/moc-factory-89374-splatoon-3-inklings-blue-with-126-pieces\/"},"modified":"2025-12-16T22:24:58","modified_gmt":"2025-12-16T15:24:58","slug":"moc-factory-89374-splatoon-3-inklings-blue-with-126-pieces","status":"publish","type":"product","link":"https:\/\/mouldking.store\/hu\/shop\/moc-factory-89374-splatoon-3-inklings-blue-with-126-pieces\/","title":{"rendered":"MOC Factory 89374 Splatoon 3 Inklings Blue with 126 Pieces"},"content":{"rendered":"<div>\u2705 MOC-89374 Splatoon 3 Inklings Blue&nbsp;<\/p>\n<p>\u2705Splatoon 3 is the third installment in the Splatoon series, a popular video game franchise developed by Nintendo. In Splatoon 3, players take control of characters called Inklings, who are humanoid creatures that can transform between humanoid and squid-like forms.<\/p>\n<p>\ud83d\udeab FONTOS!<\/p>\n<p>Product Name: Splatoon 3 Inklings Blue&nbsp;<\/p>\n<p>Kateg\u00f3ria: Film<\/p>\n<p>This Kit Contains: C9407Y02<\/p>\n<p>126 pcs Good Quality Bricks<\/p>\n<p>Size: 10.1 x 7.6 x 11.1 cm<\/p>\n<p>Weight: 0.05 kg<\/p>\n<p>PDF \u00datmutat\u00f3<\/p>\n<p>\ud83d\udcccA f\u0151szerepl\u0151 term\u00e9szete<\/p>\n<p>Introducing our proud collection named \u201cSplatoon 3 Inklings Blue \u201d you should not miss.<\/p>\n<p>Inklings have a distinct and colorful appearance. They typically have ink-splattered hair, expressive eyes, and various clothing styles. Their appearance can be customized by players, allowing for a unique look for each Inkling. Inklings have the ability to transform into squid-like forms, which allows them to swim through their own ink and reach otherwise inaccessible areas. This transformation is an integral part of the gameplay mechanics in the Splatoon series.&nbsp; Inklings in Splatoon 3 have access to a wide range of ink-based weapons, such as ink guns, brushes, rollers, and more. Players can also equip their Inklings with various clothing items and gear that provide different abilities and enhance their performance in battles.<\/p><\/div>","protected":false},"excerpt":{"rendered":"<p>M\u00e1rka: MOC Factory<br \/>\nNem: Uniszex<br \/>\nKoroszt\u00e1ly: &gt; 6 \u00e9v<br \/>\nModel Number: 89374<br \/>\nBesorol\u00e1s: \u00d6sszeszerel\u00e9s<br \/>\nM\u0171anyag blokk forma: \u00f6nz\u00e1r\u00f3 t\u00e9gla<br \/>\nAnyaga: M\u0171anyag<br \/>\nM\u0171anyag t\u00edpus: ABS<br \/>\nBricks Blocks: 126 +<br \/>\nEredeti doboza nincs<\/p>","protected":false},"featured_media":45509,"comment_status":"open","ping_status":"closed","template":"","meta":{"_acf_changed":false},"product_cat":[1365,371],"product_tag":[11072,8452,9139,11912,11911],"class_list":["product","first","instock","shipping-taxable","purchasable","product-type-simple"],"acf":[],"_links":{"self":[{"href":"https:\/\/mouldking.store\/hu\/wp-json\/wp\/v2\/product\/45514","targetHints":{"allow":["GET"]}}],"collection":[{"href":"https:\/\/mouldking.store\/hu\/wp-json\/wp\/v2\/product"}],"about":[{"href":"https:\/\/mouldking.store\/hu\/wp-json\/wp\/v2\/types\/product"}],"replies":[{"embeddable":true,"href":"https:\/\/mouldking.store\/hu\/wp-json\/wp\/v2\/comments?post=45514"}],"wp:featuredmedia":[{"embeddable":true,"href":"https:\/\/mouldking.store\/hu\/wp-json\/wp\/v2\/media\/45509"}],"wp:attachment":[{"href":"https:\/\/mouldking.store\/hu\/wp-json\/wp\/v2\/media?parent=45514"}],"wp:term":[{"taxonomy":"product_cat","embeddable":true,"href":"https:\/\/mouldking.store\/hu\/wp-json\/wp\/v2\/product_cat?post=45514"},{"taxonomy":"product_tag","embeddable":true,"href":"https:\/\/mouldking.store\/hu\/wp-json\/wp\/v2\/product_tag?post=45514"}],"curies":[{"name":"wp","href":"https:\/\/api.w.org\/{rel}","templated":true}]}}