{"id":45563,"date":"2023-05-19T11:23:17","date_gmt":"2023-05-19T04:23:17","guid":{"rendered":"https:\/\/mouldking.store\/shop\/wangao-288002-long-march-5-launch-vehicle-with-1000-pieces\/"},"modified":"2023-05-19T11:23:17","modified_gmt":"2023-05-19T04:23:17","slug":"wangao-288002-long-march-5-launch-vehicle-with-1000-pieces","status":"publish","type":"product","link":"https:\/\/mouldking.store\/hu\/shop\/wangao-288002-long-march-5-launch-vehicle-with-1000-pieces\/","title":{"rendered":"Wangao 288002 Long March 5 Launch Vehicle with 1000 Pieces"},"content":{"rendered":"<div>\u2705 Wangao 288002 Long March 5 Launch Vehicle<\/p>\n<p>\u2705The Long March 5 is a Chinese expendable heavy-lift launch vehicle developed by the China National Space Administration (CNSA). It is designed to launch large payloads into space, including communication satellites, scientific missions, and modules for China&#8217;s space station.<br \/>&nbsp;<br \/>\ud83d\udeab FONTOS!&nbsp;<br \/>&nbsp;<br \/>Product Name: Long March 5 Launch Vehicle<\/p>\n<p>Kateg\u00f3ria: \u0170r<br \/>&nbsp;<br \/>This Kit Contains: Wangao 288002<br \/>&nbsp;<br \/>1000 pcs Good Quality Bricks&nbsp;<br \/>&nbsp;<br \/>Size:&nbsp; 8.9 \u00d7 8.9 \u00d7 34.6 cm<br \/>&nbsp;<br \/>K\u00e9zi utas\u00edt\u00e1sok&nbsp;<br \/>&nbsp;<br \/>\ud83d\udcccA f\u0151szerepl\u0151 term\u00e9szete&nbsp;<br \/>&nbsp;<br \/>Introducing our proud collection named \u201cLong March 5 Launch Vehicle\u201d you should not miss.&nbsp;<br \/>&nbsp;<br \/>The Long March 5 has a payload capacity of approximately 14 metric tons to geostationary transfer orbit (GTO) or up to 25 metric tons to low Earth orbit (LEO). This makes it one of China&#8217;s most powerful rockets and enables it to carry substantial payloads. The Long March 5 represents a significant advancement in China&#8217;s space launch capabilities. Its development has helped expand China&#8217;s space exploration and satellite deployment capabilities. Additionally, a more powerful variant of the Long March 5, known as the Long March 5B, has been developed for launching the Tianzhou cargo spacecraft and core modules of China&#8217;s space station.<\/div>","protected":false},"excerpt":{"rendered":"<p>Brand: Wangao<br \/>\nNem: Uniszex<br \/>\nKoroszt\u00e1ly: &gt; 6 \u00e9v<br \/>\nModel Number: 288002<br \/>\nBesorol\u00e1s: \u00d6sszeszerel\u00e9s<br \/>\nM\u0171anyag blokk forma: \u00f6nz\u00e1r\u00f3 t\u00e9gla<br \/>\nAnyaga: M\u0171anyag<br \/>\nM\u0171anyag t\u00edpus: ABS<br \/>\nBricks Blocks: 1000 +<br \/>\nA darabok v\u00e1ltozhatnak<br \/>\nEredeti doboza nincs<\/p>","protected":false},"featured_media":45557,"comment_status":"open","ping_status":"closed","template":"","meta":{"_acf_changed":false},"product_cat":[1357,6016,364],"product_tag":[11481,11917,11918,2276,389,2803],"class_list":["product","first","instock","shipping-taxable","purchasable","product-type-simple"],"acf":[],"_links":{"self":[{"href":"https:\/\/mouldking.store\/hu\/wp-json\/wp\/v2\/product\/45563","targetHints":{"allow":["GET"]}}],"collection":[{"href":"https:\/\/mouldking.store\/hu\/wp-json\/wp\/v2\/product"}],"about":[{"href":"https:\/\/mouldking.store\/hu\/wp-json\/wp\/v2\/types\/product"}],"replies":[{"embeddable":true,"href":"https:\/\/mouldking.store\/hu\/wp-json\/wp\/v2\/comments?post=45563"}],"wp:featuredmedia":[{"embeddable":true,"href":"https:\/\/mouldking.store\/hu\/wp-json\/wp\/v2\/media\/45557"}],"wp:attachment":[{"href":"https:\/\/mouldking.store\/hu\/wp-json\/wp\/v2\/media?parent=45563"}],"wp:term":[{"taxonomy":"product_cat","embeddable":true,"href":"https:\/\/mouldking.store\/hu\/wp-json\/wp\/v2\/product_cat?post=45563"},{"taxonomy":"product_tag","embeddable":true,"href":"https:\/\/mouldking.store\/hu\/wp-json\/wp\/v2\/product_tag?post=45563"}],"curies":[{"name":"wp","href":"https:\/\/api.w.org\/{rel}","templated":true}]}}