{"id":45605,"date":"2023-05-19T12:11:13","date_gmt":"2023-05-19T05:11:13","guid":{"rendered":"https:\/\/mouldking.store\/shop\/jiestar-58001-heros-ship-with-921-pieces\/"},"modified":"2023-05-19T12:11:13","modified_gmt":"2023-05-19T05:11:13","slug":"jiestar-58001-heros-ship-with-921-pieces","status":"publish","type":"product","link":"https:\/\/mouldking.store\/hu\/shop\/jiestar-58001-heros-ship-with-921-pieces\/","title":{"rendered":"JIESTAR 58001 Heros Ship with 921 Pieces"},"content":{"rendered":"<div>\u2705 JIE Star 58001 Heros Ship<br \/>&nbsp;<br \/>\u2705The JIE Star 58001 Creator Expert Heros Ship set consists of building blocks made from ABS plastic. It includes a significant number of pieces, typically around 921\u00b1pcs, that can be assembled to create a detailed ship model. The set may feature various intricate details and accessories to enhance the overall appearance of the ship.<br \/>&nbsp;<br \/>\ud83d\udeab FONTOS!&nbsp;<br \/>&nbsp;<br \/>Product Name: Heros Ship<br \/>&nbsp;<br \/>Kateg\u00f3ria: Alkot\u00f3&nbsp;<br \/>&nbsp;<br \/>This Kit Contains:&nbsp; JIE Star 58001&nbsp;<br \/>&nbsp;<br \/>921 pcs Good Quality Bricks&nbsp;<br \/>&nbsp;<br \/>Size: 37 \u00d7 10.5 \u00d7 29 cm<br \/>&nbsp;<br \/>K\u00e9zi utas\u00edt\u00e1sok&nbsp;<br \/>&nbsp;<br \/>\ud83d\udcccA f\u0151szerepl\u0151 term\u00e9szete&nbsp;<br \/>&nbsp;<br \/>Introducing our proud collection named \u201cHeros Ship\u201d you should not miss.&nbsp;<br \/>&nbsp;<br \/>The JIE Star 58001 Creator Expert Heros Ship set is often designed to be compatible with other major building block brands. This means you can combine the pieces from this set with blocks from other building block sets to expand your creative possibilities and build larger structures or scenes. Building block sets like this one offer various educational benefits. They promote spatial awareness, fine motor skills, creativity, and problem-solving abilities. As you construct the ship model, you can learn about the structure and design of ships, as well as develop patience and attention to detail.<\/div>","protected":false},"excerpt":{"rendered":"<p>M\u00e1rka: JIESTAR<br \/>\nNem: Uniszex<br \/>\nKoroszt\u00e1ly: &gt; 6 \u00e9v<br \/>\nModel Number: 58001<br \/>\nBesorol\u00e1s: \u00d6sszeszerel\u00e9s<br \/>\nM\u0171anyag blokk forma: \u00f6nz\u00e1r\u00f3 t\u00e9gla<br \/>\nAnyaga: M\u0171anyag<br \/>\nM\u0171anyag t\u00edpus: ABS<br \/>\nBricks Blocks: 921 +<br \/>\nEredeti doboza nincs<\/p>","protected":false},"featured_media":45599,"comment_status":"open","ping_status":"closed","template":"","meta":{"_acf_changed":false},"product_cat":[1365,371],"product_tag":[11072,8452,304],"class_list":["product","first","instock","shipping-taxable","purchasable","product-type-simple"],"acf":[],"_links":{"self":[{"href":"https:\/\/mouldking.store\/hu\/wp-json\/wp\/v2\/product\/45605","targetHints":{"allow":["GET"]}}],"collection":[{"href":"https:\/\/mouldking.store\/hu\/wp-json\/wp\/v2\/product"}],"about":[{"href":"https:\/\/mouldking.store\/hu\/wp-json\/wp\/v2\/types\/product"}],"replies":[{"embeddable":true,"href":"https:\/\/mouldking.store\/hu\/wp-json\/wp\/v2\/comments?post=45605"}],"wp:featuredmedia":[{"embeddable":true,"href":"https:\/\/mouldking.store\/hu\/wp-json\/wp\/v2\/media\/45599"}],"wp:attachment":[{"href":"https:\/\/mouldking.store\/hu\/wp-json\/wp\/v2\/media?parent=45605"}],"wp:term":[{"taxonomy":"product_cat","embeddable":true,"href":"https:\/\/mouldking.store\/hu\/wp-json\/wp\/v2\/product_cat?post=45605"},{"taxonomy":"product_tag","embeddable":true,"href":"https:\/\/mouldking.store\/hu\/wp-json\/wp\/v2\/product_tag?post=45605"}],"curies":[{"name":"wp","href":"https:\/\/api.w.org\/{rel}","templated":true}]}}