{"id":45618,"date":"2023-05-19T12:31:34","date_gmt":"2023-05-19T05:31:34","guid":{"rendered":"https:\/\/mouldking.store\/shop\/mork-033007-medieval-bakery-shop-with-1407-pieces\/"},"modified":"2023-05-19T12:31:34","modified_gmt":"2023-05-19T05:31:34","slug":"mork-033007-medieval-bakery-shop-with-1407-pieces","status":"publish","type":"product","link":"https:\/\/mouldking.store\/hu\/shop\/mork-033007-medieval-bakery-shop-with-1407-pieces\/","title":{"rendered":"MORK 033007 K\u00d6Z\u00c9PKORI P\u00c9KS\u00c9G 1407 darabos \u00fczlet"},"content":{"rendered":"<div>\u2705 Mork 033007 MEDIEVAL BAKERY Shop<br \/>&nbsp;<br \/>\u2705The Mork 033007 Creator Medieval Bakery Shop set consists of building blocks made from ABS plastic. It typically includes around 1407\u00b1pcs, which can be assembled to create a detailed modular building. The set features elements and accessories that resemble a medieval-style bakery shop, including walls, windows, doors, a roof, and interior details.<br \/>&nbsp;<br \/>\ud83d\udeab FONTOS!&nbsp;<br \/>&nbsp;<br \/>Product Name: MEDIEVAL BAKERY Shop<br \/>&nbsp;<br \/>Kateg\u00f3ria: Modul\u00e1ris \u00e9p\u00fclet<br \/>&nbsp;<br \/>This Kit Contains: Mork 033007<br \/>&nbsp;<br \/>1407 pcs Good Quality Bricks&nbsp;<br \/>&nbsp;<br \/>Size: 23 \u00d7 25 \u00d7 29 cm<br \/>&nbsp;<br \/>K\u00e9zi utas\u00edt\u00e1sok&nbsp;<br \/>&nbsp;<br \/>\ud83d\udcccA f\u0151szerepl\u0151 term\u00e9szete&nbsp;<br \/>&nbsp;<br \/>Introducing our proud collection named \u201cMEDIEVAL BAKERY Shop\u201d you should not miss.&nbsp;<br \/>&nbsp;<br \/>The set is themed around a medieval bakery shop, evoking the atmosphere and architecture of the Middle Ages. The included elements and details are designed to reflect the aesthetics and style of that time period, creating an immersive play experience. Building block sets like this one offer various educational benefits. They promote creativity, fine motor skills, spatial awareness, and problem-solving abilities. As you construct the medieval bakery shop, you can engage in imaginative play and learn about medieval architecture and daily life.<\/div>","protected":false},"excerpt":{"rendered":"<p>Brand: MORK<br \/>\nNem: Uniszex<br \/>\nKoroszt\u00e1ly: &gt; 6 \u00e9v<br \/>\nModel Number: 033007<br \/>\nBesorol\u00e1s: \u00d6sszeszerel\u00e9s<br \/>\nM\u0171anyag blokk forma: \u00f6nz\u00e1r\u00f3 t\u00e9gla<br \/>\nAnyaga: M\u0171anyag<br \/>\nM\u0171anyag t\u00edpus: ABS<br \/>\nBricks Blocks: 1407 +<br \/>\nEredeti doboza nincs<\/p>","protected":false},"featured_media":45612,"comment_status":"open","ping_status":"closed","template":"","meta":{"_acf_changed":false},"product_cat":[1395,390],"product_tag":[8594,4883,11099,392],"class_list":["product","first","instock","shipping-taxable","purchasable","product-type-simple"],"acf":[],"_links":{"self":[{"href":"https:\/\/mouldking.store\/hu\/wp-json\/wp\/v2\/product\/45618","targetHints":{"allow":["GET"]}}],"collection":[{"href":"https:\/\/mouldking.store\/hu\/wp-json\/wp\/v2\/product"}],"about":[{"href":"https:\/\/mouldking.store\/hu\/wp-json\/wp\/v2\/types\/product"}],"replies":[{"embeddable":true,"href":"https:\/\/mouldking.store\/hu\/wp-json\/wp\/v2\/comments?post=45618"}],"wp:featuredmedia":[{"embeddable":true,"href":"https:\/\/mouldking.store\/hu\/wp-json\/wp\/v2\/media\/45612"}],"wp:attachment":[{"href":"https:\/\/mouldking.store\/hu\/wp-json\/wp\/v2\/media?parent=45618"}],"wp:term":[{"taxonomy":"product_cat","embeddable":true,"href":"https:\/\/mouldking.store\/hu\/wp-json\/wp\/v2\/product_cat?post=45618"},{"taxonomy":"product_tag","embeddable":true,"href":"https:\/\/mouldking.store\/hu\/wp-json\/wp\/v2\/product_tag?post=45618"}],"curies":[{"name":"wp","href":"https:\/\/api.w.org\/{rel}","templated":true}]}}