{"id":45625,"date":"2023-05-19T14:20:19","date_gmt":"2023-05-19T07:20:19","guid":{"rendered":"https:\/\/mouldking.store\/shop\/mork-033005-medieval-watermill-with-1443-pieces\/"},"modified":"2023-05-19T14:20:19","modified_gmt":"2023-05-19T07:20:19","slug":"mork-033005-medieval-watermill-with-1443-pieces","status":"publish","type":"product","link":"https:\/\/mouldking.store\/hu\/shop\/mork-033005-medieval-watermill-with-1443-pieces\/","title":{"rendered":"MORK 033005 MEDIEVAL WATERMILL with 1443 Pieces"},"content":{"rendered":"<div>\u2705 Mork 033005 MEDIEVAL WATERMILL<br \/>&nbsp;<br \/>\u2705The Mork 033005 Creator Medieval Watermill set consists of building blocks made from ABS plastic. It typically includes around 1443\u00b1pcs, which can be assembled to create a detailed modular building. The set features elements and accessories that resemble a medieval-style watermill, including walls, windows, doors, a water wheel, and other architectural details.<br \/>&nbsp;<br \/>\ud83d\udeab FONTOS!&nbsp;<br \/>&nbsp;<br \/>Product Name: MEDIEVAL WATERMILL<br \/>&nbsp;<br \/>Kateg\u00f3ria: Modul\u00e1ris \u00e9p\u00fclet<br \/>&nbsp;<br \/>This Kit Contains: Mork 033005&nbsp;<br \/>&nbsp;<br \/>1443 pcs Good Quality Bricks&nbsp;<br \/>&nbsp;<br \/>Size: 32.5 \u00d7 28.5 \u00d7 24 cm<br \/>&nbsp;<br \/>K\u00e9zi utas\u00edt\u00e1sok&nbsp;<br \/>&nbsp;<br \/>\ud83d\udcccA f\u0151szerepl\u0151 term\u00e9szete&nbsp;<br \/>&nbsp;<br \/>Introducing our proud collection named \u201c32.5 \u00d7 28.5 \u00d7 24 cm\u201d you should not miss.&nbsp;<br \/>&nbsp;<br \/>The set is specifically themed around a medieval watermill, capturing the essence of water-powered mills from the Middle Ages. The included elements and details aim to replicate the architectural style and functionality of a watermill, creating an engaging and immersive play experience. Building block sets like this one offer various educational benefits. They promote creativity, fine motor skills, spatial awareness, and problem-solving abilities. As you construct the medieval watermill, you can learn about medieval architecture, mechanical systems, and the role of watermills in historical societies.<\/div>","protected":false},"excerpt":{"rendered":"<p>Brand: MORK<br \/>\nNem: Uniszex<br \/>\nKoroszt\u00e1ly: 8 \u00e9v felett<br \/>\nModel Number: 033005<br \/>\nBesorol\u00e1s: \u00d6sszeszerel\u00e9s<br \/>\nM\u0171anyag blokk forma: \u00f6nz\u00e1r\u00f3 t\u00e9gla<br \/>\nAnyaga: M\u0171anyag<br \/>\nM\u0171anyag t\u00edpus: ABS<br \/>\nBricks Blocks: 1443 +<br \/>\nEredeti doboza nincs<\/p>","protected":false},"featured_media":45619,"comment_status":"open","ping_status":"closed","template":"","meta":{"_acf_changed":false},"product_cat":[1365,1395,371,390],"product_tag":[11072,8452,4996,392,10338],"class_list":["product","first","instock","shipping-taxable","purchasable","product-type-simple"],"acf":[],"_links":{"self":[{"href":"https:\/\/mouldking.store\/hu\/wp-json\/wp\/v2\/product\/45625","targetHints":{"allow":["GET"]}}],"collection":[{"href":"https:\/\/mouldking.store\/hu\/wp-json\/wp\/v2\/product"}],"about":[{"href":"https:\/\/mouldking.store\/hu\/wp-json\/wp\/v2\/types\/product"}],"replies":[{"embeddable":true,"href":"https:\/\/mouldking.store\/hu\/wp-json\/wp\/v2\/comments?post=45625"}],"wp:featuredmedia":[{"embeddable":true,"href":"https:\/\/mouldking.store\/hu\/wp-json\/wp\/v2\/media\/45619"}],"wp:attachment":[{"href":"https:\/\/mouldking.store\/hu\/wp-json\/wp\/v2\/media?parent=45625"}],"wp:term":[{"taxonomy":"product_cat","embeddable":true,"href":"https:\/\/mouldking.store\/hu\/wp-json\/wp\/v2\/product_cat?post=45625"},{"taxonomy":"product_tag","embeddable":true,"href":"https:\/\/mouldking.store\/hu\/wp-json\/wp\/v2\/product_tag?post=45625"}],"curies":[{"name":"wp","href":"https:\/\/api.w.org\/{rel}","templated":true}]}}