{"id":45743,"date":"2023-05-25T15:20:07","date_gmt":"2023-05-25T08:20:07","guid":{"rendered":"https:\/\/mouldking.store\/shop\/sluban-m38-b0712-spitfire-with-290-pieces\/"},"modified":"2023-05-25T15:20:07","modified_gmt":"2023-05-25T08:20:07","slug":"sluban-m38-b0712-spitfire-with-290-pieces","status":"publish","type":"product","link":"https:\/\/mouldking.store\/hu\/shop\/sluban-m38-b0712-spitfire-with-290-pieces\/","title":{"rendered":"Sluban M38-B0712 Spitfire with 290 Pieces"},"content":{"rendered":"<div>\u2705 SLUBAN M38-B0712 Spitfire<br \/>&nbsp;<br \/>\u2705The Spitfire is a legendary British fighter aircraft that played a crucial role during World War II. It is widely recognized as one of the most iconic and successful fighter planes of the war. Developed by Supermarine Aviation Works, the Spitfire became the backbone of the Royal Air Force (RAF) during the Battle of Britain and beyond.<br \/>&nbsp;<br \/>\ud83d\udeab FONTOS!&nbsp;<br \/>&nbsp;<br \/>Product Name: Spitfire<br \/>&nbsp;<br \/>Kateg\u00f3ria: Katonai<br \/>&nbsp;<br \/>This Kit Contains: SLUBAN M38-B0712<br \/>&nbsp;<br \/>290 db J\u00f3 min\u0151s\u00e9g\u0171 t\u00e9gla&nbsp;<br \/>&nbsp;<br \/>Size: 29.2 cm&nbsp;<br \/>&nbsp;<br \/>K\u00e9zi utas\u00edt\u00e1sok&nbsp;<br \/>&nbsp;<br \/>\ud83d\udcccA f\u0151szerepl\u0151 term\u00e9szete&nbsp;<br \/>&nbsp;<br \/>Introducing our proud collection named \u201cSpitfire\u201d you should not miss.&nbsp;<br \/>&nbsp;<br \/>The Spitfire&#8217;s legacy extends beyond the war itself. It is celebrated as an engineering masterpiece and an iconic symbol of British wartime ingenuity. Many Spitfires are still flying today, serving as a tribute to the aircraft&#8217;s enduring popularity and the bravery of the pilots who flew them during World War II.<\/div>","protected":false},"excerpt":{"rendered":"<p>M\u00e1rka: Sluban<br \/>\nNem: Uniszex<br \/>\nKoroszt\u00e1ly: &gt; 6 \u00e9v<br \/>\nModel Number: M38-B0712<br \/>\nBesorol\u00e1s: \u00d6sszeszerel\u00e9s<br \/>\nM\u0171anyag blokk forma: \u00f6nz\u00e1r\u00f3 t\u00e9gla<br \/>\nAnyaga: M\u0171anyag<br \/>\nM\u0171anyag t\u00edpus: ABS<br \/>\nT\u00e9gla T\u00e9gla: 290+<br \/>\nEredeti doboza nincs<\/p>","protected":false},"featured_media":45737,"comment_status":"open","ping_status":"closed","template":"","meta":{"_acf_changed":false},"product_cat":[1350,1357,372,364],"product_tag":[374,11951,11952,389],"class_list":["product","first","instock","shipping-taxable","purchasable","product-type-simple"],"acf":[],"_links":{"self":[{"href":"https:\/\/mouldking.store\/hu\/wp-json\/wp\/v2\/product\/45743","targetHints":{"allow":["GET"]}}],"collection":[{"href":"https:\/\/mouldking.store\/hu\/wp-json\/wp\/v2\/product"}],"about":[{"href":"https:\/\/mouldking.store\/hu\/wp-json\/wp\/v2\/types\/product"}],"replies":[{"embeddable":true,"href":"https:\/\/mouldking.store\/hu\/wp-json\/wp\/v2\/comments?post=45743"}],"wp:featuredmedia":[{"embeddable":true,"href":"https:\/\/mouldking.store\/hu\/wp-json\/wp\/v2\/media\/45737"}],"wp:attachment":[{"href":"https:\/\/mouldking.store\/hu\/wp-json\/wp\/v2\/media?parent=45743"}],"wp:term":[{"taxonomy":"product_cat","embeddable":true,"href":"https:\/\/mouldking.store\/hu\/wp-json\/wp\/v2\/product_cat?post=45743"},{"taxonomy":"product_tag","embeddable":true,"href":"https:\/\/mouldking.store\/hu\/wp-json\/wp\/v2\/product_tag?post=45743"}],"curies":[{"name":"wp","href":"https:\/\/api.w.org\/{rel}","templated":true}]}}