{"id":45749,"date":"2023-05-25T15:20:40","date_gmt":"2023-05-25T08:20:40","guid":{"rendered":"https:\/\/mouldking.store\/shop\/sluban-m38-b0711-m13-40-medium-tank-with-463-pieces\/"},"modified":"2023-05-25T15:20:40","modified_gmt":"2023-05-25T08:20:40","slug":"sluban-m38-b0711-m13-40-medium-tank-with-463-pieces","status":"publish","type":"product","link":"https:\/\/mouldking.store\/hu\/shop\/sluban-m38-b0711-m13-40-medium-tank-with-463-pieces\/","title":{"rendered":"Sluban M38-B0711 M13\/40 Medium Tank with 463 Pieces"},"content":{"rendered":"<div>\u2705 SLUBAN M38-B0711 M13\/40 Medium Tank<br \/>&nbsp;<br \/>\u2705The M13\/40 was an Italian medium tank used during World War II. It was named after its weight, 13 tons, and the year of adoption, 1940. The M13\/40 was designed and produced by the Italian company Fiat-Ansaldo. It had a crew of four and was armed with a 47 mm main gun and several machine guns. The tank had a maximum armor thickness of 42 mm and was powered by a diesel engine, which gave it a top speed of around 32 km\/h (20 mph).<br \/>&nbsp;<br \/>\ud83d\udeab FONTOS!&nbsp;<br \/>&nbsp;<br \/>Product Name: M13\/40 Medium Tank<br \/>&nbsp;<br \/>Kateg\u00f3ria: Katonai&nbsp;<br \/>&nbsp;<br \/>This Kit Contains: SLUBAN M38-B0711&nbsp;<br \/>&nbsp;<br \/>463 db J\u00f3 min\u0151s\u00e9g\u0171 t\u00e9gla&nbsp;<br \/>&nbsp;<br \/>Size: 15.4-18 cm&nbsp;<br \/>&nbsp;<br \/>K\u00e9zi utas\u00edt\u00e1sok&nbsp;<br \/>&nbsp;<br \/>\ud83d\udcccA f\u0151szerepl\u0151 term\u00e9szete&nbsp;<br \/>&nbsp;<br \/>Introducing our proud collection named \u201cM13\/40 Medium Tank\u201d you should not miss.&nbsp;<br \/>&nbsp;<br \/>M13\/40 was an Italian medium tank that served during World War II. While it was the primary medium tank of the Italian Army at the time, it faced limitations in terms of armor, firepower, and mobility compared to more advanced tanks used by other nations. Nevertheless, it played a role in various campaigns, particularly in North Africa, before being surpassed by more capable tanks in later stages of the war.<\/div>","protected":false},"excerpt":{"rendered":"<p>M\u00e1rka: Sluban<br \/>\nNem: Uniszex<br \/>\nKoroszt\u00e1ly: &gt; 6 \u00e9v<br \/>\nModel Number: M38-B0711<br \/>\nBesorol\u00e1s: \u00d6sszeszerel\u00e9s<br \/>\nM\u0171anyag blokk forma: \u00f6nz\u00e1r\u00f3 t\u00e9gla<br \/>\nAnyaga: M\u0171anyag<br \/>\nM\u0171anyag t\u00edpus: ABS<br \/>\nT\u00e9gla blokkok: 463 +<br \/>\nEredeti doboza nincs<\/p>","protected":false},"featured_media":45744,"comment_status":"open","ping_status":"closed","template":"","meta":{"_acf_changed":false},"product_cat":[1350,1357,372,364],"product_tag":[3813,374,485,389],"class_list":["product","first","instock","shipping-taxable","purchasable","product-type-simple"],"acf":[],"_links":{"self":[{"href":"https:\/\/mouldking.store\/hu\/wp-json\/wp\/v2\/product\/45749","targetHints":{"allow":["GET"]}}],"collection":[{"href":"https:\/\/mouldking.store\/hu\/wp-json\/wp\/v2\/product"}],"about":[{"href":"https:\/\/mouldking.store\/hu\/wp-json\/wp\/v2\/types\/product"}],"replies":[{"embeddable":true,"href":"https:\/\/mouldking.store\/hu\/wp-json\/wp\/v2\/comments?post=45749"}],"wp:featuredmedia":[{"embeddable":true,"href":"https:\/\/mouldking.store\/hu\/wp-json\/wp\/v2\/media\/45744"}],"wp:attachment":[{"href":"https:\/\/mouldking.store\/hu\/wp-json\/wp\/v2\/media?parent=45749"}],"wp:term":[{"taxonomy":"product_cat","embeddable":true,"href":"https:\/\/mouldking.store\/hu\/wp-json\/wp\/v2\/product_cat?post=45749"},{"taxonomy":"product_tag","embeddable":true,"href":"https:\/\/mouldking.store\/hu\/wp-json\/wp\/v2\/product_tag?post=45749"}],"curies":[{"name":"wp","href":"https:\/\/api.w.org\/{rel}","templated":true}]}}