{"id":45799,"date":"2023-05-25T15:27:53","date_gmt":"2023-05-25T08:27:53","guid":{"rendered":"https:\/\/mouldking.store\/shop\/pantasy-86206-white-astro-boy-mechanical-clear-ver-with-1600-pieces\/"},"modified":"2023-05-25T15:27:53","modified_gmt":"2023-05-25T08:27:53","slug":"pantasy-86206-white-astro-boy-mechanical-clear-ver-with-1600-pieces","status":"publish","type":"product","link":"https:\/\/mouldking.store\/hu\/shop\/pantasy-86206-white-astro-boy-mechanical-clear-ver-with-1600-pieces\/","title":{"rendered":"Pantasy 86206 White Astro Boy Mechanical Clear Ver with 1600 Pieces"},"content":{"rendered":"<div>\u2705 Pantasy 86206 White Astro Boy Mechanical Clear Ver<br \/>&nbsp;<br \/>\u2705Astro Boy, also known as &#8220;Mighty Atom&#8221; or &#8220;Tetsuwan Atomu&#8221; in Japanese, is a beloved fictional character created by Osamu Tezuka. Astro Boy made his first appearance in 1952 as a manga (Japanese comic) and later became an iconic figure in anime (Japanese animation) and popular culture.<br \/>&nbsp;<br \/>\ud83d\udeab FONTOS!&nbsp;<br \/>&nbsp;<br \/>Product Name: White Astro Boy Mechanical Clear Ver<br \/>&nbsp;<br \/>Kateg\u00f3ria: Film<br \/>&nbsp;<br \/>This Kit Contains:&nbsp; Pantasy 86206<br \/>&nbsp;<br \/>1600 pcs Good Quality Bricks&nbsp;<br \/>&nbsp;<br \/>Size: 14.8 \u00d7 13.6 \u00d7 32.3 cm<br \/>&nbsp;<br \/>K\u00e9zi utas\u00edt\u00e1sok&nbsp;<br \/>&nbsp;<br \/>\ud83d\udcccA f\u0151szerepl\u0151 term\u00e9szete&nbsp;<br \/>&nbsp;<br \/>Introducing our proud collection named \u201cWhite Astro Boy Mechanical Clear Ver\u201d you should not miss.&nbsp;<br \/>&nbsp;<br \/>Astro Boy is a humanoid robot with advanced abilities and emotions. He was created by the brilliant scientist Dr. Tenma to replace his deceased son. Astro Boy possesses superhuman strength, jet-powered flight, the ability to shoot energy beams from his fingers, and a compassionate heart. The storyline of Astro Boy often revolves around themes of justice, humanity, and the coexistence of humans and robots. Astro Boy fights against various villains and threats to protect humanity and promote understanding between robots and humans.<\/div>","protected":false},"excerpt":{"rendered":"<p>M\u00e1rka: Pantasy<br \/>\nNem: Uniszex<br \/>\nKoroszt\u00e1ly: &gt; 6 \u00e9v<br \/>\nModel Number: 86206<br \/>\nBesorol\u00e1s: \u00d6sszeszerel\u00e9s<br \/>\nM\u0171anyag blokk forma: \u00f6nz\u00e1r\u00f3 t\u00e9gla<br \/>\nAnyaga: M\u0171anyag<br \/>\nM\u0171anyag t\u00edpus: ABS<br \/>\nBricks Blocks: 1600 +<br \/>\nA darabok v\u00e1ltozhatnak<br \/>\nEredeti doboza nincs<\/p>","protected":false},"featured_media":45793,"comment_status":"open","ping_status":"closed","template":"","meta":{"_acf_changed":false},"product_cat":[1365,371,581,1408],"product_tag":[7487,11072,8452,11136,434,590],"class_list":["product","first","instock","shipping-taxable","purchasable","product-type-simple"],"acf":[],"_links":{"self":[{"href":"https:\/\/mouldking.store\/hu\/wp-json\/wp\/v2\/product\/45799","targetHints":{"allow":["GET"]}}],"collection":[{"href":"https:\/\/mouldking.store\/hu\/wp-json\/wp\/v2\/product"}],"about":[{"href":"https:\/\/mouldking.store\/hu\/wp-json\/wp\/v2\/types\/product"}],"replies":[{"embeddable":true,"href":"https:\/\/mouldking.store\/hu\/wp-json\/wp\/v2\/comments?post=45799"}],"wp:featuredmedia":[{"embeddable":true,"href":"https:\/\/mouldking.store\/hu\/wp-json\/wp\/v2\/media\/45793"}],"wp:attachment":[{"href":"https:\/\/mouldking.store\/hu\/wp-json\/wp\/v2\/media?parent=45799"}],"wp:term":[{"taxonomy":"product_cat","embeddable":true,"href":"https:\/\/mouldking.store\/hu\/wp-json\/wp\/v2\/product_cat?post=45799"},{"taxonomy":"product_tag","embeddable":true,"href":"https:\/\/mouldking.store\/hu\/wp-json\/wp\/v2\/product_tag?post=45799"}],"curies":[{"name":"wp","href":"https:\/\/api.w.org\/{rel}","templated":true}]}}