{"id":45810,"date":"2023-05-25T15:29:29","date_gmt":"2023-05-25T08:29:29","guid":{"rendered":"https:\/\/mouldking.store\/shop\/panlosbrick-687003-mecha-godzilla-with-1908-pieces\/"},"modified":"2023-05-25T15:29:29","modified_gmt":"2023-05-25T08:29:29","slug":"panlosbrick-687003-mecha-godzilla-with-1908-pieces","status":"publish","type":"product","link":"https:\/\/mouldking.store\/hu\/shop\/panlosbrick-687003-mecha-godzilla-with-1908-pieces\/","title":{"rendered":"PANLOSBRICK 687003 Mecha Godzilla with 1908 Pieces"},"content":{"rendered":"<div>\u2705 PANLOS 687003 Mecha Godzilla<br \/>&nbsp;<br \/>\u2705Godzilla is a well-known fictional character that originated in a Japanese film franchise of the same name. It is a giant, prehistoric sea monster or kaiju that often wreaks havoc on cities while battling other monsters or defending Earth from various threats.<\/p>\n<\/div>\n<div>\ud83d\udeab FONTOS!&nbsp;<br \/>&nbsp;<br \/>Product Name: Mecha Godzilla<br \/>&nbsp;<br \/>Kateg\u00f3ria: Film<br \/>&nbsp;<br \/>This Kit Contains: PANLOS 687003<br \/>&nbsp;<br \/>1908 pcs Good Quality Bricks&nbsp;<br \/>&nbsp;<br \/>K\u00e9zi utas\u00edt\u00e1sok&nbsp;<br \/>&nbsp;<br \/>\ud83d\udcccA f\u0151szerepl\u0151 term\u00e9szete&nbsp;<br \/>&nbsp;<br \/>Introducing our proud collection named \u201cMecha Godzilla\u201d you should not miss.&nbsp;<br \/>&nbsp;<br \/>Godzilla first appeared in the 1954 Japanese film titled &#8220;Godzilla&#8221; (also known as &#8220;Gojira&#8221; in Japan), directed by Ishir\u014d Honda. The character became immensely popular and has since appeared in numerous films, TV shows, comics, and other forms of media. Godzilla is typically depicted as a massive creature with reptilian features, including rough, scaly skin, a long tail, powerful limbs, and its trademark dorsal fins that emit a radioactive heat beam known as &#8220;Atomic Breath.&#8221; Over the years, Godzilla&#8217;s appearance and abilities have evolved and varied across different iterations of the franchise.<\/div>","protected":false},"excerpt":{"rendered":"<p>M\u00e1rka: PANLOSBRICK<br \/>\nNem: Uniszex<br \/>\nKoroszt\u00e1ly: &gt; 6 \u00e9v<br \/>\nModel Number: 687003<br \/>\nBesorol\u00e1s: \u00d6sszeszerel\u00e9s<br \/>\nM\u0171anyag blokk forma: \u00f6nz\u00e1r\u00f3 t\u00e9gla<br \/>\nAnyaga: M\u0171anyag<br \/>\nM\u0171anyag t\u00edpus: ABS<br \/>\nBricks Blocks: 1908 +<br \/>\nEredeti doboza nincs<\/p>","protected":false},"featured_media":45806,"comment_status":"open","ping_status":"closed","template":"","meta":{"_acf_changed":false},"product_cat":[1365,371,581,1408],"product_tag":[11072,8452,3547,9302,434],"class_list":["product","first","instock","shipping-taxable","purchasable","product-type-simple"],"acf":[],"_links":{"self":[{"href":"https:\/\/mouldking.store\/hu\/wp-json\/wp\/v2\/product\/45810","targetHints":{"allow":["GET"]}}],"collection":[{"href":"https:\/\/mouldking.store\/hu\/wp-json\/wp\/v2\/product"}],"about":[{"href":"https:\/\/mouldking.store\/hu\/wp-json\/wp\/v2\/types\/product"}],"replies":[{"embeddable":true,"href":"https:\/\/mouldking.store\/hu\/wp-json\/wp\/v2\/comments?post=45810"}],"wp:featuredmedia":[{"embeddable":true,"href":"https:\/\/mouldking.store\/hu\/wp-json\/wp\/v2\/media\/45806"}],"wp:attachment":[{"href":"https:\/\/mouldking.store\/hu\/wp-json\/wp\/v2\/media?parent=45810"}],"wp:term":[{"taxonomy":"product_cat","embeddable":true,"href":"https:\/\/mouldking.store\/hu\/wp-json\/wp\/v2\/product_cat?post=45810"},{"taxonomy":"product_tag","embeddable":true,"href":"https:\/\/mouldking.store\/hu\/wp-json\/wp\/v2\/product_tag?post=45810"}],"curies":[{"name":"wp","href":"https:\/\/api.w.org\/{rel}","templated":true}]}}