{"id":45836,"date":"2023-05-25T15:33:11","date_gmt":"2023-05-25T08:33:11","guid":{"rendered":"https:\/\/mouldking.store\/shop\/sluban-m38-b0693-panzer-iv-with-543-pieces\/"},"modified":"2023-05-25T15:33:11","modified_gmt":"2023-05-25T08:33:11","slug":"sluban-m38-b0693-panzer-iv-with-543-pieces","status":"publish","type":"product","link":"https:\/\/mouldking.store\/hu\/shop\/sluban-m38-b0693-panzer-iv-with-543-pieces\/","title":{"rendered":"Sluban M38-B0693 Panzer IV with 543 Pieces"},"content":{"rendered":"<div>\u2705SLUBAN M38-B0693 Panzer IV<br \/>&nbsp;<br \/>\u2705The Panzer IV, also known as the PzKpfw IV, was a medium tank used by Germany during World War II. It was one of the most widely produced and versatile tanks in the German arsenal and played a significant role in armored warfare.<br \/>&nbsp;<br \/>\ud83d\udeab FONTOS!&nbsp;<br \/>&nbsp;<br \/>Product Name:&nbsp; Panzer IV<br \/>&nbsp;<br \/>Kateg\u00f3ria: Katonai<br \/>&nbsp;<br \/>This Kit Contains: SLUBAN M38-B0693<br \/>&nbsp;<br \/>543 pcs Good Quality Bricks&nbsp;<br \/>&nbsp;<br \/>Size: 19.7cm<br \/>&nbsp;<br \/>K\u00e9zi utas\u00edt\u00e1sok&nbsp;<br \/>&nbsp;<br \/>\ud83d\udcccA f\u0151szerepl\u0151 term\u00e9szete&nbsp;<br \/>&nbsp;<br \/>Introducing our proud collection named \u201cPanzer IV\u201d you should not miss.&nbsp;<br \/>&nbsp;<br \/>The Panzer IV was initially designed as an infantry support tank, but it evolved throughout the war to fulfill various roles, including direct combat against enemy tanks. It featured a relatively large turret with a 75mm main gun, which provided it with effective firepower against both enemy armor and infantry positions. The tank also had secondary armaments such as machine guns for anti-infantry defense. During its production lifespan, the Panzer IV underwent several upgrades and modifications, resulting in different variants. These variants included changes in armor thickness, suspension systems, and engine improvements. Some versions were equipped with additional armor, making them more resistant to enemy fire.<\/div>","protected":false},"excerpt":{"rendered":"<p>M\u00e1rka: Sluban<br \/>\nNem: Uniszex<br \/>\nKoroszt\u00e1ly: &gt; 6 \u00e9v<br \/>\nModel Number: M38-B0693<br \/>\nBesorol\u00e1s: \u00d6sszeszerel\u00e9s<br \/>\nM\u0171anyag blokk forma: \u00f6nz\u00e1r\u00f3 t\u00e9gla<br \/>\nAnyaga: M\u0171anyag<br \/>\nM\u0171anyag t\u00edpus: ABS<br \/>\nBricks Blocks: 543 +<br \/>\nEredeti doboza nincs<\/p>","protected":false},"featured_media":45833,"comment_status":"open","ping_status":"closed","template":"","meta":{"_acf_changed":false},"product_cat":[1350,1357,372,364],"product_tag":[374,11421,485,389,8235],"class_list":["product","first","instock","shipping-taxable","purchasable","product-type-simple"],"acf":[],"_links":{"self":[{"href":"https:\/\/mouldking.store\/hu\/wp-json\/wp\/v2\/product\/45836","targetHints":{"allow":["GET"]}}],"collection":[{"href":"https:\/\/mouldking.store\/hu\/wp-json\/wp\/v2\/product"}],"about":[{"href":"https:\/\/mouldking.store\/hu\/wp-json\/wp\/v2\/types\/product"}],"replies":[{"embeddable":true,"href":"https:\/\/mouldking.store\/hu\/wp-json\/wp\/v2\/comments?post=45836"}],"wp:featuredmedia":[{"embeddable":true,"href":"https:\/\/mouldking.store\/hu\/wp-json\/wp\/v2\/media\/45833"}],"wp:attachment":[{"href":"https:\/\/mouldking.store\/hu\/wp-json\/wp\/v2\/media?parent=45836"}],"wp:term":[{"taxonomy":"product_cat","embeddable":true,"href":"https:\/\/mouldking.store\/hu\/wp-json\/wp\/v2\/product_cat?post=45836"},{"taxonomy":"product_tag","embeddable":true,"href":"https:\/\/mouldking.store\/hu\/wp-json\/wp\/v2\/product_tag?post=45836"}],"curies":[{"name":"wp","href":"https:\/\/api.w.org\/{rel}","templated":true}]}}