{"id":45856,"date":"2023-05-25T15:38:09","date_gmt":"2023-05-25T08:38:09","guid":{"rendered":"https:\/\/mouldking.store\/shop\/sluban-m38-b0685-gaz-half-track-with-243-pieces\/"},"modified":"2023-05-25T15:38:09","modified_gmt":"2023-05-25T08:38:09","slug":"sluban-m38-b0685-gaz-half-track-with-243-pieces","status":"publish","type":"product","link":"https:\/\/mouldking.store\/hu\/shop\/sluban-m38-b0685-gaz-half-track-with-243-pieces\/","title":{"rendered":"Sluban M38-B0685 GAZ f\u00e9ll\u00e1nctalpas 243 darabos"},"content":{"rendered":"<div>\u2705 SLUBAN M38-B0685 GAZ f\u00e9ll\u00e1nctalpas<br \/>&nbsp;<br \/>\u2705A GAZ f\u00e9ll\u00e1nctalpas, m\u00e1s n\u00e9ven GAZ-60 vagy GAZ-61, egy katonai j\u00e1rm\u0171 volt, amelyet a Szovjetuni\u00f3 gy\u00e1rtott a m\u00e1sodik vil\u00e1gh\u00e1bor\u00fa alatt. A GAZ (Gorkij Aut\u00f3gy\u00e1r) fejlesztette ki, \u00e9s sokoldal\u00fa sz\u00e1ll\u00edt\u00f3j\u00e1rm\u0171nek sz\u00e1nt\u00e1k, amely k\u00e9pes volt a kih\u00edv\u00e1st jelent\u0151 terepen val\u00f3 lek\u00fczd\u00e9sre. A GAZ f\u00e9ll\u00e1nctalpas a GAZ-AAA teheraut\u00f3 alv\u00e1z\u00e1n alapult, az els\u0151 kerekeket megtartva a korm\u00e1nyz\u00e1shoz, a h\u00e1ts\u00f3 kerekeket pedig l\u00e1nctalpakkal helyettes\u00edtett\u00e9k. Ez a konfigur\u00e1ci\u00f3 lehet\u0151v\u00e9 tette a j\u00e1rm\u0171 jobb tapad\u00e1st \u00e9s man\u0151verezhet\u0151s\u00e9get neh\u00e9z fel\u00fcleteken, p\u00e9ld\u00e1ul h\u00f3ban, s\u00e1rban vagy egyenetlen terepen.<br \/>&nbsp;<br \/>\ud83d\udeab FONTOS!&nbsp;<br \/>&nbsp;<br \/>Term\u00e9k neve: GAZ f\u00e9ll\u00e1nctalpas<br \/>&nbsp;<br \/>Kateg\u00f3ria: Katonai<br \/>&nbsp;<br \/>A k\u00e9szlet tartalma: SLUBAN M38-B0685<br \/>&nbsp;<br \/>243 db j\u00f3 min\u0151s\u00e9g\u0171 t\u00e9gla&nbsp;<br \/>&nbsp;<br \/>M\u00e9ret: 14,8 cm<br \/>&nbsp;<br \/>K\u00e9zi utas\u00edt\u00e1sok&nbsp;<br \/>&nbsp;<br \/>\ud83d\udcccA f\u0151szerepl\u0151 term\u00e9szete&nbsp;<br \/>&nbsp;<br \/>Bemutatjuk b\u00fcszke kollekci\u00f3nkat, a \u201eGAZ Half Track\u201d-et, amit nem szabad kihagynod.&nbsp;<br \/>&nbsp;<br \/>A GAZ f\u00e9ll\u00e1nctalpas j\u00e1rm\u0171vet els\u0151sorban sz\u00e1ll\u00edt\u00e1si c\u00e9lokra haszn\u00e1lt\u00e1k, k\u00fcl\u00f6n\u00f6sen olyan kih\u00edv\u00e1st jelent\u0151 k\u00f6r\u00fclm\u00e9nyek k\u00f6z\u00f6tt, ahol a hagyom\u00e1nyos kerekes j\u00e1rm\u0171vek nehezen boldogultak volna. K\u00e9pes volt csapatokat, felszerel\u00e9st \u00e9s ell\u00e1tm\u00e1nyt sz\u00e1ll\u00edtani k\u00fcl\u00f6nf\u00e9le terepeken, mobilit\u00e1st \u00e9s t\u00e1mogat\u00e1st biztos\u00edtva harci helyzetekben. A j\u00e1rm\u0171 nyitott tetej\u0171 kialak\u00edt\u00e1s\u00fa volt, ami lehet\u0151v\u00e9 tette a k\u00f6nny\u0171 hozz\u00e1f\u00e9r\u00e9st \u00e9s a rakom\u00e1ny vagy a szem\u00e9lyzet gyors be- \u00e9s kirakod\u00e1s\u00e1t. Viszonylag egyszer\u0171 fel\u00e9p\u00edt\u00e9s\u0171 volt, el\u00f6l elhelyezett motorral \u00e9s h\u00e1tul rakt\u00e9rrel. B\u00e1r a GAZ f\u00e9ll\u00e1nctalpas j\u00e1rm\u0171 szerepet j\u00e1tszott a szovjet katonai m\u0171veletekben a m\u00e1sodik vil\u00e1gh\u00e1bor\u00fa alatt, nem gy\u00e1rtott\u00e1k vagy haszn\u00e1lt\u00e1k olyan sz\u00e9les k\u00f6rben, mint m\u00e1s f\u00e9ll\u00e1nctalpas j\u00e1rm\u0171veket, mint p\u00e9ld\u00e1ul a n\u00e9met Sd.Kfz. 251 vagy az amerikai M3 f\u00e9ll\u00e1nctalpas j\u00e1rm\u0171vet. Bizonyos helyzetekben azonban \u00e9rt\u00e9kes eszk\u00f6znek bizonyult, ahol l\u00e1nctalpas kialak\u00edt\u00e1sa el\u0151ny\u00f6ket biztos\u00edtott a kih\u00edv\u00e1st jelent\u0151 terepen.<\/div>","protected":false},"excerpt":{"rendered":"<p>M\u00e1rka: Sluban<br \/>\nNem: Uniszex<br \/>\nKoroszt\u00e1ly: &gt; 6 \u00e9v<br \/>\nModellsz\u00e1m: M38-B0685<br \/>\nBesorol\u00e1s: \u00d6sszeszerel\u00e9s<br \/>\nM\u0171anyag blokk forma: \u00f6nz\u00e1r\u00f3 t\u00e9gla<br \/>\nAnyaga: M\u0171anyag<br \/>\nM\u0171anyag t\u00edpus: ABS<br \/>\nT\u00e9gl\u00e1k Blokkok: 243 +<br \/>\nEredeti doboza nincs<\/p>","protected":false},"featured_media":45851,"comment_status":"open","ping_status":"closed","template":"","meta":{"_acf_changed":false},"product_cat":[1350,1357,372,364],"product_tag":[11968,374,389,466],"class_list":["product","first","instock","shipping-taxable","purchasable","product-type-simple"],"acf":[],"_links":{"self":[{"href":"https:\/\/mouldking.store\/hu\/wp-json\/wp\/v2\/product\/45856","targetHints":{"allow":["GET"]}}],"collection":[{"href":"https:\/\/mouldking.store\/hu\/wp-json\/wp\/v2\/product"}],"about":[{"href":"https:\/\/mouldking.store\/hu\/wp-json\/wp\/v2\/types\/product"}],"replies":[{"embeddable":true,"href":"https:\/\/mouldking.store\/hu\/wp-json\/wp\/v2\/comments?post=45856"}],"wp:featuredmedia":[{"embeddable":true,"href":"https:\/\/mouldking.store\/hu\/wp-json\/wp\/v2\/media\/45851"}],"wp:attachment":[{"href":"https:\/\/mouldking.store\/hu\/wp-json\/wp\/v2\/media?parent=45856"}],"wp:term":[{"taxonomy":"product_cat","embeddable":true,"href":"https:\/\/mouldking.store\/hu\/wp-json\/wp\/v2\/product_cat?post=45856"},{"taxonomy":"product_tag","embeddable":true,"href":"https:\/\/mouldking.store\/hu\/wp-json\/wp\/v2\/product_tag?post=45856"}],"curies":[{"name":"wp","href":"https:\/\/api.w.org\/{rel}","templated":true}]}}