{"id":45927,"date":"2023-05-25T15:47:38","date_gmt":"2023-05-25T08:47:38","guid":{"rendered":"https:\/\/mouldking.store\/shop\/mould-king-13128-motor-dodge-hellcat-super-car-with-1678-pieces\/"},"modified":"2023-05-25T15:47:38","modified_gmt":"2023-05-25T08:47:38","slug":"mould-king-13128-motor-dodge-hellcat-super-car-with-1678-pieces","status":"publish","type":"product","link":"https:\/\/mouldking.store\/hu\/shop\/mould-king-13128-motor-dodge-hellcat-super-car-with-1678-pieces\/","title":{"rendered":"MOULD KING 13128 Motor Dodge Hellcat Super Car with 1678 Pieces"},"content":{"rendered":"<div>\u2705 Mould King 13128 Dodge Hellcat Super Car<br \/>&nbsp;<br \/>\u2705The Dodge Hellcat is a high-performance sports car produced by the American automaker, Dodge. The Hellcat is part of the Dodge Challenger and Dodge Charger lineups and is known for its incredible power and speed. The &#8220;Hellcat&#8221; name is derived from the supercharged HEMI V8 engine that powers these vehicles.<br \/>&nbsp;<br \/>\ud83d\udeab FONTOS!&nbsp;<br \/>&nbsp;<br \/>Product Name: Dodge Hellcat Super Car<br \/>&nbsp;<br \/>Kateg\u00f3ria: M\u0171szaki<br \/>&nbsp;<br \/>This Kit Contains: Mould King 13128<br \/>&nbsp;<br \/>1678 pcs Good Quality Bricks&nbsp;<br \/>&nbsp;<br \/>Size:&nbsp; 47 \u00d7 22.3 \u00d7 13.2 cm<br \/>&nbsp;<br \/>K\u00e9zi utas\u00edt\u00e1sok&nbsp;<br \/>&nbsp;<br \/>\ud83d\udcccA f\u0151szerepl\u0151 term\u00e9szete&nbsp;<br \/>&nbsp;<br \/>Introducing our proud collection named \u201cDodge Hellcat Super Car\u201d you should not miss.&nbsp;<br \/>&nbsp;<br \/>The Dodge Hellcat features a 6.2-liter supercharged HEMI V8 engine that produces an astonishing amount of power. In its standard configuration, the engine delivers 707 horsepower and 650 lb-ft of torque, making it one of the most powerful production cars on the market. However, there have been even more powerful variants introduced in later years, such as the Dodge Challenger SRT Super Stock, which produces 807 horsepower. The Hellcat models are rear-wheel drive and are equipped with a range of high-performance features, including upgraded suspension, brakes, and aerodynamics. They offer a thrilling driving experience with quick acceleration and impressive top speeds. The Hellcat is also known for its aggressive and muscular exterior design, featuring distinctive styling cues and wide bodywork to accommodate its performance enhancements.<\/div>","protected":false},"excerpt":{"rendered":"<p>M\u00e1rka: MOLD KING<br \/>\nNem: Uniszex<br \/>\nKoroszt\u00e1ly: 8 \u00e9v felett<br \/>\nModel Number: 13128<br \/>\nBesorol\u00e1s: \u00d6sszeszerel\u00e9s<br \/>\nM\u0171anyag blokk forma: \u00f6nz\u00e1r\u00f3 t\u00e9gla<br \/>\nAnyaga: M\u0171anyag<br \/>\nM\u0171anyag t\u00edpus: ABS<br \/>\nBricks Blocks: 1678 +<br \/>\nMotorral<br \/>\nEredeti doboza nincs<\/p>","protected":false},"featured_media":45921,"comment_status":"open","ping_status":"closed","template":"","meta":{"_acf_changed":false},"product_cat":[1360,1357,364],"product_tag":[457,10882,11973,11089,389,11080],"class_list":["product","first","instock","shipping-taxable","purchasable","product-type-simple"],"acf":[],"_links":{"self":[{"href":"https:\/\/mouldking.store\/hu\/wp-json\/wp\/v2\/product\/45927","targetHints":{"allow":["GET"]}}],"collection":[{"href":"https:\/\/mouldking.store\/hu\/wp-json\/wp\/v2\/product"}],"about":[{"href":"https:\/\/mouldking.store\/hu\/wp-json\/wp\/v2\/types\/product"}],"replies":[{"embeddable":true,"href":"https:\/\/mouldking.store\/hu\/wp-json\/wp\/v2\/comments?post=45927"}],"wp:featuredmedia":[{"embeddable":true,"href":"https:\/\/mouldking.store\/hu\/wp-json\/wp\/v2\/media\/45921"}],"wp:attachment":[{"href":"https:\/\/mouldking.store\/hu\/wp-json\/wp\/v2\/media?parent=45927"}],"wp:term":[{"taxonomy":"product_cat","embeddable":true,"href":"https:\/\/mouldking.store\/hu\/wp-json\/wp\/v2\/product_cat?post=45927"},{"taxonomy":"product_tag","embeddable":true,"href":"https:\/\/mouldking.store\/hu\/wp-json\/wp\/v2\/product_tag?post=45927"}],"curies":[{"name":"wp","href":"https:\/\/api.w.org\/{rel}","templated":true}]}}