{"id":45940,"date":"2023-05-25T15:52:15","date_gmt":"2023-05-25T08:52:15","guid":{"rendered":"https:\/\/mouldking.store\/shop\/joytoy-jt4324-dark-source-jianghu-crown-prince-of-king-jing-kai-zhao-with-1-pieces\/"},"modified":"2023-05-25T15:52:15","modified_gmt":"2023-05-25T08:52:15","slug":"joytoy-jt4324-dark-source-jianghu-crown-prince-of-king-jing-kai-zhao-with-1-pieces","status":"publish","type":"product","link":"https:\/\/mouldking.store\/hu\/shop\/joytoy-jt4324-dark-source-jianghu-crown-prince-of-king-jing-kai-zhao-with-1-pieces\/","title":{"rendered":"Joytoy JT4324 Dark Source-Jianghu Crown Prince of King Jing Kai Zhao with 1 Pieces"},"content":{"rendered":"<div>\u2705 JOYTOY JT4324 Dark Source-Jianghu Crown Prince of King Jing Kai Zhao<br \/>&nbsp;<br \/>\u2705The Dark Source toy line by JOYTOY features a range of military-themed action figures set in a futuristic sci-fi universe.&nbsp;<br \/>&nbsp;<br \/>\ud83d\udeab FONTOS!&nbsp;<br \/>&nbsp;<br \/>Product Name:&nbsp; Dark Source-Jianghu Crown Prince of King Jing Kai Zhao<br \/>&nbsp;<br \/>Kateg\u00f3ria: Alkot\u00f3&nbsp;<br \/>&nbsp;<br \/>This Kit Contains:&nbsp; JOYTOY JT4324<br \/>&nbsp;<br \/>1 pcs Good Quality Bricks&nbsp;<br \/>&nbsp;<br \/>M\u00e9rete: 12 cm<br \/>&nbsp;<br \/>K\u00e9zi utas\u00edt\u00e1sok&nbsp;<br \/>&nbsp;<br \/>\ud83d\udcccA f\u0151szerepl\u0151 term\u00e9szete&nbsp;<br \/>&nbsp;<br \/>Introducing our proud collection named \u201cDark Source-Jianghu Crown Prince of King Jing Kai Zhao\u201d you should not miss.&nbsp;<br \/>&nbsp;<br \/>The JT4324 figure represents the character &#8220;Jianghu Crown Prince of King Jing Kai Zhao&#8221; within that toy line. It is a highly detailed and articulated action figure designed for collectors and fans of the Dark Source series.<\/div>","protected":false},"excerpt":{"rendered":"<p>M\u00e1rka: Joytoy<br \/>\nNem: Uniszex<br \/>\nKoroszt\u00e1ly: &gt; 6 \u00e9v<br \/>\nModel Number: JT4324<br \/>\nBesorol\u00e1s: \u00d6sszeszerel\u00e9s<br \/>\nM\u0171anyag blokk forma: \u00f6nz\u00e1r\u00f3 t\u00e9gla<br \/>\nAnyaga: M\u0171anyag<br \/>\nM\u0171anyag t\u00edpus: ABS<br \/>\nBricks Blocks: 1 +<br \/>\nEredeti doboza nincs<\/p>","protected":false},"featured_media":45935,"comment_status":"open","ping_status":"closed","template":"","meta":{"_acf_changed":false},"product_cat":[1365,371,372,390,581,6016,415,364],"product_tag":[11072,8452,11974,11975,9925,11607],"class_list":["product","first","instock","shipping-taxable","purchasable","product-type-simple"],"acf":[],"_links":{"self":[{"href":"https:\/\/mouldking.store\/hu\/wp-json\/wp\/v2\/product\/45940","targetHints":{"allow":["GET"]}}],"collection":[{"href":"https:\/\/mouldking.store\/hu\/wp-json\/wp\/v2\/product"}],"about":[{"href":"https:\/\/mouldking.store\/hu\/wp-json\/wp\/v2\/types\/product"}],"replies":[{"embeddable":true,"href":"https:\/\/mouldking.store\/hu\/wp-json\/wp\/v2\/comments?post=45940"}],"wp:featuredmedia":[{"embeddable":true,"href":"https:\/\/mouldking.store\/hu\/wp-json\/wp\/v2\/media\/45935"}],"wp:attachment":[{"href":"https:\/\/mouldking.store\/hu\/wp-json\/wp\/v2\/media?parent=45940"}],"wp:term":[{"taxonomy":"product_cat","embeddable":true,"href":"https:\/\/mouldking.store\/hu\/wp-json\/wp\/v2\/product_cat?post=45940"},{"taxonomy":"product_tag","embeddable":true,"href":"https:\/\/mouldking.store\/hu\/wp-json\/wp\/v2\/product_tag?post=45940"}],"curies":[{"name":"wp","href":"https:\/\/api.w.org\/{rel}","templated":true}]}}