{"id":46032,"date":"2023-05-25T16:59:52","date_gmt":"2023-05-25T09:59:52","guid":{"rendered":"https:\/\/mouldking.store\/shop\/moc-factory-89364-garten-of-banban-3-hunky-jake-with-155-pieces\/"},"modified":"2025-12-16T22:24:57","modified_gmt":"2025-12-16T15:24:57","slug":"moc-factory-89364-garten-of-banban-3-hunky-jake-with-155-pieces","status":"publish","type":"product","link":"https:\/\/mouldking.store\/hu\/shop\/moc-factory-89364-garten-of-banban-3-hunky-jake-with-155-pieces\/","title":{"rendered":"MOC Factory 89364 Garten of Banban 3 Hunky Jake 155 darabbal"},"content":{"rendered":"<div>\u2705 MOC-89364 Garten of Banban 3 Hunky Jake<\/p>\n<p>\u2705Explore the abandoned levels of Banban&#8217;s Kindergarten. Survive the residents of the establishment that was left suspiciously empty. Uncover the truth behind the place, and find the whereabouts of your missing child.\u00ad The game starts with an elevator crash to a subfloor that brings the player to the Ground Level.<\/p>\n<p>\ud83d\udeab FONTOS!<\/p>\n<p>Product Name: Garten of Banban 3 Hunky Jake<\/p>\n<p>Kateg\u00f3ria: Film<\/p>\n<p>This Kit Contains: C9556Y02<\/p>\n<p>155 pcs Good Quality Bricks<\/p>\n<p>Size: 13.3 x 3.1 x 11.9 cm<\/p>\n<p>Weight: 0.08 kg<\/p>\n<p>PDF \u00datmutat\u00f3<\/p>\n<p>\ud83d\udcccA f\u0151szerepl\u0151 term\u00e9szete<\/p>\n<p>Introducing our proud collection named \u201cGarten of Banban 3 Hunky Jake\u201d you should not miss.<\/p>\n<p>Hunky Jake is a gorilla, he makes his appearance in chapter 4. He resembles a gorilla with his mouth open. His full body is covered by Coach Pickles. In his new appearance, he&#8217;s slightly red now. It is unknown if this was intentional. In his old appearance, he\u2019s slightly magenta. In his monster form, he has a builders hat now and he has no legs and he&#8217;s the same color as his old design. He\u2019s the only character in Garten of Banban which is a gorilla made by Buggy Huggy.<\/p><\/div>","protected":false},"excerpt":{"rendered":"<p>M\u00e1rka: MOC Factory<br \/>\nNem: Uniszex<br \/>\nKoroszt\u00e1ly: &gt; 6 \u00e9v<br \/>\nModel Number: 89364<br \/>\nBesorol\u00e1s: \u00d6sszeszerel\u00e9s<br \/>\nM\u0171anyag blokk forma: \u00f6nz\u00e1r\u00f3 t\u00e9gla<br \/>\nAnyaga: M\u0171anyag<br \/>\nM\u0171anyag t\u00edpus: ABS<br \/>\nBricks Blocks: 155 +<br \/>\nEredeti doboza nincs<\/p>","protected":false},"featured_media":46025,"comment_status":"open","ping_status":"closed","template":"","meta":{"_acf_changed":false},"product_cat":[1365,371],"product_tag":[11110,11475,11072,8452,9139,11474,11991],"class_list":["product","first","instock","shipping-taxable","purchasable","product-type-simple"],"acf":[],"_links":{"self":[{"href":"https:\/\/mouldking.store\/hu\/wp-json\/wp\/v2\/product\/46032","targetHints":{"allow":["GET"]}}],"collection":[{"href":"https:\/\/mouldking.store\/hu\/wp-json\/wp\/v2\/product"}],"about":[{"href":"https:\/\/mouldking.store\/hu\/wp-json\/wp\/v2\/types\/product"}],"replies":[{"embeddable":true,"href":"https:\/\/mouldking.store\/hu\/wp-json\/wp\/v2\/comments?post=46032"}],"wp:featuredmedia":[{"embeddable":true,"href":"https:\/\/mouldking.store\/hu\/wp-json\/wp\/v2\/media\/46025"}],"wp:attachment":[{"href":"https:\/\/mouldking.store\/hu\/wp-json\/wp\/v2\/media?parent=46032"}],"wp:term":[{"taxonomy":"product_cat","embeddable":true,"href":"https:\/\/mouldking.store\/hu\/wp-json\/wp\/v2\/product_cat?post=46032"},{"taxonomy":"product_tag","embeddable":true,"href":"https:\/\/mouldking.store\/hu\/wp-json\/wp\/v2\/product_tag?post=46032"}],"curies":[{"name":"wp","href":"https:\/\/api.w.org\/{rel}","templated":true}]}}