{"id":46085,"date":"2023-05-25T18:13:19","date_gmt":"2023-05-25T11:13:19","guid":{"rendered":"https:\/\/mouldking.store\/shop\/moc-factory-89358-garten-of-banban-3-snappy-cow-with-183-pieces\/"},"modified":"2025-12-16T22:24:57","modified_gmt":"2025-12-16T15:24:57","slug":"moc-factory-89358-garten-of-banban-3-snappy-cow-with-183-pieces","status":"publish","type":"product","link":"https:\/\/mouldking.store\/hu\/shop\/moc-factory-89358-garten-of-banban-3-snappy-cow-with-183-pieces\/","title":{"rendered":"MOC Factory 89358 Garten of Banban 3 Snappy Cow with 183 Pieces"},"content":{"rendered":"<div>\u2705 MOC-89358 Garten of Banban 3 Snappy Cow<\/p>\n<p>\u2705Explore the abandoned levels of Banban&#8217;s Kindergarten. Survive the residents of the establishment that was left suspiciously empty. Uncover the truth behind the place, and find the whereabouts of your missing child The game starts with an elevator crash to a subfloor that brings the player to the Ground Level.<\/p>\n<p>\ud83d\udeab FONTOS!<\/p>\n<p>Product Name: Garten of Banban 3 Snappy Cow<\/p>\n<p>Kateg\u00f3ria: Film<\/p>\n<p>This Kit Contains: C9563Y04<\/p>\n<p>183 pcs Good Quality Bricks<\/p>\n<p>Size:&nbsp; 16.5 x 8.7 x 14.7 cm<\/p>\n<p>S\u00faly: 0,12 kg<\/p>\n<p>PDF \u00datmutat\u00f3<\/p>\n<p>\ud83d\udcccA f\u0151szerepl\u0151 term\u00e9szete<\/p>\n<p>Introducing our proud collection named \u201cGarten of Banban 3 Snappy Cow\u201d you should not miss.<\/p>\n<p>He resembles a cow but he doesn&#8217;t barely even look like a cow. He has the tongue out like Banban, he has horns, and he has a blockhead.<\/p><\/div>","protected":false},"excerpt":{"rendered":"<p>M\u00e1rka: MOC Factory<br \/>\nNem: Uniszex<br \/>\nKoroszt\u00e1ly: &gt; 6 \u00e9v<br \/>\nModel Number: 89358<br \/>\nBesorol\u00e1s: \u00d6sszeszerel\u00e9s<br \/>\nM\u0171anyag blokk forma: \u00f6nz\u00e1r\u00f3 t\u00e9gla<br \/>\nAnyaga: M\u0171anyag<br \/>\nM\u0171anyag t\u00edpus: ABS<br \/>\nBricks Blocks: 183 +<br \/>\nEredeti doboza nincs<\/p>","protected":false},"featured_media":46079,"comment_status":"open","ping_status":"closed","template":"","meta":{"_acf_changed":false},"product_cat":[1365,371,581,1408],"product_tag":[11110,11475,6954,11072,8452,9139,11474,434,11999],"class_list":["product","first","instock","shipping-taxable","purchasable","product-type-simple"],"acf":[],"_links":{"self":[{"href":"https:\/\/mouldking.store\/hu\/wp-json\/wp\/v2\/product\/46085","targetHints":{"allow":["GET"]}}],"collection":[{"href":"https:\/\/mouldking.store\/hu\/wp-json\/wp\/v2\/product"}],"about":[{"href":"https:\/\/mouldking.store\/hu\/wp-json\/wp\/v2\/types\/product"}],"replies":[{"embeddable":true,"href":"https:\/\/mouldking.store\/hu\/wp-json\/wp\/v2\/comments?post=46085"}],"wp:featuredmedia":[{"embeddable":true,"href":"https:\/\/mouldking.store\/hu\/wp-json\/wp\/v2\/media\/46079"}],"wp:attachment":[{"href":"https:\/\/mouldking.store\/hu\/wp-json\/wp\/v2\/media?parent=46085"}],"wp:term":[{"taxonomy":"product_cat","embeddable":true,"href":"https:\/\/mouldking.store\/hu\/wp-json\/wp\/v2\/product_cat?post=46085"},{"taxonomy":"product_tag","embeddable":true,"href":"https:\/\/mouldking.store\/hu\/wp-json\/wp\/v2\/product_tag?post=46085"}],"curies":[{"name":"wp","href":"https:\/\/api.w.org\/{rel}","templated":true}]}}