{"id":46107,"date":"2023-05-25T18:47:42","date_gmt":"2023-05-25T11:47:42","guid":{"rendered":"https:\/\/mouldking.store\/shop\/moc-factory-89355-garten-of-banban-3-skelly-agni-with-176-pieces\/"},"modified":"2025-12-16T22:24:57","modified_gmt":"2025-12-16T15:24:57","slug":"moc-factory-89355-garten-of-banban-3-skelly-agni-with-176-pieces","status":"publish","type":"product","link":"https:\/\/mouldking.store\/hu\/shop\/moc-factory-89355-garten-of-banban-3-skelly-agni-with-176-pieces\/","title":{"rendered":"MOC Factory 89355 Garten of Banban 3 Skelly Agni with 176 Pieces"},"content":{"rendered":"<div>\u2705 MOC-89355 Garten of Banban 3 Skelly Agni<\/p>\n<p>\u2705Explore the abandoned levels of Banban&#8217;s Kindergarten. Survive the residents of the establishment that was left suspiciously empty. Uncover the truth behind the place, and find the whereabouts of your missing child. The game starts with an elevator crash to a subfloor that brings the player to the Ground Level.&nbsp;<\/p>\n<p>\ud83d\udeab FONTOS!<\/p>\n<p>Product Name: Garten of Banban 3 Skelly Agni<\/p>\n<p>Kateg\u00f3ria: Film<\/p>\n<p>This Kit Contains: C9563Y07<\/p>\n<p>176 db j\u00f3 min\u0151s\u00e9g\u0171 t\u00e9gla<\/p>\n<p>Size: 15.3 x 3.8 x 15.3 cm<\/p>\n<p>S\u00faly: 0,09 kg<\/p>\n<p>PDF \u00datmutat\u00f3<\/p>\n<p>\ud83d\udcccA f\u0151szerepl\u0151 term\u00e9szete<\/p>\n<p>Introducing our proud collection named \u201cGarten of Banban 3 Skelly Agni\u201d you should not miss.<\/p>\n<p>Skelly Agni is a character, that likes a human skeleton, that consists of a Head, neck, arms, ribs, shoulders, hips legs, and feet. It has a shell around him. In his eyes a two blue flames. It has a heart in its body.<\/p><\/div>","protected":false},"excerpt":{"rendered":"<p>M\u00e1rka: MOC Factory<br \/>\nNem: Uniszex<br \/>\nKoroszt\u00e1ly: &gt; 6 \u00e9v<br \/>\nModel Number: 89355<br \/>\nBesorol\u00e1s: \u00d6sszeszerel\u00e9s<br \/>\nM\u0171anyag blokk forma: \u00f6nz\u00e1r\u00f3 t\u00e9gla<br \/>\nAnyaga: M\u0171anyag<br \/>\nM\u0171anyag t\u00edpus: ABS<br \/>\nT\u00e9gl\u00e1k Blokkok: 176 +<br \/>\nEredeti doboza nincs<\/p>","protected":false},"featured_media":46101,"comment_status":"open","ping_status":"closed","template":"","meta":{"_acf_changed":false},"product_cat":[1365,371],"product_tag":[12005,11475,11072,8452,9139,11474,12004],"class_list":["product","first","instock","shipping-taxable","purchasable","product-type-simple"],"acf":[],"_links":{"self":[{"href":"https:\/\/mouldking.store\/hu\/wp-json\/wp\/v2\/product\/46107","targetHints":{"allow":["GET"]}}],"collection":[{"href":"https:\/\/mouldking.store\/hu\/wp-json\/wp\/v2\/product"}],"about":[{"href":"https:\/\/mouldking.store\/hu\/wp-json\/wp\/v2\/types\/product"}],"replies":[{"embeddable":true,"href":"https:\/\/mouldking.store\/hu\/wp-json\/wp\/v2\/comments?post=46107"}],"wp:featuredmedia":[{"embeddable":true,"href":"https:\/\/mouldking.store\/hu\/wp-json\/wp\/v2\/media\/46101"}],"wp:attachment":[{"href":"https:\/\/mouldking.store\/hu\/wp-json\/wp\/v2\/media?parent=46107"}],"wp:term":[{"taxonomy":"product_cat","embeddable":true,"href":"https:\/\/mouldking.store\/hu\/wp-json\/wp\/v2\/product_cat?post=46107"},{"taxonomy":"product_tag","embeddable":true,"href":"https:\/\/mouldking.store\/hu\/wp-json\/wp\/v2\/product_tag?post=46107"}],"curies":[{"name":"wp","href":"https:\/\/api.w.org\/{rel}","templated":true}]}}