{"id":46122,"date":"2023-05-25T18:58:56","date_gmt":"2023-05-25T11:58:56","guid":{"rendered":"https:\/\/mouldking.store\/shop\/moc-factory-89353-garten-of-banban-3-mouse-tom-with-109-pieces\/"},"modified":"2025-12-16T22:24:56","modified_gmt":"2025-12-16T15:24:56","slug":"moc-factory-89353-garten-of-banban-3-mouse-tom-with-109-pieces","status":"publish","type":"product","link":"https:\/\/mouldking.store\/hu\/shop\/moc-factory-89353-garten-of-banban-3-mouse-tom-with-109-pieces\/","title":{"rendered":"MOC Factory 89353 Garten of Banban 3 Mouse Tom with 109 Pieces"},"content":{"rendered":"<div>\u2705 MOC-89353 Garten of Banban 3 Mouse Tom<\/p>\n<p>\u2705Explore the abandoned levels of Banban&#8217;s Kindergarten. Survive the residents of the establishment that was left suspiciously empty. Uncover the truth behind the place, and find the whereabouts of your missing child The game starts with an elevator crash to a subfloor that brings the player to the Ground Level.<\/p>\n<p>\ud83d\udeab FONTOS!<\/p>\n<p>Product Name: Garten of Banban 3 Mouse Tom<\/p>\n<p>Kateg\u00f3ria: Film<\/p>\n<p>This Kit Contains: C9564Y02<\/p>\n<p>109 pcs Good Quality Bricks<\/p>\n<p>Size: 8 x 6.2 x 13.6 cm<\/p>\n<p>Weight: 0.05 kg<\/p>\n<p>PDF \u00datmutat\u00f3<\/p>\n<p>\ud83d\udcccA f\u0151szerepl\u0151 term\u00e9szete<\/p>\n<p>Introducing our proud collection named \u201cGarten of Banban 3 Mouse Tom\u201d you should not miss.<\/p>\n<p>He has white eyes. It is like a giant blue mouse with big ears and a long (for the mouse) neck. In her\/his deception, their eyes were black in the description with cheese on top of their head. His name is a nod to Tom and Jerry<\/p><\/div>","protected":false},"excerpt":{"rendered":"<p>M\u00e1rka: MOC Factory<br \/>\nNem: Uniszex<br \/>\nKoroszt\u00e1ly: &gt; 6 \u00e9v<br \/>\nModel Number: 89353<br \/>\nBesorol\u00e1s: \u00d6sszeszerel\u00e9s<br \/>\nM\u0171anyag blokk forma: \u00f6nz\u00e1r\u00f3 t\u00e9gla<br \/>\nAnyaga: M\u0171anyag<br \/>\nM\u0171anyag t\u00edpus: ABS<br \/>\nBricks Blocks: 109 +<br \/>\nEredeti doboza nincs<\/p>","protected":false},"featured_media":46116,"comment_status":"open","ping_status":"closed","template":"","meta":{"_acf_changed":false},"product_cat":[1365,371],"product_tag":[11110,11475,11072,8452,9139,11474,4463,12006],"class_list":["product","first","instock","shipping-taxable","purchasable","product-type-simple"],"acf":[],"_links":{"self":[{"href":"https:\/\/mouldking.store\/hu\/wp-json\/wp\/v2\/product\/46122","targetHints":{"allow":["GET"]}}],"collection":[{"href":"https:\/\/mouldking.store\/hu\/wp-json\/wp\/v2\/product"}],"about":[{"href":"https:\/\/mouldking.store\/hu\/wp-json\/wp\/v2\/types\/product"}],"replies":[{"embeddable":true,"href":"https:\/\/mouldking.store\/hu\/wp-json\/wp\/v2\/comments?post=46122"}],"wp:featuredmedia":[{"embeddable":true,"href":"https:\/\/mouldking.store\/hu\/wp-json\/wp\/v2\/media\/46116"}],"wp:attachment":[{"href":"https:\/\/mouldking.store\/hu\/wp-json\/wp\/v2\/media?parent=46122"}],"wp:term":[{"taxonomy":"product_cat","embeddable":true,"href":"https:\/\/mouldking.store\/hu\/wp-json\/wp\/v2\/product_cat?post=46122"},{"taxonomy":"product_tag","embeddable":true,"href":"https:\/\/mouldking.store\/hu\/wp-json\/wp\/v2\/product_tag?post=46122"}],"curies":[{"name":"wp","href":"https:\/\/api.w.org\/{rel}","templated":true}]}}