{"id":46138,"date":"2023-05-25T19:10:12","date_gmt":"2023-05-25T12:10:12","guid":{"rendered":"https:\/\/mouldking.store\/shop\/moc-factory-89351-garten-of-banban-3-mommy-flowey-with-128-pieces\/"},"modified":"2025-12-16T22:24:56","modified_gmt":"2025-12-16T15:24:56","slug":"moc-factory-89351-garten-of-banban-3-mommy-flowey-with-128-pieces","status":"publish","type":"product","link":"https:\/\/mouldking.store\/hu\/shop\/moc-factory-89351-garten-of-banban-3-mommy-flowey-with-128-pieces\/","title":{"rendered":"MOC Factory 89351 Garten of Banban 3 Mommy Flowey with 128 Pieces"},"content":{"rendered":"<div>\u2705 MOC-89351 Garten of Banban 3 Mommy Flowey<\/p>\n<p>\u2705Explore the abandoned levels of Banban&#8217;s Kindergarten. Survive the residents of the establishment that was left suspiciously empty. Uncover the truth behind the place, and find the whereabouts of your missing child. The game starts with an elevator crash to a subfloor that brings the player to the Ground Level.&nbsp;<\/p>\n<p>\ud83d\udeab FONTOS!<\/p>\n<p>Product Name: Garten of Banban 3 Mommy Flowey<\/p>\n<p>Kateg\u00f3ria: Film<\/p>\n<p>This Kit Contains: C9564Y04<\/p>\n<p>128 pcs Good Quality Bricks<\/p>\n<p>Size: 9.9 x 6 x 23.3 cm<\/p>\n<p>S\u00faly: 0,06 kg<\/p>\n<p>PDF \u00datmutat\u00f3<\/p>\n<p>\ud83d\udcccA f\u0151szerepl\u0151 term\u00e9szete<\/p>\n<p>Introducing our proud collection named \u201cGarten of Banban 3 Mommy Flowey\u201d you should not miss.<\/p>\n<p>She resembles a daisy but with a body and she has pink petals, a happy smile with eyes, and a flower necklace. She&#8217;s also seen holding a watering can and green tentacles. She likes corn<\/p><\/div>","protected":false},"excerpt":{"rendered":"<p>M\u00e1rka: MOC Factory<br \/>\nNem: Uniszex<br \/>\nKoroszt\u00e1ly: &gt; 6 \u00e9v<br \/>\nModel Number: 89351<br \/>\nBesorol\u00e1s: \u00d6sszeszerel\u00e9s<br \/>\nM\u0171anyag blokk forma: \u00f6nz\u00e1r\u00f3 t\u00e9gla<br \/>\nAnyaga: M\u0171anyag<br \/>\nM\u0171anyag t\u00edpus: ABS<br \/>\nBricks Blocks: 128 +<br \/>\nEredeti doboza nincs<\/p>","protected":false},"featured_media":46131,"comment_status":"open","ping_status":"closed","template":"","meta":{"_acf_changed":false},"product_cat":[1365,371],"product_tag":[11475,11072,8452,12009,9139,11474],"class_list":["product","first","instock","shipping-taxable","purchasable","product-type-simple"],"acf":[],"_links":{"self":[{"href":"https:\/\/mouldking.store\/hu\/wp-json\/wp\/v2\/product\/46138","targetHints":{"allow":["GET"]}}],"collection":[{"href":"https:\/\/mouldking.store\/hu\/wp-json\/wp\/v2\/product"}],"about":[{"href":"https:\/\/mouldking.store\/hu\/wp-json\/wp\/v2\/types\/product"}],"replies":[{"embeddable":true,"href":"https:\/\/mouldking.store\/hu\/wp-json\/wp\/v2\/comments?post=46138"}],"wp:featuredmedia":[{"embeddable":true,"href":"https:\/\/mouldking.store\/hu\/wp-json\/wp\/v2\/media\/46131"}],"wp:attachment":[{"href":"https:\/\/mouldking.store\/hu\/wp-json\/wp\/v2\/media?parent=46138"}],"wp:term":[{"taxonomy":"product_cat","embeddable":true,"href":"https:\/\/mouldking.store\/hu\/wp-json\/wp\/v2\/product_cat?post=46138"},{"taxonomy":"product_tag","embeddable":true,"href":"https:\/\/mouldking.store\/hu\/wp-json\/wp\/v2\/product_tag?post=46138"}],"curies":[{"name":"wp","href":"https:\/\/api.w.org\/{rel}","templated":true}]}}