{"id":46154,"date":"2023-05-26T10:03:03","date_gmt":"2023-05-26T03:03:03","guid":{"rendered":"https:\/\/mouldking.store\/shop\/joytoy-jt4355-dark-source-jianghu-taichang-sect-xushan-he-with-1-pieces\/"},"modified":"2023-05-26T10:03:03","modified_gmt":"2023-05-26T03:03:03","slug":"joytoy-jt4355-dark-source-jianghu-taichang-sect-xushan-he-with-1-pieces","status":"publish","type":"product","link":"https:\/\/mouldking.store\/hu\/shop\/joytoy-jt4355-dark-source-jianghu-taichang-sect-xushan-he-with-1-pieces\/","title":{"rendered":"Joytoy JT4355 Dark Source-Jianghu Taichang Sect Xushan He with 1 Pieces"},"content":{"rendered":"<div>\u2705 JOYTOY JT4355 Dark Source-Jianghu Taichang Sect Xushan He<br \/>&nbsp;<br \/>\ud83d\udeab FONTOS!&nbsp;<br \/>&nbsp;<br \/>Product Name: Dark Source-Jianghu Taichang Sect Xushan He<br \/>&nbsp;<br \/>Kateg\u00f3ria: Alkot\u00f3&nbsp;<br \/>&nbsp;<br \/>This Kit Contains:&nbsp; JOYTOY JT4355<br \/>&nbsp;<br \/>1 pcs Good Quality Bricks&nbsp;<br \/>&nbsp;<br \/>M\u00e9rete: 12 cm<br \/>&nbsp;<br \/>K\u00e9zi utas\u00edt\u00e1sok&nbsp;<br \/>&nbsp;<br \/>\ud83d\udcccA f\u0151szerepl\u0151 term\u00e9szete&nbsp;<br \/>&nbsp;<br \/>Introducing our proud collection named \u201cDark Source-Jianghu Taichang Sect Xushan He\u201d you should not miss.&nbsp;<br \/>&nbsp;<br \/>A capable master in the Taichang Sect, Xushan He acts as a mentor and confidant to his pupils and companions. Don&#8217;t mistake his kind nature for weakness though; Xushan He has proven his abilites on countless battlefields.<\/div>","protected":false},"excerpt":{"rendered":"<p>M\u00e1rka: Joytoy<br \/>\nNem: Uniszex<br \/>\nKoroszt\u00e1ly: &gt; 6 \u00e9v<br \/>\nModel Number: JT4355<br \/>\nBesorol\u00e1s: \u00d6sszeszerel\u00e9s<br \/>\nM\u0171anyag blokk forma: \u00f6nz\u00e1r\u00f3 t\u00e9gla<br \/>\nAnyaga: M\u0171anyag<br \/>\nM\u0171anyag t\u00edpus: ABS<br \/>\nBricks Blocks: 1 +<br \/>\nEredeti doboza nincs<br \/>\nEl\u0151v\u00e9tel<\/p>","protected":false},"featured_media":46149,"comment_status":"open","ping_status":"closed","template":"","meta":{"_acf_changed":false},"product_cat":[1365,1373,371],"product_tag":[11072,8452,12010,12015,12011,12013,12012,12014],"class_list":["product","first","instock","shipping-taxable","purchasable","product-type-simple"],"acf":[],"_links":{"self":[{"href":"https:\/\/mouldking.store\/hu\/wp-json\/wp\/v2\/product\/46154","targetHints":{"allow":["GET"]}}],"collection":[{"href":"https:\/\/mouldking.store\/hu\/wp-json\/wp\/v2\/product"}],"about":[{"href":"https:\/\/mouldking.store\/hu\/wp-json\/wp\/v2\/types\/product"}],"replies":[{"embeddable":true,"href":"https:\/\/mouldking.store\/hu\/wp-json\/wp\/v2\/comments?post=46154"}],"wp:featuredmedia":[{"embeddable":true,"href":"https:\/\/mouldking.store\/hu\/wp-json\/wp\/v2\/media\/46149"}],"wp:attachment":[{"href":"https:\/\/mouldking.store\/hu\/wp-json\/wp\/v2\/media?parent=46154"}],"wp:term":[{"taxonomy":"product_cat","embeddable":true,"href":"https:\/\/mouldking.store\/hu\/wp-json\/wp\/v2\/product_cat?post=46154"},{"taxonomy":"product_tag","embeddable":true,"href":"https:\/\/mouldking.store\/hu\/wp-json\/wp\/v2\/product_tag?post=46154"}],"curies":[{"name":"wp","href":"https:\/\/api.w.org\/{rel}","templated":true}]}}