{"id":46161,"date":"2023-05-26T10:08:07","date_gmt":"2023-05-26T03:08:07","guid":{"rendered":"https:\/\/mouldking.store\/shop\/joytoy-jt4362-tiekui-dual-pilot-mecha-with-1-pieces\/"},"modified":"2023-05-26T10:08:07","modified_gmt":"2023-05-26T03:08:07","slug":"joytoy-jt4362-tiekui-dual-pilot-mecha-with-1-pieces","status":"publish","type":"product","link":"https:\/\/mouldking.store\/hu\/shop\/joytoy-jt4362-tiekui-dual-pilot-mecha-with-1-pieces\/","title":{"rendered":"Joytoy JT4362 Tiekui Dual Pilot Mecha with 1 Pieces"},"content":{"rendered":"<div>\u2705 JOYTOY JT4362 Tiekui Dual Pilot Mecha<br \/>&nbsp;<br \/>\u2705The Tiekui Dual Pilot Mecha is a fictional mecha (giant robotic suit) from the JOYTOY Dark Source-Jianghu toy line. JOYTOY is a Chinese manufacturer known for producing highly detailed and articulated action figures and mecha models.<br \/>&nbsp;<br \/>\ud83d\udeab FONTOS!&nbsp;<br \/>&nbsp;<br \/>Product Name: Tiekui Dual Pilot Mecha<br \/>&nbsp;<br \/>Kateg\u00f3ria: Alkot\u00f3&nbsp;<br \/>&nbsp;<br \/>This Kit Contains: JOYTOY JT4362<br \/>&nbsp;<br \/>1 pcs Good Quality Bricks&nbsp;<br \/>&nbsp;<br \/>M\u00e9rete: 20 cm<br \/>&nbsp;<br \/>K\u00e9zi utas\u00edt\u00e1sok&nbsp;<br \/>&nbsp;<br \/>\ud83d\udcccA f\u0151szerepl\u0151 term\u00e9szete&nbsp;<br \/>&nbsp;<br \/>Introducing our proud collection named \u201cTiekui Dual Pilot Mecha\u201d you should not miss.&nbsp;<br \/>&nbsp;<br \/>The Tiekui Dual Pilot Mecha is a specific model within the Dark Source-Jianghu series. It typically features a sleek and futuristic design with various weapons and accessories. The term &#8220;Dual Pilot&#8221; suggests that this mecha requires two operators to control it effectively.<\/div>","protected":false},"excerpt":{"rendered":"<p>M\u00e1rka: Joytoy<br \/>\nNem: Uniszex<br \/>\nKoroszt\u00e1ly: &gt; 6 \u00e9v<br \/>\nModel Number: JT4362<br \/>\nBesorol\u00e1s: \u00d6sszeszerel\u00e9s<br \/>\nM\u0171anyag blokk forma: \u00f6nz\u00e1r\u00f3 t\u00e9gla<br \/>\nAnyaga: M\u0171anyag<br \/>\nM\u0171anyag t\u00edpus: ABS<br \/>\nBricks Blocks: 1 +<br \/>\nEredeti doboza nincs<br \/>\nEl\u0151v\u00e9tel<\/p>","protected":false},"featured_media":46155,"comment_status":"open","ping_status":"closed","template":"","meta":{"_acf_changed":false},"product_cat":[1365,371],"product_tag":[11072,8452,12017,9302,12018,12016],"class_list":["product","first","instock","shipping-taxable","purchasable","product-type-simple"],"acf":[],"_links":{"self":[{"href":"https:\/\/mouldking.store\/hu\/wp-json\/wp\/v2\/product\/46161","targetHints":{"allow":["GET"]}}],"collection":[{"href":"https:\/\/mouldking.store\/hu\/wp-json\/wp\/v2\/product"}],"about":[{"href":"https:\/\/mouldking.store\/hu\/wp-json\/wp\/v2\/types\/product"}],"replies":[{"embeddable":true,"href":"https:\/\/mouldking.store\/hu\/wp-json\/wp\/v2\/comments?post=46161"}],"wp:featuredmedia":[{"embeddable":true,"href":"https:\/\/mouldking.store\/hu\/wp-json\/wp\/v2\/media\/46155"}],"wp:attachment":[{"href":"https:\/\/mouldking.store\/hu\/wp-json\/wp\/v2\/media?parent=46161"}],"wp:term":[{"taxonomy":"product_cat","embeddable":true,"href":"https:\/\/mouldking.store\/hu\/wp-json\/wp\/v2\/product_cat?post=46161"},{"taxonomy":"product_tag","embeddable":true,"href":"https:\/\/mouldking.store\/hu\/wp-json\/wp\/v2\/product_tag?post=46161"}],"curies":[{"name":"wp","href":"https:\/\/api.w.org\/{rel}","templated":true}]}}