{"id":46196,"date":"2023-05-26T10:46:05","date_gmt":"2023-05-26T03:46:05","guid":{"rendered":"https:\/\/mouldking.store\/shop\/joytoy-jt4461-corvus-belli-armata-2-proyekt-marauders-ranger-unit-2-with-1-pieces\/"},"modified":"2023-05-26T10:46:05","modified_gmt":"2023-05-26T03:46:05","slug":"joytoy-jt4461-corvus-belli-armata-2-proyekt-marauders-ranger-unit-2-with-1-pieces","status":"publish","type":"product","link":"https:\/\/mouldking.store\/hu\/shop\/joytoy-jt4461-corvus-belli-armata-2-proyekt-marauders-ranger-unit-2-with-1-pieces\/","title":{"rendered":"Joytoy JT4461 Corvus Belli Armata-2 Proyekt Marauders Ranger Unit 2 with 1 Pieces"},"content":{"rendered":"<div>\u2705 JOYTOY JT4461 Corvus Belli Armata-2 Proyekt Marauders Ranger Unit 2<br \/>&nbsp;<br \/>\u2705JOYTOY produces a range of highly detailed and articulated action figures, including product line from Corvus Belli&#8217;s Infinity tabletop wargame.<br \/>&nbsp;<br \/>\ud83d\udeab FONTOS!&nbsp;<br \/>&nbsp;<br \/>Product Name: Corvus Belli Armata-2 Proyekt Marauders Ranger Unit 2<br \/>&nbsp;<br \/>Kateg\u00f3ria: Alkot\u00f3&nbsp;<br \/>&nbsp;<br \/>This Kit Contains:&nbsp; JOYTOY JT4461&nbsp;<br \/>&nbsp;<br \/>1 pcs Good Quality Bricks&nbsp;<br \/>&nbsp;<br \/>M\u00e9rete: 10,5 cm<br \/>&nbsp;<br \/>K\u00e9zi utas\u00edt\u00e1sok&nbsp;<br \/>&nbsp;<br \/>\ud83d\udcccA f\u0151szerepl\u0151 term\u00e9szete&nbsp;<br \/>&nbsp;<br \/>Introducing our proud collection named \u201cCorvus Belli Armata-2 Proyekt Marauders Ranger Unit 2\u201d you should not miss.&nbsp;<br \/>&nbsp;<br \/>Corvus Belli is a Spanish company known for its tabletop wargame called Infinity. In Infinity, players control factions composed of various units with distinct abilities and roles.&nbsp;<\/div>","protected":false},"excerpt":{"rendered":"<p>M\u00e1rka: Joytoy<br \/>\nNem: Uniszex<br \/>\nKoroszt\u00e1ly: &gt; 6 \u00e9v<br \/>\nModel Number: JT4461<br \/>\nBesorol\u00e1s: \u00d6sszeszerel\u00e9s<br \/>\nM\u0171anyag blokk forma: \u00f6nz\u00e1r\u00f3 t\u00e9gla<br \/>\nAnyaga: M\u0171anyag<br \/>\nM\u0171anyag t\u00edpus: ABS<br \/>\nBricks Blocks: 1 +<br \/>\nEredeti doboza nincs<\/p>","protected":false},"featured_media":46192,"comment_status":"open","ping_status":"closed","template":"","meta":{"_acf_changed":false},"product_cat":[1365,371],"product_tag":[12029,12028,12027,11072,8452,12026,12032,12030,12031],"class_list":["product","first","instock","shipping-taxable","purchasable","product-type-simple"],"acf":[],"_links":{"self":[{"href":"https:\/\/mouldking.store\/hu\/wp-json\/wp\/v2\/product\/46196","targetHints":{"allow":["GET"]}}],"collection":[{"href":"https:\/\/mouldking.store\/hu\/wp-json\/wp\/v2\/product"}],"about":[{"href":"https:\/\/mouldking.store\/hu\/wp-json\/wp\/v2\/types\/product"}],"replies":[{"embeddable":true,"href":"https:\/\/mouldking.store\/hu\/wp-json\/wp\/v2\/comments?post=46196"}],"wp:featuredmedia":[{"embeddable":true,"href":"https:\/\/mouldking.store\/hu\/wp-json\/wp\/v2\/media\/46192"}],"wp:attachment":[{"href":"https:\/\/mouldking.store\/hu\/wp-json\/wp\/v2\/media?parent=46196"}],"wp:term":[{"taxonomy":"product_cat","embeddable":true,"href":"https:\/\/mouldking.store\/hu\/wp-json\/wp\/v2\/product_cat?post=46196"},{"taxonomy":"product_tag","embeddable":true,"href":"https:\/\/mouldking.store\/hu\/wp-json\/wp\/v2\/product_tag?post=46196"}],"curies":[{"name":"wp","href":"https:\/\/api.w.org\/{rel}","templated":true}]}}