{"id":46214,"date":"2023-05-26T11:09:50","date_gmt":"2023-05-26T04:09:50","guid":{"rendered":"https:\/\/mouldking.store\/shop\/joytoy-jt4447-corvus-belli-armata-2-proyekt-heavy-shotgun-ratnik-with-1-pieces\/"},"modified":"2023-05-26T11:09:50","modified_gmt":"2023-05-26T04:09:50","slug":"joytoy-jt4447-corvus-belli-armata-2-proyekt-heavy-shotgun-ratnik-with-1-pieces","status":"publish","type":"product","link":"https:\/\/mouldking.store\/hu\/shop\/joytoy-jt4447-corvus-belli-armata-2-proyekt-heavy-shotgun-ratnik-with-1-pieces\/","title":{"rendered":"Joytoy JT4447 Corvus Belli Armata-2 Proyekt Heavy Shotgun RATNIK with 1 Pieces"},"content":{"rendered":"<div>\u2705 JOYTOY JT4447 Corvus Belli Armata-2 Proyekt Heavy Shotgun RATNIK<br \/>&nbsp;<br \/>\u2705Corvus Belli is the company behind the tabletop wargame Infinity, while JOYTOY produces action figures and toys.<br \/>&nbsp;<br \/>\ud83d\udeab FONTOS!&nbsp;<br \/>&nbsp;<br \/>Product Name: Corvus Belli Armata-2 Proyekt Heavy Shotgun RATNIK<br \/>&nbsp;<br \/>Kateg\u00f3ria: Alkot\u00f3&nbsp;<br \/>&nbsp;<br \/>This Kit Contains: JOYTOY JT4447<br \/>&nbsp;<br \/>1 pcs Good Quality Bricks&nbsp;<br \/>&nbsp;<br \/>Size: 19.3 cm<br \/>&nbsp;<br \/>K\u00e9zi utas\u00edt\u00e1sok&nbsp;<br \/>&nbsp;<br \/>\ud83d\udcccA f\u0151szerepl\u0151 term\u00e9szete&nbsp;<br \/>&nbsp;<br \/>Introducing our proud collection named \u201cCorvus Belli Armata-2 Proyekt Heavy Shotgun RATNIK\u201d you should not miss.&nbsp;<br \/>&nbsp;<br \/>The Ratnik program is a modernization initiative by the Russian military to equip their soldiers with advanced gear and equipment. It includes various components such as body armor, helmets, communication systems, and weapons<\/div>","protected":false},"excerpt":{"rendered":"<p>M\u00e1rka: Joytoy<br \/>\nNem: Uniszex<br \/>\nKoroszt\u00e1ly: &gt; 6 \u00e9v<br \/>\nModel Number: JT4447<br \/>\nBesorol\u00e1s: \u00d6sszeszerel\u00e9s<br \/>\nM\u0171anyag blokk forma: \u00f6nz\u00e1r\u00f3 t\u00e9gla<br \/>\nAnyaga: M\u0171anyag<br \/>\nM\u0171anyag t\u00edpus: ABS<br \/>\nBricks Blocks: 1 +<br \/>\nEredeti doboza nincs<br \/>\nEl\u0151v\u00e9tel<\/p>","protected":false},"featured_media":46208,"comment_status":"open","ping_status":"closed","template":"","meta":{"_acf_changed":false},"product_cat":[1365,371],"product_tag":[12029,12028,12027,11072,8452,12026,12030,12034,12033],"class_list":["product","first","instock","shipping-taxable","purchasable","product-type-simple"],"acf":[],"_links":{"self":[{"href":"https:\/\/mouldking.store\/hu\/wp-json\/wp\/v2\/product\/46214","targetHints":{"allow":["GET"]}}],"collection":[{"href":"https:\/\/mouldking.store\/hu\/wp-json\/wp\/v2\/product"}],"about":[{"href":"https:\/\/mouldking.store\/hu\/wp-json\/wp\/v2\/types\/product"}],"replies":[{"embeddable":true,"href":"https:\/\/mouldking.store\/hu\/wp-json\/wp\/v2\/comments?post=46214"}],"wp:featuredmedia":[{"embeddable":true,"href":"https:\/\/mouldking.store\/hu\/wp-json\/wp\/v2\/media\/46208"}],"wp:attachment":[{"href":"https:\/\/mouldking.store\/hu\/wp-json\/wp\/v2\/media?parent=46214"}],"wp:term":[{"taxonomy":"product_cat","embeddable":true,"href":"https:\/\/mouldking.store\/hu\/wp-json\/wp\/v2\/product_cat?post=46214"},{"taxonomy":"product_tag","embeddable":true,"href":"https:\/\/mouldking.store\/hu\/wp-json\/wp\/v2\/product_tag?post=46214"}],"curies":[{"name":"wp","href":"https:\/\/api.w.org\/{rel}","templated":true}]}}