{"id":46227,"date":"2023-05-26T11:22:26","date_gmt":"2023-05-26T04:22:26","guid":{"rendered":"https:\/\/mouldking.store\/shop\/joytoy-jt4515jt4522jt4539-adepta-sororitas-battle-sisters-order-of-the-bloody-rose-sister-with-3-pieces\/"},"modified":"2023-05-26T11:22:26","modified_gmt":"2023-05-26T04:22:26","slug":"joytoy-jt4515jt4522jt4539-adepta-sororitas-battle-sisters-order-of-the-bloody-rose-sister-with-3-pieces","status":"publish","type":"product","link":"https:\/\/mouldking.store\/hu\/shop\/joytoy-jt4515jt4522jt4539-adepta-sororitas-battle-sisters-order-of-the-bloody-rose-sister-with-3-pieces\/","title":{"rendered":"Joytoy JT4515+JT4522+JT4539 Adepta Sororitas Battle Sisters Order of the Bloody Rose Sister with 3 Pieces"},"content":{"rendered":"<div>\u2705 JOYTOY JT4515+JT4522+JT4539 Adepta Sororitas Battle Sisters Order of the Bloody Rose Sister<br \/>&nbsp;<br \/>\u2705The Adepta Sororitas Battle Sisters of the Order of the Bloody Rose are a specific faction within the Adepta Sororitas, also known as the Sisters of Battle, in the Warhammer 40,000 universe. The Order of the Bloody Rose is one of the many Orders Militant of the Adepta Sororitas and has its own distinct characteristics and traditions.<br \/>&nbsp;<br \/>\ud83d\udeab FONTOS!&nbsp;<br \/>&nbsp;<br \/>Product Name: Adepta Sororitas Battle Sisters Order of the Bloody Rose Sister<br \/>&nbsp;<br \/>Kateg\u00f3ria: Alkot\u00f3&nbsp;<br \/>&nbsp;<br \/>This Kit Contains:&nbsp; JOYTOY JT4515+JT4522+JT4539<br \/>&nbsp;<br \/>3 pcs Good Quality Bricks&nbsp;<br \/>&nbsp;<br \/>Size: 13.6cm<br \/>&nbsp;<br \/>K\u00e9zi utas\u00edt\u00e1sok&nbsp;<br \/>&nbsp;<br \/>\ud83d\udcccA f\u0151szerepl\u0151 term\u00e9szete&nbsp;<br \/>&nbsp;<br \/>Introducing our proud collection named \u201cAdepta Sororitas Battle Sisters Order of the Bloody Rose Sister\u201d you should not miss.&nbsp;<br \/>&nbsp;<br \/>The Battle Sisters of the Order of the Bloody Rose are known for their fierce devotion to combat and unwavering zeal in the service of the Emperor. They are often characterized by their red armor and fervent faith. The Bloody Rose Order is particularly focused on close-quarters combat and melee prowess, valuing the use of chainswords, power swords, and other close-combat weaponry.<\/div>","protected":false},"excerpt":{"rendered":"<p>M\u00e1rka: Joytoy<br \/>\nNem: Uniszex<br \/>\nKoroszt\u00e1ly: &gt; 6 \u00e9v<br \/>\nModel Number: JT4515+JT4522+JT4539<br \/>\nBesorol\u00e1s: \u00d6sszeszerel\u00e9s<br \/>\nM\u0171anyag blokk forma: \u00f6nz\u00e1r\u00f3 t\u00e9gla<br \/>\nAnyaga: M\u0171anyag<br \/>\nM\u0171anyag t\u00edpus: ABS<br \/>\nBricks Blocks: 3 +<br \/>\nEredeti doboza nincs<\/p>","protected":false},"featured_media":46222,"comment_status":"open","ping_status":"closed","template":"","meta":{"_acf_changed":false},"product_cat":[1365,371],"product_tag":[11827,9077,12036,11072,8452,10868,12021,11828,11824],"class_list":["product","first","instock","shipping-taxable","purchasable","product-type-simple"],"acf":[],"_links":{"self":[{"href":"https:\/\/mouldking.store\/hu\/wp-json\/wp\/v2\/product\/46227","targetHints":{"allow":["GET"]}}],"collection":[{"href":"https:\/\/mouldking.store\/hu\/wp-json\/wp\/v2\/product"}],"about":[{"href":"https:\/\/mouldking.store\/hu\/wp-json\/wp\/v2\/types\/product"}],"replies":[{"embeddable":true,"href":"https:\/\/mouldking.store\/hu\/wp-json\/wp\/v2\/comments?post=46227"}],"wp:featuredmedia":[{"embeddable":true,"href":"https:\/\/mouldking.store\/hu\/wp-json\/wp\/v2\/media\/46222"}],"wp:attachment":[{"href":"https:\/\/mouldking.store\/hu\/wp-json\/wp\/v2\/media?parent=46227"}],"wp:term":[{"taxonomy":"product_cat","embeddable":true,"href":"https:\/\/mouldking.store\/hu\/wp-json\/wp\/v2\/product_cat?post=46227"},{"taxonomy":"product_tag","embeddable":true,"href":"https:\/\/mouldking.store\/hu\/wp-json\/wp\/v2\/product_tag?post=46227"}],"curies":[{"name":"wp","href":"https:\/\/api.w.org\/{rel}","templated":true}]}}